{"id":4772,"date":"2020-01-28T11:18:19","date_gmt":"2020-01-28T09:18:19","guid":{"rendered":"http:\/\/jacquesleonard.com\/bibliography\/"},"modified":"2020-01-31T12:33:02","modified_gmt":"2020-01-31T10:33:02","slug":"bibliography","status":"publish","type":"page","link":"https:\/\/www.jacquesleonard.com\/en\/bibliography\/","title":{"rendered":"Bibliography"},"content":{"rendered":"<p>[et_pb_section fb_built=&#8221;1&#8243; admin_label=&#8221;Bibliografia&#8221; _builder_version=&#8221;3.26&#8243; min_height=&#8221;100px&#8221;][et_pb_row _builder_version=&#8221;3.26&#8243; background_enable_color=&#8221;off&#8221;][et_pb_column type=&#8221;4_4&#8243; _builder_version=&#8221;3.26&#8243;][et_pb_text admin_label=&#8221;Bibliografia&#8221; _builder_version=&#8221;3.26&#8243; text_font=&#8221;|300|||||||&#8221; header_font=&#8221;|300|||||||&#8221; header_text_color=&#8221;#ffffff&#8221;]<\/p>\n<h2 class=\"p1\"><span class=\"s1\" style=\"color: #47748e;\">Bibliography\u00a0<\/span><\/h2>\n<p>[\/et_pb_text][et_pb_divider color=&#8221;#47748e&#8221; _builder_version=&#8221;3.26&#8243;][\/et_pb_divider][\/et_pb_column][\/et_pb_row][et_pb_row column_structure=&#8221;1_4,1_4,1_4,1_4&#8243; _builder_version=&#8221;3.26&#8243;][et_pb_column type=&#8221;1_4&#8243; _builder_version=&#8221;3.26&#8243;][et_pb_image src=&#8221;http:\/\/jacquesleonard.com\/wp-content\/uploads\/2020\/01\/thebulls-01-2.jpg&#8221; align=&#8221;right&#8221; admin_label=&#8221;Imatge The Bulls&#8221; _builder_version=&#8221;3.26&#8243;][\/et_pb_image][\/et_pb_column][et_pb_column type=&#8221;1_4&#8243; _builder_version=&#8221;3.26&#8243;][et_pb_text admin_label=&#8221;Les Taureaux&#8221; _builder_version=&#8221;3.26&#8243;]<span style=\"color: #47748e;\"><strong>Les Taureaux &#8211; The Bulls<br \/>\n<\/strong><\/span><strong>Jacques L\u00e9onard (text)<\/strong><br \/>\n<strong>Galle, Gonshani, \u00a0Jacques L\u00e9onard, Mateo and Valls, (photographs)<\/strong><br \/>\n<strong> Xavier Blanch, Jos\u00e9 Granyer i Josep Maria Prim \u00a0(illustration)<\/strong><br \/>\nEditorial Barna,<br \/>\nBarcelona, 1956<br \/>\n[\/et_pb_text][\/et_pb_column][et_pb_column type=&#8221;1_4&#8243; _builder_version=&#8221;3.26&#8243;][et_pb_image src=&#8221;http:\/\/jacquesleonard.com\/wp-content\/uploads\/2019\/09\/Montserrat.jpg&#8221; align=&#8221;right&#8221; admin_label=&#8221;Imatge Montserrat&#8221; _builder_version=&#8221;3.26&#8243;][\/et_pb_image][\/et_pb_column][et_pb_column type=&#8221;1_4&#8243; _builder_version=&#8221;3.26&#8243;][et_pb_text admin_label=&#8221;Montserrat&#8221; _builder_version=&#8221;3.26&#8243;]<span style=\"color: #47748e;\"><strong>Montserrat<br \/>\n<\/strong><\/span><strong>Jacques L\u00e9onard (photographs)<br \/>\n<\/strong>Editorial Barna,<br \/>\nBarcelona, 1958[\/et_pb_text][\/et_pb_column][\/et_pb_row][et_pb_row column_structure=&#8221;1_4,1_4,1_4,1_4&#8243; _builder_version=&#8221;3.26&#8243;][et_pb_column type=&#8221;1_4&#8243; _builder_version=&#8221;3.26&#8243;][et_pb_image src=&#8221;http:\/\/jacquesleonard.com\/wp-content\/uploads\/2019\/09\/Menorca-e1568012213736.jpg&#8221; align=&#8221;right&#8221; admin_label=&#8221;Imatge menorca&#8221; _builder_version=&#8221;3.26&#8243;][\/et_pb_image][\/et_pb_column][et_pb_column type=&#8221;1_4&#8243; _builder_version=&#8221;3.26&#8243;][et_pb_text admin_label=&#8221;Menorca&#8221; _builder_version=&#8221;3.26&#8243;]<span style=\"color: #47748e;\"><strong>Menorca, l\u2019illa desconeguda<br \/>\n<\/strong><\/span><strong>Rubi\u00f3 Tudur\u00ed, M.LL. Serra and J. Hern\u00e1ndez Mora (texts) and Jacques L\u00e9onard (photographs)<br \/>\n<\/strong>Editorial Barna,<br \/>\nBarcelona, 1964[\/et_pb_text][\/et_pb_column][et_pb_column type=&#8221;1_4&#8243; _builder_version=&#8221;3.26&#8243;][et_pb_image src=&#8221;http:\/\/jacquesleonard.com\/wp-content\/uploads\/2019\/09\/Barcelona-gitana-e1568012262654.jpg&#8221; align=&#8221;right&#8221; admin_label=&#8221;Imatge Barcelona Gitana&#8221; _builder_version=&#8221;3.26&#8243;][\/et_pb_image][\/et_pb_column][et_pb_column type=&#8221;1_4&#8243; _builder_version=&#8221;3.26&#8243;][et_pb_text admin_label=&#8221;Barcelona Gitana&#8221; _builder_version=&#8221;3.26&#8243;]<span style=\"color: #47748e;\"><strong>Barcelona Gitana, 1954-1974<br \/>\n<\/strong><\/span><strong>Jordi Calafell\u00a0and Jes\u00fas Ulled (texts)<br \/>\nJacques L\u00e9onard (photographs)<br \/>\n<\/strong>La F\u00e1brica Editorial and Ajuntament de Barcelona, 2011.[\/et_pb_text][\/et_pb_column][\/et_pb_row][et_pb_row column_structure=&#8221;1_4,1_4,1_4,1_4&#8243; _builder_version=&#8221;3.26&#8243;][et_pb_column type=&#8221;1_4&#8243; _builder_version=&#8221;3.26&#8243;][et_pb_image src=&#8221;http:\/\/jacquesleonard.com\/wp-content\/uploads\/2019\/09\/Mitad-payo-mitad-gitano-e1568012306699.jpeg&#8221; align=&#8221;right&#8221; admin_label=&#8221;imatge Mitad payo, mitad gitano&#8221; _builder_version=&#8221;3.26&#8243;][\/et_pb_image][\/et_pb_column][et_pb_column type=&#8221;1_4&#8243; _builder_version=&#8221;3.26&#8243;][et_pb_text admin_label=&#8221;Mitad payo, mitad gitano&#8221; _builder_version=&#8221;3.26&#8243;]<span style=\"color: #47748e;\"><strong>Mitad payo, mitad gitano<br \/>\n<\/strong><\/span><strong>Jes\u00fas Ulled<\/strong><strong><br \/>\n<\/strong>Edicions Destino, S.A.,<br \/>\nBarcelona, 2012[\/et_pb_text][\/et_pb_column][et_pb_column type=&#8221;1_4&#8243; _builder_version=&#8221;3.26&#8243;][et_pb_image src=&#8221;http:\/\/jacquesleonard.com\/wp-content\/uploads\/2019\/11\/Cata\u0300leg-Vila-Casas.jpg&#8221; align=&#8221;right&#8221; admin_label=&#8221;Imatge exposici\u00f3 Barcelona Gitana&#8221; _builder_version=&#8221;3.26&#8243;][\/et_pb_image][\/et_pb_column][et_pb_column type=&#8221;1_4&#8243; _builder_version=&#8221;3.26&#8243;][et_pb_text admin_label=&#8221;exposici\u00f3 Barcelona Gitana&#8221; _builder_version=&#8221;3.26&#8243;]<span style=\"color: #47748e;\"><strong>Catalogue of the Barcelona Roma Community Exhibit<\/strong><\/span><em>.<br \/>\n<\/em><strong>Jordi Calafell\u00a0and Maria Planas (texts)<\/strong><em><br \/>\n<\/em>Fundaci\u00f3 Vila Casas, 2016[\/et_pb_text][\/et_pb_column][\/et_pb_row][et_pb_row column_structure=&#8221;1_4,1_4,1_4,1_4&#8243; _builder_version=&#8221;3.26&#8243;][et_pb_column type=&#8221;1_4&#8243; _builder_version=&#8221;3.26&#8243;][et_pb_image src=&#8221;http:\/\/jacquesleonard.com\/wp-content\/uploads\/2019\/09\/Mondes-Tsiganes-e1568012398367.jpg&#8221; align=&#8221;right&#8221; admin_label=&#8221;Imatge Mondes tsiganes&#8221; _builder_version=&#8221;3.26&#8243;][\/et_pb_image][\/et_pb_column][et_pb_column type=&#8221;1_4&#8243; _builder_version=&#8221;3.26&#8243;][et_pb_text admin_label=&#8221;Mondes tsiganes&#8221; _builder_version=&#8221;3.26&#8243;]<span style=\"color: #47748e;\"><strong>Mondes tsiganes. Une histoire photographique, 1860-1980<br \/>\n<\/strong><\/span><strong>Ilsen About, Mathieu Pernot and Ad\u00e8le Sutre<\/strong><strong><br \/>\n<\/strong>Mus\u00e9e National de l\u2019histoire de l\u2019immigration-Actes Sud,<br \/>\nParis, 2018.[\/et_pb_text][\/et_pb_column][et_pb_column type=&#8221;1_4&#8243; _builder_version=&#8221;3.26&#8243;][et_pb_image src=&#8221;http:\/\/jacquesleonard.com\/wp-content\/uploads\/2019\/09\/Les-musiciens-gitans-e1568012452467.jpg&#8221; align=&#8221;right&#8221; admin_label=&#8221;Imatge Les musiciens&#8221; _builder_version=&#8221;3.26&#8243;][\/et_pb_image][\/et_pb_column][et_pb_column type=&#8221;1_4&#8243; _builder_version=&#8221;3.26&#8243;][et_pb_text admin_label=&#8221;Les musiciens&#8221; _builder_version=&#8221;3.26&#8243;]<span style=\"color: #47748e;\"><strong>Les musiciens gitans de la rumba<br \/>\n<\/strong><\/span><strong>Guy Bertrand<\/strong><strong><br \/>\n<\/strong>Editions de la Flandonni\u00e8re,<br \/>\nSant Saturnin, France, 2018[\/et_pb_text][\/et_pb_column][\/et_pb_row][\/et_pb_section]<\/p>\n","protected":false},"excerpt":{"rendered":"<p>Bibliography\u00a0Les Taureaux &#8211; The Bulls Jacques L\u00e9onard (text) Galle, Gonshani, \u00a0Jacques L\u00e9onard, Mateo and Valls, (photographs) Xavier Blanch, Jos\u00e9 Granyer i Josep Maria Prim \u00a0(illustration) Editorial Barna, Barcelona, 1956 Montserrat Jacques L\u00e9onard (photographs) Editorial Barna, Barcelona, 1958Menorca, l\u2019illa desconeguda Rubi\u00f3 Tudur\u00ed, M.LL. Serra and J. Hern\u00e1ndez Mora (texts) and Jacques L\u00e9onard (photographs) Editorial Barna, Barcelona, [&hellip;]<\/p>\n","protected":false},"author":1,"featured_media":0,"parent":0,"menu_order":0,"comment_status":"closed","ping_status":"closed","template":"","meta":{"_et_pb_use_builder":"on","_et_pb_old_content":"","_et_gb_content_width":"","footnotes":""},"class_list":["post-4772","page","type-page","status-publish","hentry"],"_links":{"self":[{"href":"https:\/\/www.jacquesleonard.com\/en\/wp-json\/wp\/v2\/pages\/4772","targetHints":{"allow":["GET"]}}],"collection":[{"href":"https:\/\/www.jacquesleonard.com\/en\/wp-json\/wp\/v2\/pages"}],"about":[{"href":"https:\/\/www.jacquesleonard.com\/en\/wp-json\/wp\/v2\/types\/page"}],"author":[{"embeddable":true,"href":"https:\/\/www.jacquesleonard.com\/en\/wp-json\/wp\/v2\/users\/1"}],"replies":[{"embeddable":true,"href":"https:\/\/www.jacquesleonard.com\/en\/wp-json\/wp\/v2\/comments?post=4772"}],"version-history":[{"count":3,"href":"https:\/\/www.jacquesleonard.com\/en\/wp-json\/wp\/v2\/pages\/4772\/revisions"}],"predecessor-version":[{"id":4901,"href":"https:\/\/www.jacquesleonard.com\/en\/wp-json\/wp\/v2\/pages\/4772\/revisions\/4901"}],"wp:attachment":[{"href":"https:\/\/www.jacquesleonard.com\/en\/wp-json\/wp\/v2\/media?parent=4772"}],"curies":[{"name":"wp","href":"https:\/\/api.w.org\/{rel}","templated":true}]}}