{"id":4774,"date":"2020-01-28T11:34:33","date_gmt":"2020-01-28T09:34:33","guid":{"rendered":"http:\/\/jacquesleonard.com\/filmography\/"},"modified":"2020-01-28T11:36:27","modified_gmt":"2020-01-28T09:36:27","slug":"filmography","status":"publish","type":"page","link":"https:\/\/www.jacquesleonard.com\/en\/filmography\/","title":{"rendered":"Filmography"},"content":{"rendered":"<p>[et_pb_section fb_built=&#8221;1&#8243; admin_label=&#8221;Filmografia&#8221; _builder_version=&#8221;3.26&#8243;][et_pb_row _builder_version=&#8221;3.26&#8243;][et_pb_column type=&#8221;4_4&#8243; _builder_version=&#8221;3.26&#8243;][et_pb_text admin_label=&#8221;Filmografia&#8221; _builder_version=&#8221;3.26&#8243; text_font=&#8221;|300|||||||&#8221; header_font=&#8221;|300|||||||&#8221;]<\/p>\n<h2 class=\"p1\"><span class=\"s1\" style=\"color: rgb(71, 116, 142);\" data-mce-style=\"color: #47748e;\">Filmography<\/span><\/h2>\n<p>[\/et_pb_text][et_pb_divider color=&#8221;#47748e&#8221; _builder_version=&#8221;3.26&#8243;][\/et_pb_divider][\/et_pb_column][\/et_pb_row][et_pb_row column_structure=&#8221;1_2,1_2&#8243; _builder_version=&#8221;3.26&#8243;][et_pb_column type=&#8221;1_2&#8243; _builder_version=&#8221;3.26&#8243;][et_pb_video src=&#8221;https:\/\/youtu.be\/KCJCZQOy0xk&#8221; _builder_version=&#8221;3.26&#8243;][\/et_pb_video][et_pb_text _builder_version=&#8221;3.26&#8243;]<\/p>\n<p><strong>Jacques L\u00e9onard, El payo Chac<\/strong>,&nbsp;directed &nbsp;by&nbsp;Yago L\u00e9onard and produced by Curt Ficcions Curt Produccions (2011)<\/p>\n<p>[\/et_pb_text][\/et_pb_column][et_pb_column type=&#8221;1_2&#8243; _builder_version=&#8221;3.26&#8243;][et_pb_video src=&#8221;https:\/\/www.youtube.com\/watch?v=xGjNbA8k7XI&#8221; _builder_version=&#8221;3.26&#8243;][\/et_pb_video][et_pb_text _builder_version=&#8221;3.26&#8243;]<strong>Jacques L\u00e9onard, que ni gitano ni payo<\/strong>, directed by\u00a0Juan Parrilla and produced by\u00a0Manuela Brioa\u00a0(2019)[\/et_pb_text][\/et_pb_column][\/et_pb_row][\/et_pb_section]<\/p>\n","protected":false},"excerpt":{"rendered":"<p>FilmographyJacques L\u00e9onard, El payo Chac,&nbsp;directed &nbsp;by&nbsp;Yago L\u00e9onard and produced by Curt Ficcions Curt Produccions (2011) Jacques L\u00e9onard, que ni gitano ni payo, directed by\u00a0Juan Parrilla and produced by\u00a0Manuela Brioa\u00a0(2019)<\/p>\n","protected":false},"author":1,"featured_media":0,"parent":0,"menu_order":0,"comment_status":"closed","ping_status":"closed","template":"","meta":{"_et_pb_use_builder":"on","_et_pb_old_content":"","_et_gb_content_width":"","footnotes":""},"class_list":["post-4774","page","type-page","status-publish","hentry"],"_links":{"self":[{"href":"https:\/\/www.jacquesleonard.com\/en\/wp-json\/wp\/v2\/pages\/4774","targetHints":{"allow":["GET"]}}],"collection":[{"href":"https:\/\/www.jacquesleonard.com\/en\/wp-json\/wp\/v2\/pages"}],"about":[{"href":"https:\/\/www.jacquesleonard.com\/en\/wp-json\/wp\/v2\/types\/page"}],"author":[{"embeddable":true,"href":"https:\/\/www.jacquesleonard.com\/en\/wp-json\/wp\/v2\/users\/1"}],"replies":[{"embeddable":true,"href":"https:\/\/www.jacquesleonard.com\/en\/wp-json\/wp\/v2\/comments?post=4774"}],"version-history":[{"count":3,"href":"https:\/\/www.jacquesleonard.com\/en\/wp-json\/wp\/v2\/pages\/4774\/revisions"}],"predecessor-version":[{"id":4777,"href":"https:\/\/www.jacquesleonard.com\/en\/wp-json\/wp\/v2\/pages\/4774\/revisions\/4777"}],"wp:attachment":[{"href":"https:\/\/www.jacquesleonard.com\/en\/wp-json\/wp\/v2\/media?parent=4774"}],"curies":[{"name":"wp","href":"https:\/\/api.w.org\/{rel}","templated":true}]}}