{"id":4645,"date":"2020-01-27T14:13:59","date_gmt":"2020-01-27T12:13:59","guid":{"rendered":"http:\/\/jacquesleonard.com\/fotografias\/"},"modified":"2020-01-27T14:17:09","modified_gmt":"2020-01-27T12:17:09","slug":"fotografias","status":"publish","type":"page","link":"https:\/\/www.jacquesleonard.com\/es\/fotografias\/","title":{"rendered":"Fotograf\u00edas"},"content":{"rendered":"<p>[et_pb_section fb_built=\u00bb1&#8243; _builder_version=\u00bb3.26&#8243;][et_pb_row custom_padding=\u00bb12px||31px|||\u00bb custom_margin=\u00bb-5px|auto||auto||\u00bb _builder_version=\u00bb3.26&#8243; background_enable_color=\u00bboff\u00bb][et_pb_column type=\u00bb4_4&#8243; _builder_version=\u00bb3.26&#8243;][et_pb_text _builder_version=\u00bb3.26&#8243; text_text_color=\u00bb#47748e\u00bb header_font=\u00bb|300|||||||\u00bb header_text_color=\u00bb#8d644b\u00bb min_height=\u00bb35px\u00bb custom_margin=\u00bb0px||-68px||false|false\u00bb custom_padding=\u00bb0px||0px||false|false\u00bb]<\/p>\n<h2 style=\"text-align: left;\"><span style=\"color: #47748e;\">Fotograf\u00edas<\/span><\/h2>\n<h1 style=\"text-align: left;\"><\/h1>\n<p>[\/et_pb_text][et_pb_divider color=\u00bb#47748e\u00bb _builder_version=\u00bb3.26&#8243; custom_padding=\u00bb60px||||false|false\u00bb][\/et_pb_divider][\/et_pb_column][\/et_pb_row][et_pb_row custom_margin=\u00bb0px|auto||auto||\u00bb _builder_version=\u00bb3.26&#8243; background_enable_image=\u00bboff\u00bb background_position=\u00bbtop_center\u00bb][et_pb_column type=\u00bb4_4&#8243; _builder_version=\u00bb3.26&#8243; background_enable_color=\u00bboff\u00bb background_image=\u00bbhttp:\/\/jacquesleonard.com\/wp-content\/uploads\/2019\/12\/img143.jpg\u00bb box_shadow_style=\u00bbpreset3&#8243;][et_pb_button button_url=\u00bb\/?page_id=2887&#8243; button_text=\u00bbCopias de \u00e9poca\u00bb button_alignment=\u00bbleft\u00bb admin_label=\u00bbC\u00f2pies d&#8217;\u00e8poca\u00bb module_class=\u00bbbotonHover\u00bb _builder_version=\u00bb3.26&#8243; custom_button=\u00bbon\u00bb button_text_color=\u00bb#ffffff\u00bb button_bg_enable_image=\u00bboff\u00bb button_bg_size=\u00bbinitial\u00bb button_border_color=\u00bb#ffffff\u00bb button_icon=\u00bb%%47%%\u00bb button_icon_color=\u00bb#ffffff\u00bb button_text_shadow_style=\u00bbpreset1&#8243; custom_margin=\u00bb|-50px|0px|0px|false|false\u00bb custom_padding=\u00bb|5px|170px|32px|false|false\u00bb animation_style=\u00bbzoom\u00bb][\/et_pb_button][\/et_pb_column][\/et_pb_row][et_pb_row column_structure=\u00bb1_3,1_3,1_3&#8243; custom_margin=\u00bb0px|auto||auto||\u00bb _builder_version=\u00bb3.26&#8243;][et_pb_column type=\u00bb1_3&#8243; _builder_version=\u00bb3.26&#8243; background_enable_color=\u00bboff\u00bb background_image=\u00bbhttp:\/\/jacquesleonard.com\/wp-content\/uploads\/2019\/12\/c2c_001_0268-1-e1576860191469.jpg\u00bb box_shadow_style=\u00bbpreset3&#8243;][et_pb_button button_url=\u00bb\/?page_id=2786&#8243; button_text=\u00bbGitanos\u00bb button_alignment=\u00bbleft\u00bb admin_label=\u00bbGitanos\u00bb module_class=\u00bbbotonHover\u00bb _builder_version=\u00bb3.26&#8243; custom_button=\u00bbon\u00bb button_text_color=\u00bb#ffffff\u00bb button_bg_color_gradient_start=\u00bbrgba(12,12,12,0.3)\u00bb button_bg_color_gradient_end=\u00bbrgba(0,0,0,0.05)\u00bb button_bg_enable_image=\u00bboff\u00bb button_bg_size=\u00bbcontain\u00bb button_border_color=\u00bb#ffffff\u00bb button_border_radius=\u00bb0px\u00bb button_icon=\u00bb%%47%%\u00bb button_icon_color=\u00bb#ffffff\u00bb custom_margin=\u00bb|0px|0px|0px|false|false\u00bb custom_padding=\u00bb|5px|170px|25px|false|false\u00bb animation_style=\u00bbzoom\u00bb custom_css_main_element__hover_enabled=\u00bbon\u00bb custom_css_after__hover_enabled=\u00bbon\u00bb][\/et_pb_button][\/et_pb_column][et_pb_column type=\u00bb1_3&#8243; _builder_version=\u00bb3.26&#8243; background_image=\u00bbhttp:\/\/jacquesleonard.com\/wp-content\/uploads\/2019\/11\/c2c_005_0135.jpg\u00bb box_shadow_style=\u00bbpreset3&#8243;][et_pb_button button_url=\u00bb\/?page_id=2895&#8243; button_text=\u00bbPeregrinaciones\u00bb button_alignment=\u00bbleft\u00bb admin_label=\u00bbPeregrinacions\u00bb module_class=\u00bbbotonHover\u00bb _builder_version=\u00bb3.26&#8243; custom_button=\u00bbon\u00bb button_text_color=\u00bb#ffffff\u00bb button_bg_color_gradient_start=\u00bbrgba(0,0,0,0.75)\u00bb button_bg_color_gradient_end=\u00bbrgba(0,0,0,0)\u00bb button_bg_color_gradient_overlays_image=\u00bbon\u00bb button_bg_enable_image=\u00bboff\u00bb button_bg_size=\u00bbcontain\u00bb button_border_width=\u00bb0px\u00bb button_border_color=\u00bbrgba(0,0,0,0)\u00bb button_border_radius=\u00bb2px\u00bb button_icon=\u00bb%%47%%\u00bb button_icon_color=\u00bb#ffffff\u00bb button_text_shadow_style=\u00bbpreset1&#8243; custom_margin=\u00bb|0px|0px|0px|false|false\u00bb custom_padding=\u00bb|5px|170px|32px|false|false\u00bb animation_style=\u00bbzoom\u00bb][\/et_pb_button][\/et_pb_column][et_pb_column type=\u00bb1_3&#8243; _builder_version=\u00bb3.26&#8243; background_image=\u00bbhttp:\/\/jacquesleonard.com\/wp-content\/uploads\/2019\/11\/c2c_003_0066.jpg\u00bb background_position=\u00bbtop_center\u00bb box_shadow_style=\u00bbpreset3&#8243;][et_pb_button button_url=\u00bb\/?page_id=283&#8243; button_text=\u00bbRosario Amaya\u00bb button_alignment=\u00bbleft\u00bb admin_label=\u00bbRosario Amaya\u00bb module_class=\u00bbbotonHover\u00bb _builder_version=\u00bb3.26&#8243; custom_button=\u00bbon\u00bb button_text_color=\u00bb#ffffff\u00bb button_bg_enable_image=\u00bboff\u00bb button_bg_size=\u00bbcontain\u00bb button_border_color=\u00bb#ffffff\u00bb button_border_radius=\u00bb0px\u00bb button_icon=\u00bb%%47%%\u00bb button_icon_color=\u00bb#ffffff\u00bb button_text_shadow_style=\u00bbpreset1&#8243; custom_margin=\u00bb|0px|0px|0px|false|false\u00bb custom_padding=\u00bb|5px|170px|25px|false|false\u00bb animation_style=\u00bbzoom\u00bb custom_css_main_element=\u00bbhover {background:#000;}\u00bb][\/et_pb_button][\/et_pb_column][\/et_pb_row][et_pb_row column_structure=\u00bb1_3,1_3,1_3&#8243; _builder_version=\u00bb3.26&#8243; background_enable_image=\u00bboff\u00bb][et_pb_column type=\u00bb1_3&#8243; _builder_version=\u00bb3.26&#8243; background_image=\u00bbhttp:\/\/jacquesleonard.com\/wp-content\/uploads\/2019\/11\/C2C_007_006.jpg\u00bb box_shadow_style=\u00bbpreset3&#8243;][et_pb_button button_url=\u00bb\/?page_id=2862&#8243; button_text=\u00bbBarcelona\u00bb button_alignment=\u00bbleft\u00bb admin_label=\u00bbBarcelona\u00bb module_class=\u00bbbotonHover\u00bb _builder_version=\u00bb3.26&#8243; custom_button=\u00bbon\u00bb button_text_color=\u00bb#ffffff\u00bb button_bg_enable_image=\u00bboff\u00bb button_bg_size=\u00bbinitial\u00bb button_border_color=\u00bb#ffffff\u00bb button_icon=\u00bb%%47%%\u00bb button_icon_color=\u00bb#ffffff\u00bb button_text_shadow_style=\u00bbpreset1&#8243; custom_margin=\u00bb|-50px|0px|0px|false|false\u00bb custom_padding=\u00bb|5px|170px|32px|false|false\u00bb animation_style=\u00bbzoom\u00bb][\/et_pb_button][\/et_pb_column][et_pb_column type=\u00bb1_3&#8243; _builder_version=\u00bb3.26&#8243; background_image=\u00bbhttp:\/\/jacquesleonard.com\/wp-content\/uploads\/2019\/12\/C2C_044_224-e1576850791480.jpg\u00bb box_shadow_style=\u00bbpreset3&#8243;][et_pb_button button_url=\u00bb\/?page_id=4189&#8243; button_text=\u00bbPar\u00eds\u00bb button_alignment=\u00bbleft\u00bb admin_label=\u00bbPar\u00eds\u00bb module_class=\u00bbbotonHover\u00bb _builder_version=\u00bb3.26&#8243; custom_button=\u00bbon\u00bb button_text_color=\u00bb#ffffff\u00bb button_bg_enable_image=\u00bboff\u00bb button_bg_size=\u00bbinitial\u00bb button_border_color=\u00bb#ffffff\u00bb button_icon=\u00bb%%47%%\u00bb button_icon_color=\u00bb#ffffff\u00bb button_text_shadow_style=\u00bbpreset1&#8243; custom_margin=\u00bb|-50px|0px|0px|false|false\u00bb custom_padding=\u00bb|5px|170px|32px|false|false\u00bb animation_style=\u00bbzoom\u00bb][\/et_pb_button][\/et_pb_column][et_pb_column type=\u00bb1_3&#8243; _builder_version=\u00bb3.26&#8243; background_image=\u00bbhttp:\/\/jacquesleonard.com\/wp-content\/uploads\/2019\/12\/C1_0043_065_18-e1576849132809.jpg\u00bb box_shadow_style=\u00bbpreset3&#8243;][et_pb_button button_url=\u00bb\/?page_id=4196&#8243; button_text=\u00bbExposici\u00f3n Universal Bruselas\u00bb button_alignment=\u00bbleft\u00bb admin_label=\u00bbExposici\u00f3 Universal Brusel\u00b7les\u00bb module_class=\u00bbbotonHover\u00bb _builder_version=\u00bb3.26&#8243; custom_button=\u00bbon\u00bb button_text_color=\u00bb#ffffff\u00bb button_bg_enable_image=\u00bboff\u00bb button_bg_size=\u00bbinitial\u00bb button_border_color=\u00bb#ffffff\u00bb button_icon=\u00bb%%47%%\u00bb button_icon_color=\u00bb#ffffff\u00bb button_text_shadow_style=\u00bbpreset1&#8243; custom_margin=\u00bb|-50px|0px|0px|false|false\u00bb custom_padding=\u00bb|5px|170px|32px|false|false\u00bb animation_style=\u00bbzoom\u00bb][\/et_pb_button][\/et_pb_column][\/et_pb_row][et_pb_row column_structure=\u00bb1_3,1_3,1_3&#8243; _builder_version=\u00bb3.26&#8243; background_enable_image=\u00bboff\u00bb][et_pb_column type=\u00bb1_3&#8243; _builder_version=\u00bb3.26&#8243; background_image=\u00bbhttp:\/\/jacquesleonard.com\/wp-content\/uploads\/2019\/12\/C2C_043_521-copia-2-e1576847508378.jpg\u00bb box_shadow_style=\u00bbpreset3&#8243;][et_pb_button button_url=\u00bb\/?page_id=4205&#8243; button_text=\u00bbOtras ciudades\u00bb button_alignment=\u00bbleft\u00bb admin_label=\u00bbAltres ciutats\u00bb module_class=\u00bbbotonHover\u00bb _builder_version=\u00bb3.26&#8243; custom_button=\u00bbon\u00bb button_text_color=\u00bb#ffffff\u00bb button_bg_enable_image=\u00bboff\u00bb button_bg_size=\u00bbcontain\u00bb button_border_color=\u00bb#ffffff\u00bb button_border_radius=\u00bb0px\u00bb button_icon=\u00bb%%47%%\u00bb button_icon_color=\u00bb#ffffff\u00bb button_text_shadow_style=\u00bbpreset1&#8243; custom_margin=\u00bb|0px|0px|0px|false|false\u00bb custom_padding=\u00bb|5px|170px|25px|false|false\u00bb animation_style=\u00bbzoom\u00bb][\/et_pb_button][\/et_pb_column][et_pb_column type=\u00bb1_3&#8243; _builder_version=\u00bb3.26&#8243; background_image=\u00bbhttp:\/\/jacquesleonard.com\/wp-content\/uploads\/2019\/12\/C2C_044_133-e1576849926413.jpg\u00bb box_shadow_style=\u00bbpreset3&#8243;][et_pb_button button_url=\u00bb\/?page_id=4168&#8243; button_text=\u00bbMenorca\u00bb button_alignment=\u00bbleft\u00bb admin_label=\u00bbMenorca\u00bb module_class=\u00bbbotonHover\u00bb _builder_version=\u00bb3.26&#8243; custom_button=\u00bbon\u00bb button_text_color=\u00bb#ffffff\u00bb button_bg_enable_image=\u00bboff\u00bb button_bg_size=\u00bbcontain\u00bb button_border_color=\u00bb#ffffff\u00bb button_border_radius=\u00bb0px\u00bb button_icon=\u00bb%%47%%\u00bb button_icon_color=\u00bb#ffffff\u00bb button_text_shadow_style=\u00bbpreset1&#8243; custom_margin=\u00bb|0px|0px|0px|false|false\u00bb custom_padding=\u00bb|5px|170px|25px|false|false\u00bb animation_style=\u00bbzoom\u00bb][\/et_pb_button][\/et_pb_column][et_pb_column type=\u00bb1_3&#8243; _builder_version=\u00bb3.26&#8243; background_image=\u00bbhttp:\/\/jacquesleonard.com\/wp-content\/uploads\/2019\/12\/C2C_044_331-e1576850091634.jpg\u00bb box_shadow_style=\u00bbpreset3&#8243;][et_pb_button button_url=\u00bb\/?page_id=2875&#8243; button_text=\u00bbPersonajes\u00bb button_alignment=\u00bbleft\u00bb admin_label=\u00bbPersonatges\u00bb module_class=\u00bbbotonHover\u00bb _builder_version=\u00bb3.26&#8243; custom_button=\u00bbon\u00bb button_text_color=\u00bb#ffffff\u00bb button_bg_enable_image=\u00bboff\u00bb button_bg_size=\u00bbcontain\u00bb button_border_color=\u00bb#ffffff\u00bb button_border_radius=\u00bb0px\u00bb button_icon=\u00bb%%47%%\u00bb button_icon_color=\u00bb#ffffff\u00bb button_text_shadow_style=\u00bbpreset1&#8243; custom_margin=\u00bb|0px|0px|0px|false|false\u00bb custom_padding=\u00bb|5px|170px|25px|false|false\u00bb animation_style=\u00bbzoom\u00bb][\/et_pb_button][\/et_pb_column][\/et_pb_row][et_pb_row column_structure=\u00bb1_3,1_3,1_3&#8243; _builder_version=\u00bb3.26&#8243; background_enable_image=\u00bboff\u00bb][et_pb_column type=\u00bb1_3&#8243; _builder_version=\u00bb3.26&#8243; background_image=\u00bbhttp:\/\/jacquesleonard.com\/wp-content\/uploads\/2019\/12\/C2C_046_359.jpg\u00bb background_position=\u00bbbottom_center\u00bb box_shadow_style=\u00bbpreset3&#8243;][et_pb_button button_url=\u00bb\/?page_id=3609&#8243; button_text=\u00bbRobert Lamouret i Vicki Ross\u00bb button_alignment=\u00bbleft\u00bb admin_label=\u00bbRobert Lamouret i Vicki Ross\u00bb module_class=\u00bbbotonHover\u00bb _builder_version=\u00bb3.26&#8243; custom_button=\u00bbon\u00bb button_text_color=\u00bb#ffffff\u00bb button_bg_enable_image=\u00bboff\u00bb button_bg_size=\u00bbcontain\u00bb button_border_color=\u00bb#ffffff\u00bb button_border_radius=\u00bb0px\u00bb button_icon=\u00bb%%47%%\u00bb button_icon_color=\u00bb#ffffff\u00bb button_text_shadow_style=\u00bbpreset1&#8243; custom_margin=\u00bb|0px|0px|0px|false|false\u00bb custom_padding=\u00bb|5px|170px|25px|false|false\u00bb animation_style=\u00bbzoom\u00bb][\/et_pb_button][\/et_pb_column][et_pb_column type=\u00bb1_3&#8243; _builder_version=\u00bb3.26&#8243; background_image=\u00bbhttp:\/\/jacquesleonard.com\/wp-content\/uploads\/2019\/07\/fotografies3-e1577089888269.jpg\u00bb box_shadow_style=\u00bbpreset3&#8243;][et_pb_button button_url=\u00bb\/?page_id=2870&#8243; button_text=\u00bb\u00c9vad\u00e9s, 29 d\u00e9cembre 1943&#8243; button_alignment=\u00bbleft\u00bb admin_label=\u00bbEvades\u00bb module_class=\u00bbbotonHover\u00bb _builder_version=\u00bb3.26&#8243; custom_button=\u00bbon\u00bb button_text_color=\u00bb#ffffff\u00bb button_bg_enable_image=\u00bboff\u00bb button_bg_size=\u00bbcontain\u00bb button_border_color=\u00bb#ffffff\u00bb button_border_radius=\u00bb0px\u00bb button_icon=\u00bb%%47%%\u00bb button_icon_color=\u00bb#ffffff\u00bb button_text_shadow_style=\u00bbpreset1&#8243; custom_margin=\u00bb|0px|0px|0px|false|false\u00bb custom_padding=\u00bb|5px|170px|25px|false|false\u00bb animation_style=\u00bbzoom\u00bb][\/et_pb_button][\/et_pb_column][et_pb_column type=\u00bb1_3&#8243; _builder_version=\u00bb3.26&#8243; background_image=\u00bbhttp:\/\/jacquesleonard.com\/wp-content\/uploads\/2019\/12\/1.C2C_006_409-e1577090971246.jpg\u00bb box_shadow_style=\u00bbpreset3&#8243;][et_pb_button button_url=\u00bb\/?page_id=3540&#8243; button_text=\u00bbDivisi\u00f3n Azul\u00bb button_alignment=\u00bbleft\u00bb admin_label=\u00bbDivisi\u00f3n Azul\u00bb module_class=\u00bbbotonHover\u00bb _builder_version=\u00bb3.26&#8243; custom_button=\u00bbon\u00bb button_text_color=\u00bb#ffffff\u00bb button_bg_color_gradient_start=\u00bbrgba(0,0,0,0.75)\u00bb button_bg_color_gradient_end=\u00bbrgba(0,0,0,0)\u00bb button_bg_color_gradient_overlays_image=\u00bbon\u00bb button_bg_enable_image=\u00bboff\u00bb button_bg_size=\u00bbcontain\u00bb button_border_width=\u00bb0px\u00bb button_border_color=\u00bbrgba(0,0,0,0)\u00bb button_border_radius=\u00bb2px\u00bb button_icon=\u00bb%%47%%\u00bb button_icon_color=\u00bb#ffffff\u00bb button_text_shadow_style=\u00bbpreset1&#8243; custom_margin=\u00bb|0px|0px|0px|false|false\u00bb custom_padding=\u00bb|5px|170px|32px|false|false\u00bb animation_style=\u00bbzoom\u00bb][\/et_pb_button][\/et_pb_column][\/et_pb_row][et_pb_row column_structure=\u00bb1_3,1_3,1_3&#8243; _builder_version=\u00bb3.26&#8243; background_enable_image=\u00bboff\u00bb][et_pb_column type=\u00bb1_3&#8243; _builder_version=\u00bb3.26&#8243; background_enable_image=\u00bboff\u00bb background_position=\u00bbbottom_center\u00bb box_shadow_style=\u00bbpreset3&#8243;][\/et_pb_column][et_pb_column type=\u00bb1_3&#8243; _builder_version=\u00bb3.26&#8243; background_image=\u00bbhttp:\/\/jacquesleonard.com\/wp-content\/uploads\/2019\/12\/C2C_045_219-e1576851163737.jpg\u00bb box_shadow_style=\u00bbpreset3&#8243;][et_pb_button button_url=\u00bb\/?page_id=4173&#8243; button_text=\u00bbTauromaquia\u00bb button_alignment=\u00bbleft\u00bb admin_label=\u00bbTauromaquia\u00bb module_class=\u00bbbotonHover\u00bb _builder_version=\u00bb3.26&#8243; custom_button=\u00bbon\u00bb button_text_color=\u00bb#ffffff\u00bb button_bg_color_gradient_start=\u00bbrgba(0,0,0,0.75)\u00bb button_bg_color_gradient_end=\u00bbrgba(0,0,0,0)\u00bb button_bg_color_gradient_overlays_image=\u00bbon\u00bb button_bg_enable_image=\u00bboff\u00bb button_bg_size=\u00bbcontain\u00bb button_border_width=\u00bb0px\u00bb button_border_color=\u00bbrgba(0,0,0,0)\u00bb button_border_radius=\u00bb2px\u00bb button_icon=\u00bb%%47%%\u00bb button_icon_color=\u00bb#ffffff\u00bb button_text_shadow_style=\u00bbpreset1&#8243; custom_margin=\u00bb|0px|0px|0px|false|false\u00bb custom_padding=\u00bb|5px|170px|32px|false|false\u00bb animation_style=\u00bbzoom\u00bb][\/et_pb_button][\/et_pb_column][et_pb_column type=\u00bb1_3&#8243; _builder_version=\u00bb3.26&#8243; background_enable_image=\u00bboff\u00bb box_shadow_style=\u00bbpreset3&#8243;][\/et_pb_column][\/et_pb_row][\/et_pb_section]<\/p>\n","protected":false},"excerpt":{"rendered":"<p>Fotograf\u00edas<\/p>\n","protected":false},"author":1,"featured_media":0,"parent":0,"menu_order":0,"comment_status":"closed","ping_status":"closed","template":"","meta":{"_et_pb_use_builder":"on","_et_pb_old_content":"","_et_gb_content_width":"","footnotes":""},"class_list":["post-4645","page","type-page","status-publish","hentry"],"_links":{"self":[{"href":"https:\/\/www.jacquesleonard.com\/es\/wp-json\/wp\/v2\/pages\/4645","targetHints":{"allow":["GET"]}}],"collection":[{"href":"https:\/\/www.jacquesleonard.com\/es\/wp-json\/wp\/v2\/pages"}],"about":[{"href":"https:\/\/www.jacquesleonard.com\/es\/wp-json\/wp\/v2\/types\/page"}],"author":[{"embeddable":true,"href":"https:\/\/www.jacquesleonard.com\/es\/wp-json\/wp\/v2\/users\/1"}],"replies":[{"embeddable":true,"href":"https:\/\/www.jacquesleonard.com\/es\/wp-json\/wp\/v2\/comments?post=4645"}],"version-history":[{"count":3,"href":"https:\/\/www.jacquesleonard.com\/es\/wp-json\/wp\/v2\/pages\/4645\/revisions"}],"predecessor-version":[{"id":4648,"href":"https:\/\/www.jacquesleonard.com\/es\/wp-json\/wp\/v2\/pages\/4645\/revisions\/4648"}],"wp:attachment":[{"href":"https:\/\/www.jacquesleonard.com\/es\/wp-json\/wp\/v2\/media?parent=4645"}],"curies":[{"name":"wp","href":"https:\/\/api.w.org\/{rel}","templated":true}]}}