{"id":4675,"date":"2020-01-27T14:34:29","date_gmt":"2020-01-27T12:34:29","guid":{"rendered":"http:\/\/jacquesleonard.com\/evades-29-decembre-1943\/"},"modified":"2020-01-27T14:34:29","modified_gmt":"2020-01-27T12:34:29","slug":"evades-29-decembre-1943","status":"publish","type":"page","link":"https:\/\/www.jacquesleonard.com\/es\/evades-29-decembre-1943\/","title":{"rendered":"\u00c9vad\u00e9s, 29 d\u00e9cembre 1943"},"content":{"rendered":"<p>[et_pb_section fb_built=\u00bb1&#8243; _builder_version=\u00bb3.26&#8243;][et_pb_row column_structure=\u00bb1_3,1_3,1_3&#8243; use_custom_gutter=\u00bbon\u00bb gutter_width=\u00bb1&#8243; _builder_version=\u00bb3.26&#8243; width=\u00bb100%\u00bb][et_pb_column type=\u00bb1_3&#8243; _builder_version=\u00bb3.26&#8243;][\/et_pb_column][et_pb_column type=\u00bb1_3&#8243; _builder_version=\u00bb3.26&#8243;][et_pb_text _builder_version=\u00bb3.26&#8243;]<\/p>\n<h1 style=\"text-align: center;\">\u00c9vad\u00e9s, 29 d\u00e9cembre 1943<\/h1>\n<p>[\/et_pb_text][et_pb_divider color=\u00bbrgba(0,0,0,0)\u00bb _builder_version=\u00bb3.26&#8243;][\/et_pb_divider][et_pb_gallery gallery_ids=\u00bb2497,2493,2489,2485,2481,2477,2473,2469,2465,2461,2457,2453,2449,2445,2441,2437,2433,2429,2425,2421,2417,2413,2409,2405,2401,2397,2393,2389,2385,2381&#8243; posts_number=\u00bb100&#8243; show_title_and_caption=\u00bboff\u00bb show_pagination=\u00bboff\u00bb hover_overlay_color=\u00bbrgba(0,0,0,0.2)\u00bb _builder_version=\u00bb3.26&#8243; width=\u00bb100%\u00bb max_width=\u00bb100%\u00bb custom_css_gallery_item=\u00bbwidth: 99.99% !important;||margin: 0px 0px 40px 0px !important;||clear: none !important;\u00bb][\/et_pb_gallery][\/et_pb_column][et_pb_column type=\u00bb1_3&#8243; _builder_version=\u00bb3.26&#8243;][\/et_pb_column][\/et_pb_row][\/et_pb_section]<\/p>\n","protected":false},"excerpt":{"rendered":"<p>\u00c9vad\u00e9s, 29 d\u00e9cembre 1943<\/p>\n","protected":false},"author":1,"featured_media":0,"parent":0,"menu_order":0,"comment_status":"closed","ping_status":"closed","template":"","meta":{"_et_pb_use_builder":"on","_et_pb_old_content":"","_et_gb_content_width":"","footnotes":""},"class_list":["post-4675","page","type-page","status-publish","hentry"],"_links":{"self":[{"href":"https:\/\/www.jacquesleonard.com\/es\/wp-json\/wp\/v2\/pages\/4675","targetHints":{"allow":["GET"]}}],"collection":[{"href":"https:\/\/www.jacquesleonard.com\/es\/wp-json\/wp\/v2\/pages"}],"about":[{"href":"https:\/\/www.jacquesleonard.com\/es\/wp-json\/wp\/v2\/types\/page"}],"author":[{"embeddable":true,"href":"https:\/\/www.jacquesleonard.com\/es\/wp-json\/wp\/v2\/users\/1"}],"replies":[{"embeddable":true,"href":"https:\/\/www.jacquesleonard.com\/es\/wp-json\/wp\/v2\/comments?post=4675"}],"version-history":[{"count":1,"href":"https:\/\/www.jacquesleonard.com\/es\/wp-json\/wp\/v2\/pages\/4675\/revisions"}],"predecessor-version":[{"id":4676,"href":"https:\/\/www.jacquesleonard.com\/es\/wp-json\/wp\/v2\/pages\/4675\/revisions\/4676"}],"wp:attachment":[{"href":"https:\/\/www.jacquesleonard.com\/es\/wp-json\/wp\/v2\/media?parent=4675"}],"curies":[{"name":"wp","href":"https:\/\/api.w.org\/{rel}","templated":true}]}}