{"id":4681,"date":"2020-01-27T14:50:27","date_gmt":"2020-01-27T12:50:27","guid":{"rendered":"http:\/\/jacquesleonard.com\/biografia\/"},"modified":"2020-06-10T09:09:00","modified_gmt":"2020-06-10T07:09:00","slug":"biografia","status":"publish","type":"page","link":"https:\/\/www.jacquesleonard.com\/es\/biografia\/","title":{"rendered":"Biograf\u00eda"},"content":{"rendered":"<p>[et_pb_section fb_built=\u00bb1&#8243; _builder_version=\u00bb3.26&#8243;][et_pb_row _builder_version=\u00bb3.26&#8243;][et_pb_column type=\u00bb4_4&#8243; _builder_version=\u00bb3.26&#8243;][et_pb_divider color=\u00bbrgba(0,0,0,0)\u00bb _builder_version=\u00bb3.26&#8243;][\/et_pb_divider][\/et_pb_column][\/et_pb_row][et_pb_row column_structure=\u00bb1_2,1_2&#8243; _builder_version=\u00bb3.26&#8243;][et_pb_column type=\u00bb1_2&#8243; _builder_version=\u00bb3.26&#8243;][et_pb_image src=\u00bbhttp:\/\/jacquesleonard.com\/wp-content\/uploads\/2019\/09\/Juan-Amaya-1958-1.jpeg\u00bb _builder_version=\u00bb3.26&#8243; custom_margin=\u00bb||2px|||\u00bb][\/et_pb_image][et_pb_text _builder_version=\u00bb3.26&#8243; min_height=\u00bb7px\u00bb custom_padding=\u00bb||0px|||\u00bb]<\/p>\n<p>\u00a9Juan Amaya. Montserrat, 1958<\/p>\n<p>[\/et_pb_text][\/et_pb_column][et_pb_column type=\u00bb1_2&#8243; _builder_version=\u00bb3.26&#8243;][et_pb_text _builder_version=\u00bb3.26&#8243;]<span style=\"color: #47748e;\"><strong>Jacques L\u00e9onard, (Par\u00eds, 1909 &#8211; l&#8217;Escala, 1994)<\/strong><\/span> ten\u00eda 43 a\u00f1os cuando se instal\u00f3 de manera definitiva en Barcelona para dedicarse profesionalmente a la fotograf\u00eda. Cerraba una \u00e9poca marcada por un estilo de vida que, a consecuencia de las diversas actividades desarrolladas, le hab\u00eda llevado a viajar por todo el mundo.<\/p>\n<p>Hijo de un tratante de caballos de origen gitano y de la due\u00f1a de una casa de costura en Par\u00eds, pronto se inici\u00f3 en el mundo del cine. En <span style=\"color: #47748e;\"><strong>1931<\/strong><\/span> empez\u00f3 a trabajar haciendo encargos para unos estudios de Par\u00eds, despu\u00e9s pas\u00f3 a dedicarse a tareas de montaje y, m\u00e1s tarde, de producci\u00f3n. Colabor\u00f3 con varios directores, entre los que cabe destacar a Abel Gance.<\/p>\n<p><span style=\"font-size: 14px;\">En <span style=\"color: #47748e;\"><strong>1940<\/strong><\/span> viaj\u00f3 a Espa\u00f1a ya que buscaba localizaciones para una pel\u00edcula sobre Crist\u00f3bal Col\u00f3n que no lleg\u00f3 a rodarse debido a la situaci\u00f3n de guerra en Europa. Conoci\u00f3 al entonces director general de cinematograf\u00eda, que le ofreci\u00f3 la oportunidad de trabajar en varios encargos y se qued\u00f3 en Madrid. \u00a0 .<\/span><\/p>\n<p>En <strong><span style=\"color: #47748e;\">1949<\/span><\/strong> se traslad\u00f3 a Barcelona con el empresario teatral Arthur Kaps y se convirti\u00f3 en su mano derecha. M\u00e1s tarde, alejado de los rodajes, trabaj\u00f3 como restaurador de muebles.<br \/>\nConoci\u00f3 al humorista Robert Lamouret y le acompa\u00f1\u00f3 en calidad de secretario en una gira mundial. Con \u00e9l viaj\u00f3 a Inglaterra, Australia, Grecia e Italia. Al finalizar la gira, rechaz\u00f3 la propuesta de viajar a Estados Unidos, y en <span style=\"color: #47748e;\"><strong>1952 <\/strong><\/span>se instal\u00f3 en Barcelona donde se enamor\u00f3 de Rosario Amaya, una gitana que trabajaba como modelo de artistas. Se cas\u00f3 e inici\u00f3 su actividad como fot\u00f3grafo <em>free lance<\/em>.<\/p>\n<p>&#8230;[\/et_pb_text][\/et_pb_column][\/et_pb_row][\/et_pb_section][et_pb_section fb_built=\u00bb1&#8243; specialty=\u00bbon\u00bb _builder_version=\u00bb3.26&#8243; custom_margin=\u00bb-51px|||||\u00bb custom_padding=\u00bb0px|||||\u00bb][et_pb_column type=\u00bb1_2&#8243; _builder_version=\u00bb3.25&#8243; custom_padding=\u00bb|||\u00bb custom_padding__hover=\u00bb|||\u00bb][et_pb_text _builder_version=\u00bb3.26&#8243;]Francesc Catal\u00e0-Roca le proporcion\u00f3 contactos y, a partir de ah\u00ed, colabor\u00f3 en diferentes medios: <em>La Vanguardia<\/em>; <em>La Gaceta Ilustrada<\/em>; <em>Pomezia<\/em>, una publicaci\u00f3n del Obispado de Barcelona, y <em>Sant Jordi<\/em>, la revista de la Diputaci\u00f3n de Barcelona. Mont\u00f3 su propio laboratorio dedicado a la fotograf\u00eda publicitaria.<\/p>\n<p>En<span style=\"color: #47748e;\"><strong> 1975<\/strong><\/span>, tras el desmantelamiento de los barrios gitanos de Barcelona, se traslad\u00f3 al de la Mina y por problemas de salud dej\u00f3 la fotograf\u00eda y se dedic\u00f3 a trabajar en el proyecto de un libro sobre la cultura gitana, <em>Les quatre fers en l\u2019air<\/em>, que no consigui\u00f3 publicar a pesar del inter\u00e9s inicial demostrado por la editorial Plon de Par\u00eds, especializada en etnolog\u00eda.<\/p>\n<p><span style=\"color: #47748e;\"><strong>1991<\/strong><\/span>,\u00a0Con la salud muy mermada, se estableci\u00f3 en L\u2019Escala donde muri\u00f3 en <span style=\"color: #47748e;\"><strong>1994<\/strong><\/span>.<\/p>\n<p>&nbsp;[\/et_pb_text][\/et_pb_column][et_pb_column type=\u00bb1_2&#8243; specialty_columns=\u00bb2&#8243; _builder_version=\u00bb3.25&#8243; custom_padding=\u00bb|||\u00bb custom_padding__hover=\u00bb|||\u00bb][et_pb_row_inner column_structure=\u00bb1_2,1_2&#8243; _builder_version=\u00bb3.26&#8243;][et_pb_column_inner type=\u00bb1_2&#8243; saved_specialty_column_type=\u00bb1_2&#8243; _builder_version=\u00bb3.26&#8243;][et_pb_image src=\u00bbhttp:\/\/jacquesleonard.com\/wp-content\/uploads\/2019\/09\/C2C_0002_0574.jpg\u00bb _builder_version=\u00bb3.26&#8243; custom_margin=\u00bb||6px|||\u00bb][\/et_pb_image][et_pb_text _builder_version=\u00bb3.26&#8243; min_height=\u00bb7px\u00bb]\u00a9Autoretrat, <em>ca.\u00a0<\/em>1960[\/et_pb_text][\/et_pb_column_inner][et_pb_column_inner type=\u00bb1_2&#8243; saved_specialty_column_type=\u00bb1_2&#8243; _builder_version=\u00bb3.26&#8243;][et_pb_image src=\u00bbhttp:\/\/jacquesleonard.com\/wp-content\/uploads\/2019\/09\/Autor-desconegut-ca.-1940.jpeg\u00bb _builder_version=\u00bb3.26&#8243; custom_margin=\u00bb||6px|||\u00bb][\/et_pb_image][et_pb_text _builder_version=\u00bb3.26&#8243; min_height=\u00bb7px\u00bb]\u00a9 <span class=\"s1\">Autor y lugar desconocido, <i>ca. <\/i>1940<\/span>[\/et_pb_text][\/et_pb_column_inner][\/et_pb_row_inner][\/et_pb_column][\/et_pb_section][et_pb_section fb_built=\u00bb1&#8243; fullwidth=\u00bbon\u00bb _builder_version=\u00bb3.26&#8243;][et_pb_fullwidth_image _builder_version=\u00bb3.26&#8243; background_image=\u00bbhttp:\/\/jacquesleonard.com\/wp-content\/uploads\/2019\/09\/Muntant-pel%C2%B7licula.-ca-1940-e1567429097579.jpeg\u00bb parallax=\u00bbon\u00bb min_height=\u00bb220px\u00bb custom_margin=\u00bb0px||0px||false|false\u00bb custom_padding=\u00bb50px||889px||false|false\u00bb][\/et_pb_fullwidth_image][et_pb_fullwidth_header _builder_version=\u00bb3.26&#8243; background_color=\u00bbrgba(0,0,0,0)\u00bb min_height=\u00bb105px\u00bb custom_padding=\u00bb3px||0px|||\u00bb]<\/p>\n<p style=\"text-align: left;\"><span style=\"color: #757575;\">\u00a9Autor <span class=\"s1\">y lugar desconocido<\/span>. Montando pel\u00edcula. <em>ca.<\/em> 1940<\/span><\/p>\n<p style=\"text-align: left;\">\n<p>[\/et_pb_fullwidth_header][\/et_pb_section]<\/p>\n","protected":false},"excerpt":{"rendered":"<p>\u00a9Juan Amaya. Montserrat, 1958Jacques L\u00e9onard, (Par\u00eds, 1909 &#8211; l&#8217;Escala, 1994) ten\u00eda 43 a\u00f1os cuando se instal\u00f3 de manera definitiva en Barcelona para dedicarse profesionalmente a la fotograf\u00eda. Cerraba una \u00e9poca marcada por un estilo de vida que, a consecuencia de las diversas actividades desarrolladas, le hab\u00eda llevado a viajar por todo el mundo. Hijo de [&hellip;]<\/p>\n","protected":false},"author":1,"featured_media":0,"parent":0,"menu_order":0,"comment_status":"closed","ping_status":"closed","template":"","meta":{"_et_pb_use_builder":"on","_et_pb_old_content":"","_et_gb_content_width":"","footnotes":""},"class_list":["post-4681","page","type-page","status-publish","hentry"],"_links":{"self":[{"href":"https:\/\/www.jacquesleonard.com\/es\/wp-json\/wp\/v2\/pages\/4681","targetHints":{"allow":["GET"]}}],"collection":[{"href":"https:\/\/www.jacquesleonard.com\/es\/wp-json\/wp\/v2\/pages"}],"about":[{"href":"https:\/\/www.jacquesleonard.com\/es\/wp-json\/wp\/v2\/types\/page"}],"author":[{"embeddable":true,"href":"https:\/\/www.jacquesleonard.com\/es\/wp-json\/wp\/v2\/users\/1"}],"replies":[{"embeddable":true,"href":"https:\/\/www.jacquesleonard.com\/es\/wp-json\/wp\/v2\/comments?post=4681"}],"version-history":[{"count":5,"href":"https:\/\/www.jacquesleonard.com\/es\/wp-json\/wp\/v2\/pages\/4681\/revisions"}],"predecessor-version":[{"id":5151,"href":"https:\/\/www.jacquesleonard.com\/es\/wp-json\/wp\/v2\/pages\/4681\/revisions\/5151"}],"wp:attachment":[{"href":"https:\/\/www.jacquesleonard.com\/es\/wp-json\/wp\/v2\/media?parent=4681"}],"curies":[{"name":"wp","href":"https:\/\/api.w.org\/{rel}","templated":true}]}}