{"id":4687,"date":"2020-01-27T15:02:57","date_gmt":"2020-01-27T13:02:57","guid":{"rendered":"http:\/\/jacquesleonard.com\/bibliografia\/"},"modified":"2020-01-27T16:02:37","modified_gmt":"2020-01-27T14:02:37","slug":"bibliografia","status":"publish","type":"page","link":"https:\/\/www.jacquesleonard.com\/es\/bibliografia\/","title":{"rendered":"Bibliograf\u00eda"},"content":{"rendered":"<p>[et_pb_section fb_built=\u00bb1&#8243; admin_label=\u00bbBibliografia\u00bb _builder_version=\u00bb3.26&#8243; min_height=\u00bb100px\u00bb][et_pb_row _builder_version=\u00bb3.26&#8243; background_enable_color=\u00bboff\u00bb][et_pb_column type=\u00bb4_4&#8243; _builder_version=\u00bb3.26&#8243;][et_pb_text admin_label=\u00bbBibliografia\u00bb _builder_version=\u00bb3.26&#8243; text_font=\u00bb|300|||||||\u00bb header_font=\u00bb|300|||||||\u00bb header_text_color=\u00bb#ffffff\u00bb]<\/p>\n<h2 style=\"text-align: left;\" data-mce-style=\"text-align: left;\"><span style=\"color: #47748e;\" data-mce-style=\"color: #47748e;\">Bibliograf\u00eda<\/span><\/h2>\n<p>[\/et_pb_text][et_pb_divider color=\u00bb#47748e\u00bb _builder_version=\u00bb3.26&#8243;][\/et_pb_divider][\/et_pb_column][\/et_pb_row][et_pb_row column_structure=\u00bb1_4,1_4,1_4,1_4&#8243; _builder_version=\u00bb3.26&#8243;][et_pb_column type=\u00bb1_4&#8243; _builder_version=\u00bb3.26&#8243;][et_pb_image src=\u00bbhttp:\/\/jacquesleonard.com\/wp-content\/uploads\/2020\/01\/thebulls-01-2.jpg\u00bb align=\u00bbright\u00bb admin_label=\u00bbImatge The Bulls\u00bb _builder_version=\u00bb3.26&#8243;][\/et_pb_image][\/et_pb_column][et_pb_column type=\u00bb1_4&#8243; _builder_version=\u00bb3.26&#8243;][et_pb_text admin_label=\u00bbLes Taureaux\u00bb _builder_version=\u00bb3.26&#8243;]<\/p>\n<p><span style=\"color: #47748e;\" data-mce-style=\"color: #47748e;\"><strong>Les Taureaux &#8211; The Bulls<br \/><\/strong><\/span><strong>Jacques L\u00e9onard (texto)<\/strong><br \/><strong>Galle, Gonshani, &nbsp;Jacques L\u00e9onard, Mateo i Valls, (fotograf\u00edas)<\/strong><br \/><strong> Xavier Blanch, Jos\u00e9 Granyer y Josep Maria Prim &nbsp;(ilustraciones)<\/strong><br \/>Editorial Barna,<br \/>Barcelona, 1956<\/p>\n<p>[\/et_pb_text][\/et_pb_column][et_pb_column type=\u00bb1_4&#8243; _builder_version=\u00bb3.26&#8243;][et_pb_image src=\u00bbhttp:\/\/jacquesleonard.com\/wp-content\/uploads\/2019\/09\/Montserrat.jpg\u00bb align=\u00bbright\u00bb admin_label=\u00bbImatge Montserrat\u00bb _builder_version=\u00bb3.26&#8243;][\/et_pb_image][\/et_pb_column][et_pb_column type=\u00bb1_4&#8243; _builder_version=\u00bb3.26&#8243;][et_pb_text admin_label=\u00bbMontserrat\u00bb _builder_version=\u00bb3.26&#8243;]<\/p>\n<p><span style=\"color: #47748e;\" data-mce-style=\"color: #47748e;\"><strong>Montserrat<br \/><\/strong><\/span><strong>Jacques L\u00e9onard (fotograf\u00edas)<br \/><\/strong>Editorial Barna,<br \/>Barcelona, 1958<\/p>\n<p>[\/et_pb_text][\/et_pb_column][\/et_pb_row][et_pb_row column_structure=\u00bb1_4,1_4,1_4,1_4&#8243; _builder_version=\u00bb3.26&#8243;][et_pb_column type=\u00bb1_4&#8243; _builder_version=\u00bb3.26&#8243;][et_pb_image src=\u00bbhttp:\/\/jacquesleonard.com\/wp-content\/uploads\/2019\/09\/Menorca-e1568012213736.jpg\u00bb align=\u00bbright\u00bb admin_label=\u00bbImatge menorca\u00bb _builder_version=\u00bb3.26&#8243;][\/et_pb_image][\/et_pb_column][et_pb_column type=\u00bb1_4&#8243; _builder_version=\u00bb3.26&#8243;][et_pb_text admin_label=\u00bbMenorca\u00bb _builder_version=\u00bb3.26&#8243;]<\/p>\n<p><span style=\"color: #47748e;\" data-mce-style=\"color: #47748e;\"><strong>Menorca, l\u2019illa desconeguda<br \/><\/strong><\/span><strong>N. Rubi\u00f3 Tudur\u00ed, M.LL. Serra y J. Hern\u00e1ndez Mora (textos) y Jacques L\u00e9onard (fotograf\u00edas)<br \/><\/strong>Editorial Barna,<br \/>Barcelona, 1964<\/p>\n<p>[\/et_pb_text][\/et_pb_column][et_pb_column type=\u00bb1_4&#8243; _builder_version=\u00bb3.26&#8243;][et_pb_image src=\u00bbhttp:\/\/jacquesleonard.com\/wp-content\/uploads\/2019\/09\/Barcelona-gitana-e1568012262654.jpg\u00bb align=\u00bbright\u00bb admin_label=\u00bbImatge Barcelona Gitana\u00bb _builder_version=\u00bb3.26&#8243;][\/et_pb_image][\/et_pb_column][et_pb_column type=\u00bb1_4&#8243; _builder_version=\u00bb3.26&#8243;][et_pb_text admin_label=\u00bbBarcelona Gitana\u00bb _builder_version=\u00bb3.26&#8243;]<\/p>\n<p><span style=\"color: #47748e;\" data-mce-style=\"color: #47748e;\"><strong>Barcelona Gitana, 1954-1974<br \/><\/strong><\/span><strong>Jordi Calafell&nbsp; y Jes\u00fas Ulled (textos)<br \/>Jacques L\u00e9onard (fotograf\u00edas)<br \/><\/strong>La F\u00e1brica Editorial y Ayuntamiento de Barcelona, 2011.<\/p>\n<p>[\/et_pb_text][\/et_pb_column][\/et_pb_row][et_pb_row column_structure=\u00bb1_4,1_4,1_4,1_4&#8243; _builder_version=\u00bb3.26&#8243;][et_pb_column type=\u00bb1_4&#8243; _builder_version=\u00bb3.26&#8243;][et_pb_image src=\u00bbhttp:\/\/jacquesleonard.com\/wp-content\/uploads\/2019\/09\/Mitad-payo-mitad-gitano-e1568012306699.jpeg\u00bb align=\u00bbright\u00bb admin_label=\u00bbimatge Mitad payo, mitad gitano\u00bb _builder_version=\u00bb3.26&#8243;][\/et_pb_image][\/et_pb_column][et_pb_column type=\u00bb1_4&#8243; _builder_version=\u00bb3.26&#8243;][et_pb_text admin_label=\u00bbMitad payo, mitad gitano\u00bb _builder_version=\u00bb3.26&#8243;]<\/p>\n<p><span style=\"color: #47748e;\" data-mce-style=\"color: #47748e;\"><strong>Mitad payo, mitad gitano<br \/><\/strong><\/span><strong>Jes\u00fas Ulled<br \/><\/strong>Edicions Destino, S.A.,<br \/>Barcelona ,2012<\/p>\n<p>[\/et_pb_text][\/et_pb_column][et_pb_column type=\u00bb1_4&#8243; _builder_version=\u00bb3.26&#8243;][et_pb_image src=\u00bbhttp:\/\/jacquesleonard.com\/wp-content\/uploads\/2019\/11\/Cata\u0300leg-Vila-Casas.jpg\u00bb align=\u00bbright\u00bb admin_label=\u00bbImatge exposici\u00f3 Barcelona Gitana\u00bb _builder_version=\u00bb3.26&#8243;][\/et_pb_image][\/et_pb_column][et_pb_column type=\u00bb1_4&#8243; _builder_version=\u00bb3.26&#8243;][et_pb_text admin_label=\u00bbexposici\u00f3 Barcelona Gitana\u00bb _builder_version=\u00bb3.26&#8243;]<span style=\"color: #47748e;\"><strong>Cat\u00e1logo de la exposici\u00f3n <\/strong><\/span><span style=\"color: #47748e;\"><strong>Barcelona Gitana<\/strong><\/span><em>.<br \/>\n<\/em><strong>Jordi Calafell y Maria Planas (textos)<\/strong><em><br \/>\n<\/em> Fundaci\u00f3 Vila Casas, 2016[\/et_pb_text][\/et_pb_column][\/et_pb_row][et_pb_row column_structure=\u00bb1_4,1_4,1_4,1_4&#8243; _builder_version=\u00bb3.26&#8243;][et_pb_column type=\u00bb1_4&#8243; _builder_version=\u00bb3.26&#8243;][et_pb_image src=\u00bbhttp:\/\/jacquesleonard.com\/wp-content\/uploads\/2019\/09\/Mondes-Tsiganes-e1568012398367.jpg\u00bb align=\u00bbright\u00bb admin_label=\u00bbImatge Mondes tsiganes\u00bb _builder_version=\u00bb3.26&#8243;][\/et_pb_image][\/et_pb_column][et_pb_column type=\u00bb1_4&#8243; _builder_version=\u00bb3.26&#8243;][et_pb_text admin_label=\u00bbMondes tsiganes\u00bb _builder_version=\u00bb3.26&#8243;]<\/p>\n<p><span style=\"color: #47748e;\"><strong>Mondes tsiganes. Une histoire photographique, 1860-1980<br \/><\/strong><\/span><strong>Ilsen About, Mathieu Pernot et Ad\u00e8le Sutre<br \/><\/strong>Mus\u00e9e National de l\u2019histoire de l\u2019immigration-Actes Sud,<br \/>Par\u00eds, 2018.<\/p>\n<p>[\/et_pb_text][\/et_pb_column][et_pb_column type=\u00bb1_4&#8243; _builder_version=\u00bb3.26&#8243;][et_pb_image src=\u00bbhttp:\/\/jacquesleonard.com\/wp-content\/uploads\/2019\/09\/Les-musiciens-gitans-e1568012452467.jpg\u00bb align=\u00bbright\u00bb admin_label=\u00bbImatge Les musiciens\u00bb _builder_version=\u00bb3.26&#8243;][\/et_pb_image][\/et_pb_column][et_pb_column type=\u00bb1_4&#8243; _builder_version=\u00bb3.26&#8243;][et_pb_text admin_label=\u00bbLes musiciens\u00bb _builder_version=\u00bb3.26&#8243;]<\/p>\n<p><span style=\"color: #47748e;\"><strong>Les musiciens gitans de la rumba<br \/><\/strong><\/span><strong>Guy Bertrand<\/strong><span style=\"color: #47748e;\"><strong><br \/><\/strong><\/span>Editions de la Flandonni\u00e8re,<br \/>Sant Saturnin, Fran\u00e7a, 2018<\/p>\n<p>[\/et_pb_text][\/et_pb_column][\/et_pb_row][\/et_pb_section]<\/p>\n","protected":false},"excerpt":{"rendered":"<p>Bibliograf\u00edaLes Taureaux &#8211; The BullsJacques L\u00e9onard (texto)Galle, Gonshani, &nbsp;Jacques L\u00e9onard, Mateo i Valls, (fotograf\u00edas) Xavier Blanch, Jos\u00e9 Granyer y Josep Maria Prim &nbsp;(ilustraciones)Editorial Barna,Barcelona, 1956 MontserratJacques L\u00e9onard (fotograf\u00edas)Editorial Barna,Barcelona, 1958Menorca, l\u2019illa desconegudaN. Rubi\u00f3 Tudur\u00ed, M.LL. Serra y J. Hern\u00e1ndez Mora (textos) y Jacques L\u00e9onard (fotograf\u00edas)Editorial Barna,Barcelona, 1964Barcelona Gitana, 1954-1974Jordi Calafell&nbsp; y Jes\u00fas Ulled (textos)Jacques L\u00e9onard [&hellip;]<\/p>\n","protected":false},"author":1,"featured_media":0,"parent":0,"menu_order":0,"comment_status":"closed","ping_status":"closed","template":"","meta":{"_et_pb_use_builder":"on","_et_pb_old_content":"","_et_gb_content_width":"","footnotes":""},"class_list":["post-4687","page","type-page","status-publish","hentry"],"_links":{"self":[{"href":"https:\/\/www.jacquesleonard.com\/es\/wp-json\/wp\/v2\/pages\/4687","targetHints":{"allow":["GET"]}}],"collection":[{"href":"https:\/\/www.jacquesleonard.com\/es\/wp-json\/wp\/v2\/pages"}],"about":[{"href":"https:\/\/www.jacquesleonard.com\/es\/wp-json\/wp\/v2\/types\/page"}],"author":[{"embeddable":true,"href":"https:\/\/www.jacquesleonard.com\/es\/wp-json\/wp\/v2\/users\/1"}],"replies":[{"embeddable":true,"href":"https:\/\/www.jacquesleonard.com\/es\/wp-json\/wp\/v2\/comments?post=4687"}],"version-history":[{"count":3,"href":"https:\/\/www.jacquesleonard.com\/es\/wp-json\/wp\/v2\/pages\/4687\/revisions"}],"predecessor-version":[{"id":4690,"href":"https:\/\/www.jacquesleonard.com\/es\/wp-json\/wp\/v2\/pages\/4687\/revisions\/4690"}],"wp:attachment":[{"href":"https:\/\/www.jacquesleonard.com\/es\/wp-json\/wp\/v2\/media?parent=4687"}],"curies":[{"name":"wp","href":"https:\/\/api.w.org\/{rel}","templated":true}]}}