{"id":4703,"date":"2020-01-27T16:25:47","date_gmt":"2020-01-27T14:25:47","guid":{"rendered":"http:\/\/jacquesleonard.com\/contacto\/"},"modified":"2023-04-12T19:55:21","modified_gmt":"2023-04-12T17:55:21","slug":"contacto","status":"publish","type":"page","link":"https:\/\/www.jacquesleonard.com\/es\/contacto\/","title":{"rendered":"Contacto"},"content":{"rendered":"<p>[et_pb_section bb_built=\u00bb1&#8243; _builder_version=\u00bb3.26&#8243;][et_pb_row _builder_version=\u00bb3.26&#8243;][et_pb_column type=\u00bb4_4&#8243; _builder_version=\u00bb3.26&#8243;][et_pb_text _builder_version=\u00bb3.26&#8243; header_font=\u00bb|300|||||||\u00bb header_text_color=\u00bb#8d644b\u00bb]<\/p>\n<h1 style=\"text-align: center;\"><span style=\"color: #47748e;\">Contacto<\/span><\/h1>\n<p>[\/et_pb_text][\/et_pb_column][\/et_pb_row][et_pb_row _builder_version=\u00bb3.26&#8243;][et_pb_column type=\u00bb4_4&#8243; _builder_version=\u00bb3.26&#8243;][et_pb_text _builder_version=\u00bb3.26&#8243;]<\/p>\n<p>La Fundaci\u00f3n Photographic Social Vision representa desde el a\u00f1o 2015 al Archivo Familia Jacques L\u00e9onard cuyo objetivo es el de preservar la memoria, obra y trayectoria del fot\u00f3grafo y difundir su legado a trav\u00e9s de la organizaci\u00f3n de exposiciones, venta de fotograf\u00edas, defensa de los derechos de autor y contribuci\u00f3n a la investigaci\u00f3n hist\u00f3rica y fotogr\u00e1fica.<\/p>\n<p>Los negativos que componen el Archivo Familia Jacques L\u00e9onard est\u00e1n depositados en el Arxiu Hist\u00f2ric de l&#8217;Escala, que se ocupa de su conservaci\u00f3n y digitalizaci\u00f3n.<\/p>\n<p>Para obtener informaci\u00f3n sobre la venta de copias, el alquiler y la itinerancia de exposiciones o solicitar la reproducci\u00f3n de im\u00e1genes, autenticaciones y otras consultas, contactar rellenando el siguiente cuestionario.<\/p>\n<p>[\/et_pb_text][et_pb_divider _builder_version=\u00bb3.26&#8243;]<\/p>\n<p><\/p>\n<p>[\/et_pb_divider][et_pb_contact_form email=\u00bbsantileonard54@gmail.com\u00bb title=\u00bb \u00bb custom_message=\u00bbFormulario de Contacto||et_pb_line_break_holder||Nom:%%Nom%%||et_pb_line_break_holder||Email:%%Email%%||et_pb_line_break_holder||Tel:%%Telf%%||et_pb_line_break_holder||Missatge: %%Missatge%%||et_pb_line_break_holder||Politica: %%politica%%||et_pb_line_break_holder||Comercial: %%comercial%%||et_pb_line_break_holder||\u00bb success_message=\u00bbMensaje Enviado\u00bb submit_button_text=\u00bbEnviar\u00bb _builder_version=\u00bb3.26&#8243; form_field_text_shadow_horizontal_length=\u00bbform_field_text_shadow_style,%91object Object%93&#8243; form_field_text_shadow_horizontal_length_tablet=\u00bb0px\u00bb form_field_text_shadow_vertical_length=\u00bbform_field_text_shadow_style,%91object Object%93&#8243; form_field_text_shadow_vertical_length_tablet=\u00bb0px\u00bb form_field_text_shadow_blur_strength=\u00bbform_field_text_shadow_style,%91object Object%93&#8243; form_field_text_shadow_blur_strength_tablet=\u00bb1px\u00bb text_shadow_horizontal_length=\u00bbtext_shadow_style,%91object Object%93&#8243; text_shadow_horizontal_length_tablet=\u00bb0px\u00bb text_shadow_vertical_length=\u00bbtext_shadow_style,%91object Object%93&#8243; text_shadow_vertical_length_tablet=\u00bb0px\u00bb text_shadow_blur_strength=\u00bbtext_shadow_style,%91object Object%93&#8243; text_shadow_blur_strength_tablet=\u00bb1px\u00bb title_text_shadow_horizontal_length=\u00bbtitle_text_shadow_style,%91object Object%93&#8243; title_text_shadow_horizontal_length_tablet=\u00bb0px\u00bb title_text_shadow_vertical_length=\u00bbtitle_text_shadow_style,%91object Object%93&#8243; title_text_shadow_vertical_length_tablet=\u00bb0px\u00bb title_text_shadow_blur_strength=\u00bbtitle_text_shadow_style,%91object Object%93&#8243; title_text_shadow_blur_strength_tablet=\u00bb1px\u00bb captcha_text_shadow_horizontal_length=\u00bbcaptcha_text_shadow_style,%91object Object%93&#8243; captcha_text_shadow_horizontal_length_tablet=\u00bb0px\u00bb captcha_text_shadow_vertical_length=\u00bbcaptcha_text_shadow_style,%91object Object%93&#8243; captcha_text_shadow_vertical_length_tablet=\u00bb0px\u00bb captcha_text_shadow_blur_strength=\u00bbcaptcha_text_shadow_style,%91object Object%93&#8243; captcha_text_shadow_blur_strength_tablet=\u00bb1px\u00bb button_text_shadow_horizontal_length=\u00bbbutton_text_shadow_style,%91object Object%93&#8243; button_text_shadow_horizontal_length_tablet=\u00bb0px\u00bb button_text_shadow_vertical_length=\u00bbbutton_text_shadow_style,%91object Object%93&#8243; button_text_shadow_vertical_length_tablet=\u00bb0px\u00bb button_text_shadow_blur_strength=\u00bbbutton_text_shadow_style,%91object Object%93&#8243; button_text_shadow_blur_strength_tablet=\u00bb1px\u00bb box_shadow_horizontal_button_tablet=\u00bb0px\u00bb box_shadow_vertical_button_tablet=\u00bb0px\u00bb box_shadow_blur_button_tablet=\u00bb40px\u00bb box_shadow_spread_button_tablet=\u00bb0px\u00bb box_shadow_horizontal_tablet=\u00bb0px\u00bb box_shadow_vertical_tablet=\u00bb0px\u00bb box_shadow_blur_tablet=\u00bb40px\u00bb box_shadow_spread_tablet=\u00bb0px\u00bb z_index_tablet=\u00bb500&#8243;][et_pb_contact_field field_id=\u00bbNom\u00bb field_title=\u00bbNombre\u00bb _builder_version=\u00bb3.26&#8243; border_radii=\u00bbon||||\u00bb button_text_size__hover_enabled=\u00bboff\u00bb button_one_text_size__hover_enabled=\u00bboff\u00bb button_two_text_size__hover_enabled=\u00bboff\u00bb button_text_color__hover_enabled=\u00bboff\u00bb button_one_text_color__hover_enabled=\u00bboff\u00bb button_two_text_color__hover_enabled=\u00bboff\u00bb button_border_width__hover_enabled=\u00bboff\u00bb button_one_border_width__hover_enabled=\u00bboff\u00bb button_two_border_width__hover_enabled=\u00bboff\u00bb button_border_color__hover_enabled=\u00bboff\u00bb button_one_border_color__hover_enabled=\u00bboff\u00bb button_two_border_color__hover_enabled=\u00bboff\u00bb button_border_radius__hover_enabled=\u00bboff\u00bb button_one_border_radius__hover_enabled=\u00bboff\u00bb button_two_border_radius__hover_enabled=\u00bboff\u00bb button_letter_spacing__hover_enabled=\u00bboff\u00bb button_one_letter_spacing__hover_enabled=\u00bboff\u00bb button_two_letter_spacing__hover_enabled=\u00bboff\u00bb button_bg_color__hover_enabled=\u00bboff\u00bb button_one_bg_color__hover_enabled=\u00bboff\u00bb button_two_bg_color__hover_enabled=\u00bboff\u00bb][\/et_pb_contact_field][et_pb_contact_field field_id=\u00bbEmail\u00bb field_title=\u00bbEmail\u00bb field_type=\u00bbemail\u00bb _builder_version=\u00bb3.26&#8243; border_radii=\u00bbon||||\u00bb button_text_size__hover_enabled=\u00bboff\u00bb button_one_text_size__hover_enabled=\u00bboff\u00bb button_two_text_size__hover_enabled=\u00bboff\u00bb button_text_color__hover_enabled=\u00bboff\u00bb button_one_text_color__hover_enabled=\u00bboff\u00bb button_two_text_color__hover_enabled=\u00bboff\u00bb button_border_width__hover_enabled=\u00bboff\u00bb button_one_border_width__hover_enabled=\u00bboff\u00bb button_two_border_width__hover_enabled=\u00bboff\u00bb button_border_color__hover_enabled=\u00bboff\u00bb button_one_border_color__hover_enabled=\u00bboff\u00bb button_two_border_color__hover_enabled=\u00bboff\u00bb button_border_radius__hover_enabled=\u00bboff\u00bb button_one_border_radius__hover_enabled=\u00bboff\u00bb button_two_border_radius__hover_enabled=\u00bboff\u00bb button_letter_spacing__hover_enabled=\u00bboff\u00bb button_one_letter_spacing__hover_enabled=\u00bboff\u00bb button_two_letter_spacing__hover_enabled=\u00bboff\u00bb button_bg_color__hover_enabled=\u00bboff\u00bb button_one_bg_color__hover_enabled=\u00bboff\u00bb button_two_bg_color__hover_enabled=\u00bboff\u00bb][\/et_pb_contact_field][et_pb_contact_field field_id=\u00bbTelf\u00bb field_title=\u00bbTel.\u00bb field_type=\u00bbtext\u00bb required_mark=\u00bboff\u00bb fullwidth_field=\u00bbon\u00bb _builder_version=\u00bb3.26&#8243; border_radii=\u00bbon||||\u00bb button_text_size__hover_enabled=\u00bboff\u00bb button_one_text_size__hover_enabled=\u00bboff\u00bb button_two_text_size__hover_enabled=\u00bboff\u00bb button_text_color__hover_enabled=\u00bboff\u00bb button_one_text_color__hover_enabled=\u00bboff\u00bb button_two_text_color__hover_enabled=\u00bboff\u00bb button_border_width__hover_enabled=\u00bboff\u00bb button_one_border_width__hover_enabled=\u00bboff\u00bb button_two_border_width__hover_enabled=\u00bboff\u00bb button_border_color__hover_enabled=\u00bboff\u00bb button_one_border_color__hover_enabled=\u00bboff\u00bb button_two_border_color__hover_enabled=\u00bboff\u00bb button_border_radius__hover_enabled=\u00bboff\u00bb button_one_border_radius__hover_enabled=\u00bboff\u00bb button_two_border_radius__hover_enabled=\u00bboff\u00bb button_letter_spacing__hover_enabled=\u00bboff\u00bb button_one_letter_spacing__hover_enabled=\u00bboff\u00bb button_two_letter_spacing__hover_enabled=\u00bboff\u00bb button_bg_color__hover_enabled=\u00bboff\u00bb button_one_bg_color__hover_enabled=\u00bboff\u00bb button_two_bg_color__hover_enabled=\u00bboff\u00bb][\/et_pb_contact_field][et_pb_contact_field field_id=\u00bbMissatge\u00bb field_title=\u00bbMensaje\u00bb field_type=\u00bbtext\u00bb fullwidth_field=\u00bbon\u00bb _builder_version=\u00bb3.26&#8243; border_radii=\u00bbon||||\u00bb button_text_size__hover_enabled=\u00bboff\u00bb button_one_text_size__hover_enabled=\u00bboff\u00bb button_two_text_size__hover_enabled=\u00bboff\u00bb button_text_color__hover_enabled=\u00bboff\u00bb button_one_text_color__hover_enabled=\u00bboff\u00bb button_two_text_color__hover_enabled=\u00bboff\u00bb button_border_width__hover_enabled=\u00bboff\u00bb button_one_border_width__hover_enabled=\u00bboff\u00bb button_two_border_width__hover_enabled=\u00bboff\u00bb button_border_color__hover_enabled=\u00bboff\u00bb button_one_border_color__hover_enabled=\u00bboff\u00bb button_two_border_color__hover_enabled=\u00bboff\u00bb button_border_radius__hover_enabled=\u00bboff\u00bb button_one_border_radius__hover_enabled=\u00bboff\u00bb button_two_border_radius__hover_enabled=\u00bboff\u00bb button_letter_spacing__hover_enabled=\u00bboff\u00bb button_one_letter_spacing__hover_enabled=\u00bboff\u00bb button_two_letter_spacing__hover_enabled=\u00bboff\u00bb button_bg_color__hover_enabled=\u00bboff\u00bb button_one_bg_color__hover_enabled=\u00bboff\u00bb button_two_bg_color__hover_enabled=\u00bboff\u00bb][\/et_pb_contact_field][et_pb_contact_field field_id=\u00bbpolitica\u00bb field_title=\u00bb.\u00bb field_type=\u00bbcheckbox\u00bb checkbox_options=\u00bb%91{%22value%22:%22Accepto la %22,%22checked%22:0,%22dragID%22:-1,%22link_url%22:%22http:\\\/\\\/jacquesleonard.com\\\/politica-de-privadesa\\\/%22,%22link_text%22:%22Pol\u00edtica de privacidad%22}%93&#8243; _builder_version=\u00bb3.26&#8243;][\/et_pb_contact_field][et_pb_contact_field field_id=\u00bbcomercial\u00bb field_title=\u00bb.\u00bb field_type=\u00bbcheckbox\u00bb checkbox_options=\u00bb%91{%22value%22:%22Acepto el env\u00edo de comunicaciones comerciales%22,%22checked%22:0,%22dragID%22:-1}%93&#8243; required_mark=\u00bboff\u00bb fullwidth_field=\u00bbon\u00bb _builder_version=\u00bb3.26&#8243;][\/et_pb_contact_field][\/et_pb_contact_form][et_pb_divider _builder_version=\u00bb3.26&#8243;]<\/p>\n<p><\/p>\n<p>[\/et_pb_divider][\/et_pb_column][\/et_pb_row][\/et_pb_section]<\/p>\n","protected":false},"excerpt":{"rendered":"<p>Contacto La Fundaci\u00f3n Photographic Social Vision representa desde el a\u00f1o 2015 al Archivo Familia Jacques L\u00e9onard cuyo objetivo es el de preservar la memoria, obra y trayectoria del fot\u00f3grafo y difundir su legado a trav\u00e9s de la organizaci\u00f3n de exposiciones, venta de fotograf\u00edas, defensa de los derechos de autor y contribuci\u00f3n a la investigaci\u00f3n hist\u00f3rica [&hellip;]<\/p>\n","protected":false},"author":1,"featured_media":0,"parent":0,"menu_order":0,"comment_status":"closed","ping_status":"closed","template":"","meta":{"_et_pb_use_builder":"on","_et_pb_old_content":"","_et_gb_content_width":"","footnotes":""},"class_list":["post-4703","page","type-page","status-publish","hentry"],"_links":{"self":[{"href":"https:\/\/www.jacquesleonard.com\/es\/wp-json\/wp\/v2\/pages\/4703","targetHints":{"allow":["GET"]}}],"collection":[{"href":"https:\/\/www.jacquesleonard.com\/es\/wp-json\/wp\/v2\/pages"}],"about":[{"href":"https:\/\/www.jacquesleonard.com\/es\/wp-json\/wp\/v2\/types\/page"}],"author":[{"embeddable":true,"href":"https:\/\/www.jacquesleonard.com\/es\/wp-json\/wp\/v2\/users\/1"}],"replies":[{"embeddable":true,"href":"https:\/\/www.jacquesleonard.com\/es\/wp-json\/wp\/v2\/comments?post=4703"}],"version-history":[{"count":5,"href":"https:\/\/www.jacquesleonard.com\/es\/wp-json\/wp\/v2\/pages\/4703\/revisions"}],"predecessor-version":[{"id":5678,"href":"https:\/\/www.jacquesleonard.com\/es\/wp-json\/wp\/v2\/pages\/4703\/revisions\/5678"}],"wp:attachment":[{"href":"https:\/\/www.jacquesleonard.com\/es\/wp-json\/wp\/v2\/media?parent=4703"}],"curies":[{"name":"wp","href":"https:\/\/api.w.org\/{rel}","templated":true}]}}