{"id":4728,"date":"2020-01-27T16:55:47","date_gmt":"2020-01-27T14:55:47","guid":{"rendered":"http:\/\/jacquesleonard.com\/romis\/"},"modified":"2020-05-28T00:45:36","modified_gmt":"2020-05-27T22:45:36","slug":"romis","status":"publish","type":"page","link":"https:\/\/www.jacquesleonard.com\/es\/romis\/","title":{"rendered":"Rom\u00eds"},"content":{"rendered":"<p>[et_pb_section fb_built=\u00bb1&#8243; _builder_version=\u00bb3.26&#8243; background_color=\u00bbrgba(0,0,0,0)\u00bb background_image=\u00bbhttp:\/\/jacquesleonard.com\/wp-content\/uploads\/2019\/09\/Juan-Amaya-1958_web-4.jpg\u00bb][et_pb_row _builder_version=\u00bb3.25&#8243; background_size=\u00bbinitial\u00bb background_position=\u00bbtop_left\u00bb background_repeat=\u00bbrepeat\u00bb][et_pb_column type=\u00bb4_4&#8243; _builder_version=\u00bb3.25&#8243; custom_padding=\u00bb|||\u00bb custom_padding__hover=\u00bb|||\u00bb][et_pb_text _builder_version=\u00bb3.26&#8243; header_font=\u00bb|300|||||||\u00bb background_size=\u00bbinitial\u00bb background_position=\u00bbtop_left\u00bb background_repeat=\u00bbrepeat\u00bb]<\/p>\n<h1 style=\"text-align: center;\">Rom\u00eds<\/h1>\n<p>&nbsp;<\/p>\n<p>&nbsp;<\/p>\n<p>[\/et_pb_text][et_pb_text _builder_version=\u00bb3.26&#8243;]La exposici\u00f3n <em>Rom\u00eds<\/em>, \u201cmujeres\u201d en lengua roman\u00ed, nace cuando los hermanos L\u00e9onard Amaya, \u00c1lex y Santi, deciden homenajear a la mujer gitana a trav\u00e9s de una selecci\u00f3n de fotograf\u00edas de su padre.<\/p>\n<p>En el proyecto personal de Jacques L\u00e9onard de documentar todos los aspectos de la cultura gitana, las mujeres adquieren un protagonismo especial y las im\u00e1genes reflejan la profunda admiraci\u00f3n que les profesaba.<\/p>\n<p>El hecho de haber entrado a formar parte de la comunidad gitana gracias a su boda con Rosario Amaya le permiti\u00f3 establecer complicidades con las fotografiadas y moverse y deambular con su c\u00e1mara por su privacidad e intimidad, creando im\u00e1genes que destilan sinceridad y naturalidad.<\/p>\n<p>Jacques L\u00e9onard ensalz\u00f3 la belleza, la experiencia, la sabidur\u00eda y la vida cotidiana de la mujer gitana dot\u00e1ndola de la dignidad y el respeto que se merece.[\/et_pb_text][et_pb_text _builder_version=\u00bb3.26&#8243;]<\/p>\n<p><em>Nadie como Jacques fotografi\u00f3 la vida y la forma de sentir de una \u00e9poca, donde la importancia de la mujer era vital para el funcionamiento de la propia comunidad Gitana. Sin ellas no hubiese sido posible el milagro de la vida.<\/em><\/p>\n<p><em>Es todo un honor poder dedicar estas palabras para alguien a quien admiro en sumo grado, y que es tan importante para m\u00ed. Ya que a trav\u00e9s de su legado he aprendido a amar, m\u00e1s si cabe, a mi pueblo. Y a respetar a la mujer como parte primordial de nuestra idiosincrasia y formas de ver la vida. Ellas son las reinas errantes del firmamento. Las madres leonas y protectoras de sus cuevas.<\/em><\/p>\n<p>Antonio Canales<\/p>\n<p>[\/et_pb_text][et_pb_text _builder_version=\u00bb3.26&#8243;]Producci\u00f3n y comisariado: Archivo Familia Jacques Le\u00f3nard[\/et_pb_text][et_pb_divider _builder_version=\u00bb3.26&#8243;][\/et_pb_divider][et_pb_text _builder_version=\u00bb3.26&#8243;]<strong>Ficha t\u00e9cnica <\/strong><\/p>\n<p><strong>\u00a0<\/strong>72 fotograf\u00edas digitales con paspart\u00fa y enmarcadas<\/p>\n<ul>\n<li>70 de 40,50 x 50,50 cm<\/li>\n<li>1 de\u00a0 70 x 70 cm<\/li>\n<li>1 de \u00a084 x 84 cm<\/li>\n<\/ul>\n<p>Pies de foto y texto introductorio en formato digital.[\/et_pb_text][et_pb_image _builder_version=\u00bb3.26&#8243;][\/et_pb_image][\/et_pb_column][\/et_pb_row][et_pb_row column_structure=\u00bb1_4,1_2,1_4&#8243; _builder_version=\u00bb3.26&#8243; collapsed=\u00bboff\u00bb][et_pb_column type=\u00bb1_4&#8243; _builder_version=\u00bb3.26&#8243;][\/et_pb_column][et_pb_column type=\u00bb1_2&#8243; _builder_version=\u00bb3.26&#8243;][et_pb_button button_url=\u00bbhttp:\/\/jacquesleonard.com\/contacto\/?lang=es\u00bb button_text=\u00bbM\u00e1s informaci\u00f3n de itinerancias y alquileres \u00bb _builder_version=\u00bb3.26&#8243; custom_button=\u00bbon\u00bb button_bg_color=\u00bb#47748e\u00bb button_font=\u00bb||||||||\u00bb button_icon=\u00bb%%3%%\u00bb button_icon_color=\u00bb#ffffff\u00bb background_layout=\u00bbdark\u00bb button_bg_color__hover_enabled=\u00bbon\u00bb][\/et_pb_button][\/et_pb_column][et_pb_column type=\u00bb1_4&#8243; _builder_version=\u00bb3.26&#8243;][\/et_pb_column][\/et_pb_row][et_pb_row column_structure=\u00bb1_4,1_4,1_4,1_4&#8243; _builder_version=\u00bb3.26&#8243;][et_pb_column type=\u00bb1_4&#8243; _builder_version=\u00bb3.26&#8243;][et_pb_image src=\u00bbhttp:\/\/jacquesleonard.com\/wp-content\/uploads\/2019\/12\/c2c_002_0537.jpg\u00bb _builder_version=\u00bb3.26&#8243;][\/et_pb_image][et_pb_text _builder_version=\u00bb3.26&#8243;]Somorrostro. Barcelona, <em>ca<\/em>. 1960[\/et_pb_text][\/et_pb_column][et_pb_column type=\u00bb1_4&#8243; _builder_version=\u00bb3.26&#8243;][et_pb_image src=\u00bbhttp:\/\/jacquesleonard.com\/wp-content\/uploads\/2019\/12\/romis1.jpg\u00bb _builder_version=\u00bb3.26&#8243;][\/et_pb_image][et_pb_text _builder_version=\u00bb3.26&#8243;]Rosario y Josefa Amaya. Montju\u00efc. Barcelona, <em>ca.<\/em> 1950[\/et_pb_text][\/et_pb_column][et_pb_column type=\u00bb1_4&#8243; _builder_version=\u00bb3.26&#8243;][et_pb_image src=\u00bbhttp:\/\/jacquesleonard.com\/wp-content\/uploads\/2019\/12\/romis2.jpg\u00bb _builder_version=\u00bb3.26&#8243;][\/et_pb_image][et_pb_text _builder_version=\u00bb3.26&#8243;]La Fona. Pasaje de la Vinyeta, Barcelona, <em>ca.<\/em> 1960[\/et_pb_text][\/et_pb_column][et_pb_column type=\u00bb1_4&#8243; _builder_version=\u00bb3.26&#8243;][et_pb_image src=\u00bbhttp:\/\/jacquesleonard.com\/wp-content\/uploads\/2019\/12\/romis3.jpg\u00bb _builder_version=\u00bb3.26&#8243;][\/et_pb_image][et_pb_text _builder_version=\u00bb3.26&#8243;]La Estruje. Montju\u00efc. Barcelona, <em>ca<\/em>. 1960[\/et_pb_text][\/et_pb_column][\/et_pb_row][\/et_pb_section]<\/p>\n","protected":false},"excerpt":{"rendered":"<p>Rom\u00eds &nbsp; &nbsp;La exposici\u00f3n Rom\u00eds, \u201cmujeres\u201d en lengua roman\u00ed, nace cuando los hermanos L\u00e9onard Amaya, \u00c1lex y Santi, deciden homenajear a la mujer gitana a trav\u00e9s de una selecci\u00f3n de fotograf\u00edas de su padre. En el proyecto personal de Jacques L\u00e9onard de documentar todos los aspectos de la cultura gitana, las mujeres adquieren un protagonismo [&hellip;]<\/p>\n","protected":false},"author":1,"featured_media":0,"parent":0,"menu_order":0,"comment_status":"closed","ping_status":"closed","template":"","meta":{"_et_pb_use_builder":"on","_et_pb_old_content":"","_et_gb_content_width":"","footnotes":""},"class_list":["post-4728","page","type-page","status-publish","hentry"],"_links":{"self":[{"href":"https:\/\/www.jacquesleonard.com\/es\/wp-json\/wp\/v2\/pages\/4728","targetHints":{"allow":["GET"]}}],"collection":[{"href":"https:\/\/www.jacquesleonard.com\/es\/wp-json\/wp\/v2\/pages"}],"about":[{"href":"https:\/\/www.jacquesleonard.com\/es\/wp-json\/wp\/v2\/types\/page"}],"author":[{"embeddable":true,"href":"https:\/\/www.jacquesleonard.com\/es\/wp-json\/wp\/v2\/users\/1"}],"replies":[{"embeddable":true,"href":"https:\/\/www.jacquesleonard.com\/es\/wp-json\/wp\/v2\/comments?post=4728"}],"version-history":[{"count":5,"href":"https:\/\/www.jacquesleonard.com\/es\/wp-json\/wp\/v2\/pages\/4728\/revisions"}],"predecessor-version":[{"id":4961,"href":"https:\/\/www.jacquesleonard.com\/es\/wp-json\/wp\/v2\/pages\/4728\/revisions\/4961"}],"wp:attachment":[{"href":"https:\/\/www.jacquesleonard.com\/es\/wp-json\/wp\/v2\/media?parent=4728"}],"curies":[{"name":"wp","href":"https:\/\/api.w.org\/{rel}","templated":true}]}}