{"id":4733,"date":"2020-01-27T17:05:03","date_gmt":"2020-01-27T15:05:03","guid":{"rendered":"http:\/\/jacquesleonard.com\/evades-29-decembre-1943-2\/"},"modified":"2020-05-28T00:43:29","modified_gmt":"2020-05-27T22:43:29","slug":"evades-29-decembre-1943-2","status":"publish","type":"page","link":"https:\/\/www.jacquesleonard.com\/es\/evades-29-decembre-1943-2\/","title":{"rendered":"\u00c9vad\u00e9s. 29 d\u00e9cembre 1943"},"content":{"rendered":"<p>[et_pb_section fb_built=\u00bb1&#8243; _builder_version=\u00bb3.26&#8243; background_color=\u00bbrgba(0,0,0,0)\u00bb background_image=\u00bbhttp:\/\/jacquesleonard.com\/wp-content\/uploads\/2019\/09\/Juan-Amaya-1958_web-4.jpg\u00bb][et_pb_row _builder_version=\u00bb3.25&#8243; background_size=\u00bbinitial\u00bb background_position=\u00bbtop_left\u00bb background_repeat=\u00bbrepeat\u00bb][et_pb_column type=\u00bb4_4&#8243; _builder_version=\u00bb3.25&#8243; custom_padding=\u00bb|||\u00bb custom_padding__hover=\u00bb|||\u00bb][et_pb_text _builder_version=\u00bb3.26&#8243; header_font=\u00bb|300|||||||\u00bb background_size=\u00bbinitial\u00bb background_position=\u00bbtop_left\u00bb background_repeat=\u00bbrepeat\u00bb]<\/p>\n<h1 style=\"text-align: center;\">\u00c9vad\u00e9s. 29 D\u00e9cembre 1943<\/h1>\n<p>\u00a0<\/p>\n<p>\u00a0<\/p>\n<p>[\/et_pb_text][et_pb_text _builder_version=\u00bb3.26&#8243;]En 2017, durante la realizaci\u00f3n de un inventario exhaustivo del Archivo Jacques L\u00e9onard, se descubrieron un grupo de negativos y copias originales que tratan la llegada y concentraci\u00f3n de refugiados franceses en la plaza de toros de M\u00e1laga en 1943, justo antes de ser embarcados hacia el norte de \u00c1frica.<\/p>\n<p>Seg\u00fan el historiador Josep Calvet, especialista en el paso de refugiados a trav\u00e9s de los Pirineos huyendo de la guerra y de sus consecuencias y que ha investigado este episodio, es tratar\u00eda de un testimonio gr\u00e1fico, por lo que sabemos hasta hoy, pr\u00e1cticamente \u00fanico.<\/p>\n<p>Jacques L\u00e9onard viaj\u00f3 a Espa\u00f1a en busca de localizaciones para una pel\u00edcula de Abel Gance sobre Crist\u00f3bal Col\u00f3n que no se lleg\u00f3 a rodar debido a la situaci\u00f3n b\u00e9lica en Europa. Fue probablemente entonces cuando realiz\u00f3 el reportaje en M\u00e1laga y en otras ciudades espa\u00f1olas, formando parte de la red de colaboradores encargada de ayudar a los refugiados a salir del pa\u00eds.[\/et_pb_text][et_pb_text _builder_version=\u00bb3.26&#8243;]<em>Jacques L\u00e9onard dej\u00f3 constancia con sus fotograf\u00edas [&#8230;] de la estancia en la plaza de toros de M\u00e1laga de un numeroso grupo de j\u00f3venes que esperaban la orden para abandonar Espa\u00f1a [&#8230;.]. Este grupo ten\u00eda que marcharse el 26 de diciembre de 1943, despu\u00e9s de Navidad, pero, por circunstancias no aclaradas, la salida se aplaz\u00f3 hasta el d\u00eda 29, lo que alarg\u00f3 la espera de los que se amontonaban en aquel alojamiento improvisado [&#8230;]. Las fotograf\u00edas de L\u00e9onard muestran a los muchachos luciendo una tarjeta de identificaci\u00f3n en la que constan su nombre y apellidos, y representan una fuente de primer orden para ilustrar la partida de refugiados desde puertos espa\u00f1oles. Probablemente, se trata del \u00fanico material gr\u00e1fico conocido hasta hoy de este episodio hist\u00f3rico que, durante d\u00e9cadas, se hab\u00eda mantenido en el olvido en Espa\u00f1a.<\/em><\/p>\n<p><em>\u00a0<\/em>Josep Calvet[\/et_pb_text][et_pb_text _builder_version=\u00bb3.26&#8243;]Producci\u00f3n y comisariado: Galeria Marc Dom\u00e8nech y Photographic Social Vision[\/et_pb_text][et_pb_divider _builder_version=\u00bb3.26&#8243;][\/et_pb_divider][et_pb_text _builder_version=\u00bb3.26&#8243;]<strong>Ficha t\u00e9cnica <\/strong><\/p>\n<p><strong>\u00a0<\/strong><\/p>\n<ul>\n<li>15 copias originales (12 x 18 cm) con paspart\u00fa y enmarcadas, de dimensiones 38 x 32 cm<\/li>\n<li>5 copias originales de 8,5 x 6 cm sin enmarcar<\/li>\n<li>5 copias actuales de 30 x 30 cm con paspart\u00fa y enmarcadas, de dimensiones 38 x 38 cm<\/li>\n<li>4 retratos de Jacques L\u00e9onard<\/li>\n<li>C\u00e1mara Rolleiflex de 1958<\/li>\n<\/ul>\n<p>No hay pies de foto. Texto introductorio y texto del historiador Josep Calvet en formato digital.[\/et_pb_text][\/et_pb_column][\/et_pb_row][et_pb_row column_structure=\u00bb1_4,1_2,1_4&#8243; _builder_version=\u00bb3.26&#8243; collapsed=\u00bboff\u00bb][et_pb_column type=\u00bb1_4&#8243; _builder_version=\u00bb3.26&#8243;][\/et_pb_column][et_pb_column type=\u00bb1_2&#8243; _builder_version=\u00bb3.26&#8243;][et_pb_button button_url=\u00bbhttp:\/\/jacquesleonard.com\/contacto\/?lang=es\u00bb button_text=\u00bbM\u00e1s informaci\u00f3n de itinerancias y alquileres \u00bb _builder_version=\u00bb3.26&#8243; custom_button=\u00bbon\u00bb button_bg_color=\u00bb#47748e\u00bb button_font=\u00bb||||||||\u00bb button_icon=\u00bb%%3%%\u00bb button_icon_color=\u00bb#ffffff\u00bb background_layout=\u00bbdark\u00bb button_bg_color__hover_enabled=\u00bbon\u00bb][\/et_pb_button][\/et_pb_column][et_pb_column type=\u00bb1_4&#8243; _builder_version=\u00bb3.26&#8243;][\/et_pb_column][\/et_pb_row][et_pb_row column_structure=\u00bb1_4,1_4,1_4,1_4&#8243; _builder_version=\u00bb3.26&#8243;][et_pb_column type=\u00bb1_4&#8243; _builder_version=\u00bb3.26&#8243;][et_pb_image src=\u00bbhttp:\/\/jacquesleonard.com\/wp-content\/uploads\/2019\/09\/Logo-AJBCNAFB-2-3.jpg\u00bb url=\u00bbhttps:\/\/ajuntament.barcelona.cat\/arxiumunicipal\/arxiufotografic\/ca\/home\u00bb url_new_window=\u00bbon\u00bb _builder_version=\u00bb3.26&#8243;][\/et_pb_image][\/et_pb_column][et_pb_column type=\u00bb1_4&#8243; _builder_version=\u00bb3.26&#8243;][et_pb_image src=\u00bbhttp:\/\/jacquesleonard.com\/wp-content\/uploads\/2019\/12\/LOGO-GMD-1.jpg\u00bb url=\u00bbhttp:\/\/www.galeriamarcdomenech.com\/\u00bb url_new_window=\u00bbon\u00bb _builder_version=\u00bb3.26&#8243;][\/et_pb_image][\/et_pb_column][et_pb_column type=\u00bb1_4&#8243; _builder_version=\u00bb3.26&#8243;][et_pb_image src=\u00bbhttp:\/\/jacquesleonard.com\/wp-content\/uploads\/2019\/12\/logo-docfield-barcelona-2-1.jpg\u00bb url=\u00bbhttps:\/\/docfieldbarcelona.org\/\u00bb url_new_window=\u00bbon\u00bb _builder_version=\u00bb3.26&#8243; width=\u00bb100%\u00bb][\/et_pb_image][\/et_pb_column][et_pb_column type=\u00bb1_4&#8243; _builder_version=\u00bb3.26&#8243;][\/et_pb_column][\/et_pb_row][et_pb_row column_structure=\u00bb1_4,1_4,1_4,1_4&#8243; _builder_version=\u00bb3.26&#8243;][et_pb_column type=\u00bb1_4&#8243; _builder_version=\u00bb3.26&#8243;][et_pb_image src=\u00bbhttp:\/\/jacquesleonard.com\/wp-content\/uploads\/2019\/11\/C2C_006_428-Small.jpg\u00bb _builder_version=\u00bb3.26&#8243;][\/et_pb_image][et_pb_text _builder_version=\u00bb3.26&#8243;]Plaza de toros. M\u00e1laga, 1943[\/et_pb_text][\/et_pb_column][et_pb_column type=\u00bb1_4&#8243; _builder_version=\u00bb3.26&#8243;][et_pb_image src=\u00bbhttp:\/\/jacquesleonard.com\/wp-content\/uploads\/2019\/11\/C2C_006_436-Small.jpg\u00bb _builder_version=\u00bb3.26&#8243;][\/et_pb_image][et_pb_text _builder_version=\u00bb3.26&#8243;]Lugar desconocido, 1943[\/et_pb_text][\/et_pb_column][et_pb_column type=\u00bb1_4&#8243; _builder_version=\u00bb3.26&#8243;][et_pb_image src=\u00bbhttp:\/\/jacquesleonard.com\/wp-content\/uploads\/2019\/11\/C2C_006_431-Small.jpg\u00bb _builder_version=\u00bb3.26&#8243;][\/et_pb_image][et_pb_text _builder_version=\u00bb3.26&#8243;]Plaza de toros. M\u00e1laga, 1943[\/et_pb_text][\/et_pb_column][et_pb_column type=\u00bb1_4&#8243; _builder_version=\u00bb3.26&#8243;][et_pb_image src=\u00bbhttp:\/\/jacquesleonard.com\/wp-content\/uploads\/2019\/11\/C2C_006_444-Small.jpg\u00bb _builder_version=\u00bb3.26&#8243;][\/et_pb_image][et_pb_text _builder_version=\u00bb3.26&#8243;]Plaza de toros. M\u00e1laga, 1943[\/et_pb_text][\/et_pb_column][\/et_pb_row][\/et_pb_section]<\/p>\n","protected":false},"excerpt":{"rendered":"<p>\u00c9vad\u00e9s. 29 D\u00e9cembre 1943 \u00a0 \u00a0En 2017, durante la realizaci\u00f3n de un inventario exhaustivo del Archivo Jacques L\u00e9onard, se descubrieron un grupo de negativos y copias originales que tratan la llegada y concentraci\u00f3n de refugiados franceses en la plaza de toros de M\u00e1laga en 1943, justo antes de ser embarcados hacia el norte de \u00c1frica. [&hellip;]<\/p>\n","protected":false},"author":1,"featured_media":0,"parent":0,"menu_order":0,"comment_status":"closed","ping_status":"closed","template":"","meta":{"_et_pb_use_builder":"on","_et_pb_old_content":"","_et_gb_content_width":"","footnotes":""},"class_list":["post-4733","page","type-page","status-publish","hentry"],"_links":{"self":[{"href":"https:\/\/www.jacquesleonard.com\/es\/wp-json\/wp\/v2\/pages\/4733","targetHints":{"allow":["GET"]}}],"collection":[{"href":"https:\/\/www.jacquesleonard.com\/es\/wp-json\/wp\/v2\/pages"}],"about":[{"href":"https:\/\/www.jacquesleonard.com\/es\/wp-json\/wp\/v2\/types\/page"}],"author":[{"embeddable":true,"href":"https:\/\/www.jacquesleonard.com\/es\/wp-json\/wp\/v2\/users\/1"}],"replies":[{"embeddable":true,"href":"https:\/\/www.jacquesleonard.com\/es\/wp-json\/wp\/v2\/comments?post=4733"}],"version-history":[{"count":4,"href":"https:\/\/www.jacquesleonard.com\/es\/wp-json\/wp\/v2\/pages\/4733\/revisions"}],"predecessor-version":[{"id":4957,"href":"https:\/\/www.jacquesleonard.com\/es\/wp-json\/wp\/v2\/pages\/4733\/revisions\/4957"}],"wp:attachment":[{"href":"https:\/\/www.jacquesleonard.com\/es\/wp-json\/wp\/v2\/media?parent=4733"}],"curies":[{"name":"wp","href":"https:\/\/api.w.org\/{rel}","templated":true}]}}