{"id":5018,"date":"2020-06-06T21:28:39","date_gmt":"2020-06-06T19:28:39","guid":{"rendered":"http:\/\/jacquesleonard.com\/avis-juridique\/"},"modified":"2020-06-06T21:28:40","modified_gmt":"2020-06-06T19:28:40","slug":"avis-juridique","status":"publish","type":"page","link":"https:\/\/www.jacquesleonard.com\/fr\/avis-juridique\/","title":{"rendered":"Av\u00eds juridique"},"content":{"rendered":"<p>[et_pb_section fb_built=\u00a0\u00bb1&Prime; _builder_version=\u00a0\u00bb3.26&Prime;][et_pb_row _builder_version=\u00a0\u00bb3.26&Prime;][et_pb_column type=\u00a0\u00bb4_4&Prime; _builder_version=\u00a0\u00bb3.26&Prime;][et_pb_text _builder_version=\u00a0\u00bb3.26&Prime;]<\/p>\n<h2><strong> AVIS JURIDIQUE <\/strong><\/h2>\n<p>Afin de se conformer \u00e0 l&rsquo;article 10 de la loi 34\/2002 sur les services de la soci\u00e9t\u00e9 de l&rsquo;information et du commerce \u00e9lectronique, nous informerons les utilisateurs des donn\u00e9es suivantes:<\/p>\n<p>Nom de l&rsquo;entreprise: Fundaci\u00f3 Photographic Social Vision<\/p>\n<p>Adresse de l&rsquo;entreprise: Trafalgar 19, principal 1 a B, 08010 Barcelona, \u200b\u200b(Barcelona)<\/p>\n<p>Num\u00e9ro d&rsquo;identification fiscale: G 6257356<\/p>\n<p>T\u00e9l\u00e9phone: 932173663<\/p>\n<p>Courriel: psv@photographicsocialvision.org<\/p>\n<p>Site Web: www.photographicsocialvision.org<\/p>\n<p>Donn\u00e9es d&rsquo;enregistrement:<\/p>\n<p><strong> 1.- Objet du contrat <\/strong><\/p>\n<p><strong> Fundaci\u00f3 Photographic Social Vision <\/strong> (ci-apr\u00e8s le fournisseur), en tant qu&rsquo;entit\u00e9 responsable du site Web, fournit ce document aux utilisateurs, qui r\u00e9glemente l&rsquo;utilisation du site Web <strong> www.photographicsocialvision.org &lt;\/ strong &gt;, par lequel nous entendons respecter les obligations \u00e9nonc\u00e9es dans la loi 34\/2002 pour les services de la soci\u00e9t\u00e9 de l&rsquo;information et du commerce \u00e9lectronique (LSSICE ou LSSI), ainsi que pour informer tous les utilisateurs des conditions d&rsquo;utilisation du site.<\/strong><\/p>\n<p>Par le biais du Web, la <strong> Vision sociale photographique de la Fundaci\u00f3 <\/strong> offre aux utilisateurs l&rsquo;acc\u00e8s et l&rsquo;utilisation de diff\u00e9rents services et contenus mis \u00e0 disposition sur le Web.<\/p>\n<p>Toute personne acc\u00e9dant \u00e0 ce site Web assume le r\u00f4le d&rsquo;Utilisateur (ci-apr\u00e8s, l&rsquo;Utilisateur), ce qui implique par cons\u00e9quent l&rsquo;acceptation pleine et enti\u00e8re de chacune des dispositions incluses dans la pr\u00e9sente notice l\u00e9gale, ainsi que de toute autre disposition l\u00e9gale d&rsquo;application.<\/p>\n<p>En tant qu&rsquo;utilisateur, vous devez lire attentivement cet avis juridique pour toutes les occasions que vous acc\u00e9dez au Web, car il peut y avoir des modifications, \u00e9tant donn\u00e9 que le fournisseur se r\u00e9serve le droit de modifier tout type d&rsquo;informations pouvant appara\u00eetre sur le Web. sans avoir \u00e0 pr\u00e9-avertir ou \u00e0 informer les utilisateurs de ces changements, ne serait-ce que la simple publication sur le site Internet du Prestataire.<\/p>\n<ol start=\"2\">\n<li><strong> CONDITIONS D&rsquo;ACC\u00c8S ET D&rsquo;UTILISATION DU WEB. <\/strong><\/li>\n<\/ol>\n<p><strong> 2.1. Acc\u00e8s et utilisation gratuits du Web. <\/strong><\/p>\n<p>La fourniture de services par <strong> Fundaci\u00f3 Photographic Social Vision <\/strong> est gratuite pour tous les utilisateurs. Cependant, certains des services fournis par le fournisseur via le Web peuvent \u00eatre soumis au paiement d&rsquo;un prix sp\u00e9cifique en vertu du contrat g\u00e9n\u00e9ral de conditions.<\/p>\n<p><strong> 2.2. Inscription des utilisateurs. <\/strong><\/p>\n<p>En g\u00e9n\u00e9ral, le rendu des Services ne n\u00e9cessite pas d&rsquo;abonnement ou d&rsquo;enregistrement pr\u00e9alable des Utilisateurs. N\u00e9anmoins, <strong> Fundaci\u00f3 Photographic Social Vision <\/strong> ne conditionne l&rsquo;utilisation de certains services que si l&rsquo;utilisateur a pr\u00e9alablement rempli le formulaire d&rsquo;inscription correspondant. Cette inscription doit \u00eatre effectu\u00e9e de la mani\u00e8re express\u00e9ment indiqu\u00e9e dans la section de service elle-m\u00eame.<\/p>\n<p><strong> 2.3. Exactitude et v\u00e9racit\u00e9 des informations <\/strong><\/p>\n<p>Toutes les informations fournies par l&rsquo;utilisateur doivent \u00eatre exactes et v\u00e9ridiques. A ces fins, l&rsquo;Utilisateur garantit l&rsquo;authenticit\u00e9 des donn\u00e9es fournies via les formulaires de souscription des Services. L&rsquo;Utilisateur est tenu de maintenir \u00e0 jour toutes les informations fournies \u00e0 <strong> Fundaci\u00f3 Photographic Social Vision <\/strong> de mani\u00e8re \u00e0 ce qu&rsquo;elles refl\u00e8tent, \u00e0 tout moment, leur situation r\u00e9elle. En tout \u00e9tat de cause, l&rsquo;Utilisateur sera seul responsable des d\u00e9clarations fausses ou inexactes qu&rsquo;il a fournies, ainsi que des dommages qui pourraient en r\u00e9sulter pour le prestataire ou des tiers.<\/p>\n<p><strong> 2.4. Mineurs <\/strong><\/p>\n<p>Pour l&rsquo;utilisation des services, les mineurs doivent toujours obtenir le consentement pr\u00e9alable de leurs parents, tuteurs ou repr\u00e9sentants l\u00e9gaux, qui sont en fin de compte responsables de tous les actes accomplis par ces mineurs sous leur garde. Ils sont \u00e9galement charg\u00e9s de d\u00e9terminer les contenus sp\u00e9cifiques auxquels les mineurs acc\u00e8dent, c&rsquo;est-\u00e0-dire qu&rsquo;en cas d&rsquo;acc\u00e8s mineur \u00e0 des contenus inappropri\u00e9s via Internet, ils devront mettre en place des m\u00e9canismes dans leurs ordinateurs, notamment des programmes informatiques, des filtres et des blocs, qui sont destin\u00e9s \u00e0 limiter les contenus disponibles et, bien qu&rsquo;ils ne soient pas infaillibles, ils sont d&rsquo;une utilit\u00e9 particuli\u00e8re pour contr\u00f4ler et restreindre les mat\u00e9riaux auxquels les mineurs peuvent \u00eatre expos\u00e9s.<\/p>\n<p><strong> 2.5. Obligation de faire un usage correct du Web. <\/strong><\/p>\n<p>L&rsquo;Utilisateur s&rsquo;engage \u00e0 utiliser le Site Internet conform\u00e9ment \u00e0 la Loi et aux pr\u00e9sentes Mentions L\u00e9gales, ainsi que conform\u00e9ment \u00e0 la morale et aux bonnes coutumes. \u00c0 cette fin, l&rsquo;utilisateur s&rsquo;abstient d&rsquo;utiliser la page \u00e0 des fins ill\u00e9gales ou interdites, et \/ ou pr\u00e9judiciables aux droits et int\u00e9r\u00eats de tiers, et \/ ou qui de quelque mani\u00e8re que ce soit peuvent endommager, d\u00e9sactiver, surcharger, d\u00e9t\u00e9riorer ou emp\u00eacher l&rsquo;utilisation normale d&rsquo;\u00e9quipements informatiques ou de documents, de fichiers et de toutes sortes de contenus stock\u00e9s sur tout \u00e9quipement informatique du fournisseur.<\/p>\n<p>A titre indicatif mais non limitatif, l&rsquo;Utilisateur s&rsquo;engage \u00e0 ne pas transmettre, diffuser ou mettre \u00e0 la disposition de tiers des informations, donn\u00e9es, contenus, messages, graphismes, dessins, fichiers son ou image, photographies, enregistrements, logiciels et, en g\u00e9n\u00e9ral, tout parentd de mat\u00e9riel qui:<\/p>\n<p>(a) est contraire, m\u00e9prise ou tente de porter atteinte aux droits fondamentaux et aux libert\u00e9s publiques reconnus par la Constitution espagnole, les trait\u00e9s internationaux et les autres lois en vigueur;<\/p>\n<p>(b) incite, incite ou promeut des actions criminelles, d\u00e9gradantes, diffamatoires, violentes ou, en g\u00e9n\u00e9ral, contraires \u00e0 la loi, \u00e0 la morale et \u00e0 l&rsquo;ordre public;<\/p>\n<p>(c) induire, inciter ou promouvoir des actions, attitudes ou pens\u00e9es discriminatoires fond\u00e9es sur le sexe, la race, la religion, les croyances, l&rsquo;\u00e2ge ou la condition;<\/p>\n<p>(d) est contraire aux droits relatifs \u00e0 l&rsquo;honneur, \u00e0 la vie priv\u00e9e ou familiale ou \u00e0 l&rsquo;image de la personne;<\/p>\n<p>(e) porte atteinte de quelque mani\u00e8re que ce soit \u00e0 la cr\u00e9dibilit\u00e9 du fournisseur ou de tiers; et<\/p>\n<p>(f) constitue une publicit\u00e9 illicite, trompeuse ou d\u00e9loyale.<\/p>\n<p><strong> 3.- EXCLUSION DE GARANTIES ET DE RESPONSABILIT\u00c9 <\/strong><\/p>\n<p>Le fournisseur est exempt\u00e9 de toute responsabilit\u00e9 d\u00e9coulant des informations publi\u00e9es sur notre site Web, chaque fois que ces informations ont \u00e9t\u00e9 manipul\u00e9es ou introduites par un tiers.<\/p>\n<p>Ce site Web a \u00e9t\u00e9 r\u00e9vis\u00e9 et test\u00e9 pour fonctionner correctement. En principe, son bon fonctionnement garanti 365 jours par an, 24h \/ 24. Cependant, le fournisseur n&rsquo;exclut pas la possibilit\u00e9 qu&rsquo;il puisse y avoir certaines erreurs de programmation, ou que des causes de force majeure, des catastrophes naturelles, des gr\u00e8ves ou des circonstances similaires puissent rendre impossible l&rsquo;acc\u00e8s au site Web.<\/p>\n<p><strong> Fundaci\u00f3 Photographic Social Vision <\/strong> n&rsquo;accorde aucune garantie et n&rsquo;est en aucun cas responsable des dommages de toute nature qui pourraient r\u00e9sulter du manque de disponibilit\u00e9, de maintenance et de fonctionnement efficace du site Web ou ses services et contenus; de l&rsquo;existence de virus, programmes malveillants ou contenus nuisibles; de l&rsquo;utilisation illicite, par n\u00e9gligence, frauduleuse ou contraire aux pr\u00e9sentes mentions l\u00e9gales et conditions d&rsquo;utilisation; ou le manque de l\u00e9galit\u00e9, de qualit\u00e9, de fiabilit\u00e9, d&rsquo;utilit\u00e9 et de disponibilit\u00e9 des services fournis par des tiers et des requ\u00eates mises \u00e0 la disposition des utilisateurs sur le site.<\/p>\n<p>Le fournisseur n&rsquo;est en aucun cas responsable de tous les dommages qui pourraient r\u00e9sulter de l&rsquo;utilisation ill\u00e9gale ou inappropri\u00e9e de ce site Web.<\/p>\n<p><strong> 4.- COOKIES [ADAPT\u00c9 AU CAS SP\u00c9CIFIQUE] <\/strong><\/p>\n<p>Le site Web du fournisseur peut utiliser des cookies (petits fichiers d&rsquo;informations que le serveur envoie \u00e0 l&rsquo;ordinateur de la personne acc\u00e9dant \u00e0 la page) pour effectuer certaines fonctions consid\u00e9r\u00e9es comme essentielles au bon fonctionnement et \u00e0 la visualisation du site Web. Les cookies utilis\u00e9s ont, en tout \u00e9tat de cause, un caract\u00e8re temporaire, dans le seul but de rendre la navigation plus efficace, et ils doivent dispara\u00eetre une fois la session de l&rsquo;utilisateur termin\u00e9e.<\/p>\n<p>En aucun cas, les cookies ne seront utilis\u00e9s pour collecter des informations personnelles.<\/p>\n<p>Pour plus d&rsquo;informations, consultez notre politique de cookies. <strong> [LIEN AVEC LA POLITIQUE DES COOKIES] <\/strong><\/p>\n<p><strong> 5.- LIENS <\/strong><\/p>\n<p>\u00c0 partir du site Web, vous pouvez \u00eatre redirig\u00e9 vers du contenu tiers. Comme il n&rsquo;est pas toujours possible de contr\u00f4ler le contenu saisi par des tiers, <strong> Fundaci\u00f3 Photographic Social Vision <\/strong> n&rsquo;assume aucune responsabilit\u00e9 concernant ces contenus. Dans tous les cas, le fournisseur d\u00e9clare entreprendre le retrait imm\u00e9diat de tout contenu qui pourrait contrevenir aux lois nationales ou internationales, aux bonnes m\u0153urs ou \u00e0 l&rsquo;ordre public, en proc\u00e9dant \u00e9galement au retrait imm\u00e9diat de la redirection vers ces sites Web, ainsi qu&rsquo;en informant les autorit\u00e9s comp\u00e9tentes des contenu en question.<\/p>\n<p>Le fournisseur n&rsquo;est pas responsable des informations et du contenu stock\u00e9 qui peuvent \u00eatre inclus mais non limit\u00e9s aux forums, chats, g\u00e9n\u00e9rateurs de blogs, commentaires, r\u00e9seaux sociaux ou tout autre moyen permettant \u00e0 des tiers de publier de mani\u00e8re ind\u00e9pendante le contenu du site Web du fournisseur. Cependant, et conform\u00e9ment aux dispositions de l&rsquo;art. 11 et 16 de la LSSICE (loi sur la soci\u00e9t\u00e9 de l&rsquo;information et le commerce \u00e9lectronique en Espagne), le fournisseur s&rsquo;engage \u00e0 \u00eatre disponible pour tous les utilisateurs, autorit\u00e9s et forces de s\u00e9curit\u00e9, afin de collaborer activement au retrait ou, si n\u00e9cessaire, au blocage de tout contenu qui peut affecter ou contrevenir aux lois nationales ou internationales, aux droits de tiers ou \u00e0 des fins de moralit\u00e9 et d&rsquo;ordre public. Dans le cas o\u00f9 l&rsquo;utilisateur consid\u00e8re qu&rsquo;il pourrait y avoir un contenu susceptible d&rsquo;\u00eatre soumis \u00e0 cette classification, il doit en informer imm\u00e9diatement l&rsquo;administrateur du site.<\/p>\n<p><strong> 6.- PROTECTION DES DONN\u00c9ES PERSONNELLES <\/strong><\/p>\n<p>Le fournisseur est profond\u00e9ment engag\u00e9 \u00e0 respecter le respect des r\u00e8gles de protection des donn\u00e9es personnelles et garantit le plein respect des obligations \u00e9nonc\u00e9es dans lesdits r\u00e8glements, ce qui inclut \u00e9galement la mise en \u0153uvre des mesures de s\u00e9curit\u00e9 \u00e9tablies dans le r\u00e8glement europ\u00e9en sur la protection des donn\u00e9es et la r\u00e9glementation espagnole sur les donn\u00e9es. protection. Pour plus d&rsquo;informations, veuillez lire notre politique de confidentialit\u00e9.<\/p>\n<ol start=\"7\">\n<li><strong> R\u00c9SEAUX SOCIAUX <\/strong><\/li>\n<\/ol>\n<p>Nous vous informons que <strong> Vision sociale photographique de la Fundaci\u00f3 <\/strong><br \/>\npeut \u00eatre pr\u00e9sent dans les r\u00e9seaux sociaux. Le traitement des donn\u00e9es que les utilisateurs incluent dans les r\u00e9seaux sociaux [en devenant des adeptes du fournisseur dans les r\u00e9seaux sociaux (et \/ ou en r\u00e9alisant tout lien ou action de connexion \u00e0 travers ceux-ci)] sera r\u00e9gi par cette section, ainsi que par les conditions d&rsquo;utilisation, les politiques de confidentialit\u00e9 et les r\u00e9glementations pour l&rsquo;acc\u00e8s et l&rsquo;utilisation des r\u00e9seaux sociaux en question et sont pr\u00e9alablement accept\u00e9es par l&rsquo;utilisateur.<\/p>\n<p><strong> Fundaci\u00f3 Photographic Social Vision <\/strong> traitera vos donn\u00e9es afin de vous informer des activit\u00e9s, produits ou services du fournisseur via ces r\u00e9seaux sociaux, ainsi qu&rsquo;\u00e0 toute autre fin autoris\u00e9e par la r\u00e9glementation des r\u00e9seaux sociaux, mais ne sera pas responsable de leurs politiques de confidentialit\u00e9.<\/p>\n<p>Les publications de contenu suivantes sont interdites:<\/p>\n<p>&#8211; Attendu qu&rsquo;ils sont ill\u00e9gaux au regard des r\u00e9glementations nationales, communautaires ou internationales ou qu&rsquo;ils m\u00e8nent des activit\u00e9s pr\u00e9tendument ill\u00e9gales ou contraires aux principes de bonne foi.<\/p>\n<p>&#8211; Alors qu&rsquo;ils menacent les droits fondamentaux des personnes, le manque de courtoisie dans le r\u00e9seau, agace ou peut g\u00e9n\u00e9rer des opinions n\u00e9gatives sur nos utilisateurs ou des tiers et en g\u00e9n\u00e9ral quel que soit le contenu que la <strong> Fundaci\u00f3 Photographic Social Vision <\/strong> juge inappropri\u00e9.<\/p>\n<p>&#8211; Et d&rsquo;une mani\u00e8re g\u00e9n\u00e9rale, alors qu&rsquo;elles contreviennent aux principes de l\u00e9galit\u00e9, d&rsquo;honn\u00eatet\u00e9, de responsabilit\u00e9, de protection de la dignit\u00e9 humaine, de protection des mineurs, de protection de l&rsquo;ordre public, de la vie priv\u00e9e, de la protection des consommateurs et des droits de propri\u00e9t\u00e9 intellectuelle et industrielle.<\/p>\n<p>De plus, <strong> Fundaci\u00f3 Photographic Social Vision <\/strong> se r\u00e9serve le droit de supprimer, sans pr\u00e9avis du site Web ou du r\u00e9seau social d&rsquo;entreprise, les contenus jug\u00e9s inappropri\u00e9s.<\/p>\n<p><strong> 8.- PROPRI\u00c9T\u00c9 INTELLECTUELLE ET INDUSTRIELLE <\/strong><\/p>\n<p>Le site Web, y compris, mais sans s&rsquo;y limiter, la programmation, l&rsquo;\u00e9dition, la compilation et autres \u00e9l\u00e9ments n\u00e9cessaires \u00e0 son fonctionnement, les conceptions, logos, textes, photographies et \/ ou graphiques sont tous la propri\u00e9t\u00e9 du fournisseur ou, si n\u00e9cessaire, son utilisation est bas\u00e9e sur un accord de licence ou une autorisation expresse de la part du ou des propri\u00e9taires. Tous les contenus du site sont d\u00fbment prot\u00e9g\u00e9s par les r\u00e8gles de la propri\u00e9t\u00e9 intellectuelle et industrielle.<\/p>\n<p>Quelle que soit la finalit\u00e9 pour laquelle ils \u00e9taient destin\u00e9s, la reproduction totale ou partielle, l&rsquo;utilisation, la distribution et la communication publique n\u00e9cessitent une autorisation \u00e9crite pr\u00e9alable du Prestataire. Toute utilisation non pr\u00e9alablement autoris\u00e9e par le Prestataire sera consid\u00e9r\u00e9e comme une violation grave des droits de propri\u00e9t\u00e9 intellectuelle ou industrielle du ou des propri\u00e9taires.<\/p>\n<p>Les dessins, logos, textes et \/ ou graphiques qui ne sont pas li\u00e9s au fournisseur et qui peuvent appara\u00eetre sur le site Web sont la propri\u00e9t\u00e9 de leurs propri\u00e9taires respectifs, \u00e9tant eux-m\u00eames responsables de tout litige \u00e9ventuel qui pourrait survenir \u00e0 leur \u00e9gard. Dans tous les cas, le fournisseur a l&rsquo;autorisation expresse et pr\u00e9alable de ces propri\u00e9taires.<\/p>\n<p>Le fournisseur reconna\u00eet, en faveur des propri\u00e9taires, leurs droits de propri\u00e9t\u00e9 industrielle et intellectuelle correspondants, par lesquels leur mention ou leur apparition sur le site Web n&rsquo;implique pas l&rsquo;existence de droits ou de responsabilit\u00e9 du fournisseur \u00e0 leur \u00e9gard, ni approbation, parrainage ou recommandation de lui.<\/p>\n<p>Pour faire tout type d&rsquo;observation concernant d&rsquo;\u00e9ventuelles violations des droits de propri\u00e9t\u00e9 intellectuelle ou industrielle, ainsi que tout contenu du site Web, vous pouvez contacter le fournisseur par le biais de l&rsquo;e-mail fourni ci-dessus.<\/p>\n<p><strong> 9.- LOI APPLICABLE ET JURIDICTION <\/strong><\/p>\n<p>Pour la r\u00e9solution des litiges ou probl\u00e8mes li\u00e9s \u00e0 ce site Web ou aux activit\u00e9s qui y sont d\u00e9velopp\u00e9es, ils seront r\u00e9gis par les lois applicables en Espagne, auxquelles les parties se soumettent express\u00e9ment, \u00e0 savoir les tribunaux de <strong> Fundaci\u00f3 Photographic Social Vision <\/strong> en tant qu&rsquo;entit\u00e9s comp\u00e9tentes qui doivent r\u00e9soudre tous les litiges qui d\u00e9coulent ou sont li\u00e9s \u00e0 l&rsquo;utilisation effectu\u00e9e par ces parties.<br \/>\n[\/et_pb_text][\/et_pb_column][\/et_pb_row][\/et_pb_section]<\/p>\n","protected":false},"excerpt":{"rendered":"<p>AVIS JURIDIQUE Afin de se conformer \u00e0 l&rsquo;article 10 de la loi 34\/2002 sur les services de la soci\u00e9t\u00e9 de l&rsquo;information et du commerce \u00e9lectronique, nous informerons les utilisateurs des donn\u00e9es suivantes: Nom de l&rsquo;entreprise: Fundaci\u00f3 Photographic Social Vision Adresse de l&rsquo;entreprise: Trafalgar 19, principal 1 a B, 08010 Barcelona, \u200b\u200b(Barcelona) Num\u00e9ro d&rsquo;identification fiscale: G [&hellip;]<\/p>\n","protected":false},"author":1,"featured_media":0,"parent":0,"menu_order":0,"comment_status":"closed","ping_status":"closed","template":"","meta":{"_et_pb_use_builder":"on","_et_pb_old_content":"","_et_gb_content_width":"","footnotes":""},"class_list":["post-5018","page","type-page","status-publish","hentry"],"_links":{"self":[{"href":"https:\/\/www.jacquesleonard.com\/fr\/wp-json\/wp\/v2\/pages\/5018","targetHints":{"allow":["GET"]}}],"collection":[{"href":"https:\/\/www.jacquesleonard.com\/fr\/wp-json\/wp\/v2\/pages"}],"about":[{"href":"https:\/\/www.jacquesleonard.com\/fr\/wp-json\/wp\/v2\/types\/page"}],"author":[{"embeddable":true,"href":"https:\/\/www.jacquesleonard.com\/fr\/wp-json\/wp\/v2\/users\/1"}],"replies":[{"embeddable":true,"href":"https:\/\/www.jacquesleonard.com\/fr\/wp-json\/wp\/v2\/comments?post=5018"}],"version-history":[{"count":1,"href":"https:\/\/www.jacquesleonard.com\/fr\/wp-json\/wp\/v2\/pages\/5018\/revisions"}],"predecessor-version":[{"id":5019,"href":"https:\/\/www.jacquesleonard.com\/fr\/wp-json\/wp\/v2\/pages\/5018\/revisions\/5019"}],"wp:attachment":[{"href":"https:\/\/www.jacquesleonard.com\/fr\/wp-json\/wp\/v2\/media?parent=5018"}],"curies":[{"name":"wp","href":"https:\/\/api.w.org\/{rel}","templated":true}]}}