{"id":5020,"date":"2020-06-06T21:29:37","date_gmt":"2020-06-06T19:29:37","guid":{"rendered":"http:\/\/jacquesleonard.com\/filmographie\/"},"modified":"2020-06-06T21:29:38","modified_gmt":"2020-06-06T19:29:38","slug":"filmographie","status":"publish","type":"page","link":"https:\/\/www.jacquesleonard.com\/fr\/filmographie\/","title":{"rendered":"Filmographie"},"content":{"rendered":"<p>[et_pb_section fb_built=\u00a0\u00bb1&Prime; admin_label=\u00a0\u00bbFilmografia\u00a0\u00bb _builder_version=\u00a0\u00bb3.26&Prime;][et_pb_row _builder_version=\u00a0\u00bb3.26&Prime;][et_pb_column type=\u00a0\u00bb4_4&Prime; _builder_version=\u00a0\u00bb3.26&Prime;][et_pb_text admin_label=\u00a0\u00bbFilmografia\u00a0\u00bb _builder_version=\u00a0\u00bb3.26&Prime; text_font=\u00a0\u00bb|300|||||||\u00a0\u00bb header_font=\u00a0\u00bb|300|||||||\u00a0\u00bb]<\/p>\n<h2 style=\"text-align: left;\"><span style=\"color: #47748e;\">Filmographie<\/span><\/h2>\n<p>[\/et_pb_text][et_pb_divider color=\u00a0\u00bb#47748e\u00a0\u00bb _builder_version=\u00a0\u00bb3.26&Prime;][\/et_pb_divider][\/et_pb_column][\/et_pb_row][et_pb_row column_structure=\u00a0\u00bb1_2,1_2&Prime; _builder_version=\u00a0\u00bb3.26&Prime;][et_pb_column type=\u00a0\u00bb1_2&Prime; _builder_version=\u00a0\u00bb3.26&Prime;][et_pb_video src=\u00a0\u00bbhttps:\/\/youtu.be\/KCJCZQOy0xk\u00a0\u00bb _builder_version=\u00a0\u00bb3.26&Prime;][\/et_pb_video][et_pb_text _builder_version=\u00a0\u00bb3.26&Prime;]<strong>Jacques L\u00e9onard, El payo Chac<\/strong>,\u00a0r\u00e9alis\u00e9 par Yago L\u00e9onard et produit par Curt Ficcions Curt Produccions 2011.<br \/>\n[\/et_pb_text][\/et_pb_column][et_pb_column type=\u00a0\u00bb1_2&Prime; _builder_version=\u00a0\u00bb3.26&Prime;][et_pb_video src=\u00a0\u00bbhttps:\/\/www.youtube.com\/watch?v=xGjNbA8k7XI\u00a0\u00bb _builder_version=\u00a0\u00bb3.26&Prime;][\/et_pb_video][et_pb_text _builder_version=\u00a0\u00bb3.26&Prime;]<strong>Jacques L\u00e9onard, que ni gitano ni payo<\/strong>, r\u00e9alis\u00e9 par Juan Parrilla et produit par Manuela Brioa 2019[\/et_pb_text][\/et_pb_column][\/et_pb_row][\/et_pb_section]<\/p>\n","protected":false},"excerpt":{"rendered":"<p>FilmographieJacques L\u00e9onard, El payo Chac,\u00a0r\u00e9alis\u00e9 par Yago L\u00e9onard et produit par Curt Ficcions Curt Produccions 2011. Jacques L\u00e9onard, que ni gitano ni payo, r\u00e9alis\u00e9 par Juan Parrilla et produit par Manuela Brioa 2019<\/p>\n","protected":false},"author":1,"featured_media":0,"parent":0,"menu_order":0,"comment_status":"closed","ping_status":"closed","template":"","meta":{"_et_pb_use_builder":"on","_et_pb_old_content":"","_et_gb_content_width":"","footnotes":""},"class_list":["post-5020","page","type-page","status-publish","hentry"],"_links":{"self":[{"href":"https:\/\/www.jacquesleonard.com\/fr\/wp-json\/wp\/v2\/pages\/5020","targetHints":{"allow":["GET"]}}],"collection":[{"href":"https:\/\/www.jacquesleonard.com\/fr\/wp-json\/wp\/v2\/pages"}],"about":[{"href":"https:\/\/www.jacquesleonard.com\/fr\/wp-json\/wp\/v2\/types\/page"}],"author":[{"embeddable":true,"href":"https:\/\/www.jacquesleonard.com\/fr\/wp-json\/wp\/v2\/users\/1"}],"replies":[{"embeddable":true,"href":"https:\/\/www.jacquesleonard.com\/fr\/wp-json\/wp\/v2\/comments?post=5020"}],"version-history":[{"count":1,"href":"https:\/\/www.jacquesleonard.com\/fr\/wp-json\/wp\/v2\/pages\/5020\/revisions"}],"predecessor-version":[{"id":5021,"href":"https:\/\/www.jacquesleonard.com\/fr\/wp-json\/wp\/v2\/pages\/5020\/revisions\/5021"}],"wp:attachment":[{"href":"https:\/\/www.jacquesleonard.com\/fr\/wp-json\/wp\/v2\/media?parent=5020"}],"curies":[{"name":"wp","href":"https:\/\/api.w.org\/{rel}","templated":true}]}}