{"id":5022,"date":"2020-06-06T21:36:13","date_gmt":"2020-06-06T19:36:13","guid":{"rendered":"http:\/\/jacquesleonard.com\/bibliographie\/"},"modified":"2020-06-07T20:34:08","modified_gmt":"2020-06-07T18:34:08","slug":"bibliographie","status":"publish","type":"page","link":"https:\/\/www.jacquesleonard.com\/fr\/bibliographie\/","title":{"rendered":"Bibliographie"},"content":{"rendered":"<p>[et_pb_section fb_built=\u00a0\u00bb1&Prime; admin_label=\u00a0\u00bbBibliografia\u00a0\u00bb _builder_version=\u00a0\u00bb3.26&Prime; min_height=\u00a0\u00bb100px\u00a0\u00bb][et_pb_row _builder_version=\u00a0\u00bb3.26&Prime; background_enable_color=\u00a0\u00bboff\u00a0\u00bb][et_pb_column type=\u00a0\u00bb4_4&Prime; _builder_version=\u00a0\u00bb3.26&Prime;][et_pb_text admin_label=\u00a0\u00bbBibliografia\u00a0\u00bb _builder_version=\u00a0\u00bb3.26&Prime; text_font=\u00a0\u00bb|300|||||||\u00a0\u00bb header_font=\u00a0\u00bb|300|||||||\u00a0\u00bb header_text_color=\u00a0\u00bb#ffffff\u00a0\u00bb]<\/p>\n<h2 style=\"text-align: left;\">Bibliographie<\/h2>\n<p>[\/et_pb_text][et_pb_divider color=\u00a0\u00bb#47748e\u00a0\u00bb _builder_version=\u00a0\u00bb3.26&Prime;][\/et_pb_divider][\/et_pb_column][\/et_pb_row][et_pb_row column_structure=\u00a0\u00bb1_4,1_4,1_4,1_4&Prime; _builder_version=\u00a0\u00bb3.26&Prime;][et_pb_column type=\u00a0\u00bb1_4&Prime; _builder_version=\u00a0\u00bb3.26&Prime;][et_pb_image src=\u00a0\u00bbhttp:\/\/jacquesleonard.com\/wp-content\/uploads\/2020\/01\/thebulls-01-2.jpg\u00a0\u00bb align=\u00a0\u00bbright\u00a0\u00bb admin_label=\u00a0\u00bbImatge The Bulls\u00a0\u00bb _builder_version=\u00a0\u00bb3.26&Prime;][\/et_pb_image][\/et_pb_column][et_pb_column type=\u00a0\u00bb1_4&Prime; _builder_version=\u00a0\u00bb3.26&Prime;][et_pb_text admin_label=\u00a0\u00bbLes Taureaux\u00a0\u00bb _builder_version=\u00a0\u00bb3.26&Prime;]<span style=\"color: #47748e;\"><strong>Les Taureaux &#8211; The Bulls<br \/>\n<\/strong><\/span><strong>Jacques L\u00e9onard (text)<\/strong><br \/>\n<strong>Galle, Gonshani, \u00a0Jacques L\u00e9onard, Mateo i Valls, (photos)<\/strong><br \/>\n<strong>Xavier Blanch, Jos\u00e9 Granyer i Josep Maria Prim \u00a0(illustrations)<\/strong><br \/>\nEditorial Barna,<br \/>\nBarcelona, 1956<br \/>\n[\/et_pb_text][\/et_pb_column][et_pb_column type=\u00a0\u00bb1_4&Prime; _builder_version=\u00a0\u00bb3.26&Prime;][et_pb_image src=\u00a0\u00bbhttp:\/\/jacquesleonard.com\/wp-content\/uploads\/2019\/09\/Montserrat.jpg\u00a0\u00bb align=\u00a0\u00bbright\u00a0\u00bb admin_label=\u00a0\u00bbImatge Montserrat\u00a0\u00bb _builder_version=\u00a0\u00bb3.26&Prime;][\/et_pb_image][\/et_pb_column][et_pb_column type=\u00a0\u00bb1_4&Prime; _builder_version=\u00a0\u00bb3.26&Prime;][et_pb_text admin_label=\u00a0\u00bbMontserrat\u00a0\u00bb _builder_version=\u00a0\u00bb3.26&Prime;]<span style=\"color: #47748e;\"><strong>Montserrat<br \/>\n<\/strong><\/span><strong>Jacques L\u00e9onard (photos)<br \/>\n<\/strong>Editorial Barna,<br \/>\nBarcelona, 1958[\/et_pb_text][\/et_pb_column][\/et_pb_row][et_pb_row column_structure=\u00a0\u00bb1_4,1_4,1_4,1_4&Prime; _builder_version=\u00a0\u00bb3.26&Prime;][et_pb_column type=\u00a0\u00bb1_4&Prime; _builder_version=\u00a0\u00bb3.26&Prime;][et_pb_image src=\u00a0\u00bbhttp:\/\/jacquesleonard.com\/wp-content\/uploads\/2019\/09\/Menorca.jpg\u00a0\u00bb align=\u00a0\u00bbright\u00a0\u00bb admin_label=\u00a0\u00bbImatge menorca\u00a0\u00bb _builder_version=\u00a0\u00bb3.26&Prime;][\/et_pb_image][\/et_pb_column][et_pb_column type=\u00a0\u00bb1_4&Prime; _builder_version=\u00a0\u00bb3.26&Prime;][et_pb_text admin_label=\u00a0\u00bbMenorca\u00a0\u00bb _builder_version=\u00a0\u00bb3.26&Prime;]<span style=\"color: #47748e;\"><strong>Menorca, l\u2019illa desconeguda<br \/>\n<\/strong><\/span><strong>N. Rubi\u00f3 Tudur\u00ed, M.LL. Serra i J. Hern\u00e1ndez Mora (textes) i Jacques L\u00e9onard (photos)<br \/>\n<\/strong>Editorial Barna,<br \/>\nBarcelona, 1964[\/et_pb_text][\/et_pb_column][et_pb_column type=\u00a0\u00bb1_4&Prime; _builder_version=\u00a0\u00bb3.26&Prime;][et_pb_image src=\u00a0\u00bbhttp:\/\/jacquesleonard.com\/wp-content\/uploads\/2019\/09\/Barcelona-gitana.jpg\u00a0\u00bb align=\u00a0\u00bbright\u00a0\u00bb admin_label=\u00a0\u00bbImatge Barcelona Gitana\u00a0\u00bb _builder_version=\u00a0\u00bb3.26&Prime;][\/et_pb_image][\/et_pb_column][et_pb_column type=\u00a0\u00bb1_4&Prime; _builder_version=\u00a0\u00bb3.26&Prime;][et_pb_text admin_label=\u00a0\u00bbBarcelona Gitana\u00a0\u00bb _builder_version=\u00a0\u00bb3.26&Prime;]<span style=\"color: #47748e;\"><strong>Barcelona Gitana, 1954-1974<br \/>\n<\/strong><\/span><strong>Jordi Calafell\u00a0 i Jes\u00fas Ulled (textes)<br \/>\nJacques L\u00e9onard (photos)<br \/>\n<\/strong>La F\u00e1brica Editorial i Ajuntament de Barcelona, 2011.[\/et_pb_text][\/et_pb_column][\/et_pb_row][et_pb_row column_structure=\u00a0\u00bb1_4,1_4,1_4,1_4&Prime; _builder_version=\u00a0\u00bb3.26&Prime;][et_pb_column type=\u00a0\u00bb1_4&Prime; _builder_version=\u00a0\u00bb3.26&Prime;][et_pb_image src=\u00a0\u00bbhttp:\/\/jacquesleonard.com\/wp-content\/uploads\/2019\/09\/Mitad-payo-mitad-gitano.jpeg\u00a0\u00bb align=\u00a0\u00bbright\u00a0\u00bb admin_label=\u00a0\u00bbimatge Mitad payo, mitad gitano\u00a0\u00bb _builder_version=\u00a0\u00bb3.26&Prime;][\/et_pb_image][\/et_pb_column][et_pb_column type=\u00a0\u00bb1_4&Prime; _builder_version=\u00a0\u00bb3.26&Prime;][et_pb_text admin_label=\u00a0\u00bbMitad payo, mitad gitano\u00a0\u00bb _builder_version=\u00a0\u00bb3.26&Prime;]<span style=\"color: #47748e;\"><strong>Mitad payo, mitad gitano<br \/>\n<\/strong><\/span><strong>Jes\u00fas Ulled<br \/>\n<\/strong>Edicions Destino, S.A.,<br \/>\nBarcelona ,2012[\/et_pb_text][\/et_pb_column][et_pb_column type=\u00a0\u00bb1_4&Prime; _builder_version=\u00a0\u00bb3.26&Prime;][et_pb_image src=\u00a0\u00bbhttp:\/\/jacquesleonard.com\/wp-content\/uploads\/2019\/11\/Cata\u0300leg-Vila-Casas.jpg\u00a0\u00bb align=\u00a0\u00bbright\u00a0\u00bb admin_label=\u00a0\u00bbImatge exposici\u00f3 Barcelona Gitana\u00a0\u00bb _builder_version=\u00a0\u00bb3.26&Prime;][\/et_pb_image][\/et_pb_column][et_pb_column type=\u00a0\u00bb1_4&Prime; _builder_version=\u00a0\u00bb3.26&Prime;][et_pb_text admin_label=\u00a0\u00bbexposici\u00f3 Barcelona Gitana\u00a0\u00bb _builder_version=\u00a0\u00bb3.26&Prime;]<span style=\"color: #47748e;\"><strong>Cat\u00e0leg de l\u2019exposici\u00f3 <\/strong><\/span><span style=\"color: #47748e;\"><strong>Barcelona Gitana<\/strong><\/span><em>.<br \/>\n<\/em><strong>Jordi Calafell\u00a0 i Maria Planas (textes)<\/strong><em><br \/>\n<\/em> Fundaci\u00f3 Vila Casas, 2016[\/et_pb_text][\/et_pb_column][\/et_pb_row][et_pb_row column_structure=\u00a0\u00bb1_4,1_4,1_4,1_4&Prime; _builder_version=\u00a0\u00bb3.26&Prime;][et_pb_column type=\u00a0\u00bb1_4&Prime; _builder_version=\u00a0\u00bb3.26&Prime;][et_pb_image src=\u00a0\u00bbhttp:\/\/jacquesleonard.com\/wp-content\/uploads\/2019\/09\/Mondes-Tsiganes.jpg\u00a0\u00bb align=\u00a0\u00bbright\u00a0\u00bb admin_label=\u00a0\u00bbImatge Mondes tsiganes\u00a0\u00bb _builder_version=\u00a0\u00bb3.26&Prime;][\/et_pb_image][\/et_pb_column][et_pb_column type=\u00a0\u00bb1_4&Prime; _builder_version=\u00a0\u00bb3.26&Prime;][et_pb_text admin_label=\u00a0\u00bbMondes tsiganes\u00a0\u00bb _builder_version=\u00a0\u00bb3.26&Prime;]<span style=\"color: #47748e;\"><strong>Mondes tsiganes. Une histoire photographique, 1860-1980<br \/>\n<\/strong><\/span><strong>Ilsen About, Mathieu Pernot et Ad\u00e8le Sutre<br \/>\n<\/strong>Mus\u00e9e National de l\u2019histoire de l\u2019immigration-Actes Sud,<br \/>\nPar\u00eds, 2018.[\/et_pb_text][\/et_pb_column][et_pb_column type=\u00a0\u00bb1_4&Prime; _builder_version=\u00a0\u00bb3.26&Prime;][et_pb_image src=\u00a0\u00bbhttp:\/\/jacquesleonard.com\/wp-content\/uploads\/2019\/09\/Les-musiciens-gitans.jpg\u00a0\u00bb align=\u00a0\u00bbright\u00a0\u00bb admin_label=\u00a0\u00bbImatge Les musiciens\u00a0\u00bb _builder_version=\u00a0\u00bb3.26&Prime;][\/et_pb_image][\/et_pb_column][et_pb_column type=\u00a0\u00bb1_4&Prime; _builder_version=\u00a0\u00bb3.26&Prime;][et_pb_text admin_label=\u00a0\u00bbLes musiciens\u00a0\u00bb _builder_version=\u00a0\u00bb3.26&Prime;]<span style=\"color: #47748e;\"><strong>Les musiciens gitans de la rumba<br \/>\n<\/strong><\/span><strong>Guy Bertrand<\/strong><span style=\"color: #47748e;\"><strong><br \/>\n<\/strong><\/span>Editions de la Flandonni\u00e8re,<br \/>\nSaint Saturnin, Fran\u00e7a, 2018[\/et_pb_text][\/et_pb_column][\/et_pb_row][\/et_pb_section]<\/p>\n","protected":false},"excerpt":{"rendered":"<p>BibliographieLes Taureaux &#8211; The Bulls Jacques L\u00e9onard (text) Galle, Gonshani, \u00a0Jacques L\u00e9onard, Mateo i Valls, (photos) Xavier Blanch, Jos\u00e9 Granyer i Josep Maria Prim \u00a0(illustrations) Editorial Barna, Barcelona, 1956 Montserrat Jacques L\u00e9onard (photos) Editorial Barna, Barcelona, 1958Menorca, l\u2019illa desconeguda N. Rubi\u00f3 Tudur\u00ed, M.LL. Serra i J. Hern\u00e1ndez Mora (textes) i Jacques L\u00e9onard (photos) Editorial Barna, [&hellip;]<\/p>\n","protected":false},"author":1,"featured_media":0,"parent":0,"menu_order":0,"comment_status":"closed","ping_status":"closed","template":"","meta":{"_et_pb_use_builder":"on","_et_pb_old_content":"","_et_gb_content_width":"","footnotes":""},"class_list":["post-5022","page","type-page","status-publish","hentry"],"_links":{"self":[{"href":"https:\/\/www.jacquesleonard.com\/fr\/wp-json\/wp\/v2\/pages\/5022","targetHints":{"allow":["GET"]}}],"collection":[{"href":"https:\/\/www.jacquesleonard.com\/fr\/wp-json\/wp\/v2\/pages"}],"about":[{"href":"https:\/\/www.jacquesleonard.com\/fr\/wp-json\/wp\/v2\/types\/page"}],"author":[{"embeddable":true,"href":"https:\/\/www.jacquesleonard.com\/fr\/wp-json\/wp\/v2\/users\/1"}],"replies":[{"embeddable":true,"href":"https:\/\/www.jacquesleonard.com\/fr\/wp-json\/wp\/v2\/comments?post=5022"}],"version-history":[{"count":5,"href":"https:\/\/www.jacquesleonard.com\/fr\/wp-json\/wp\/v2\/pages\/5022\/revisions"}],"predecessor-version":[{"id":5139,"href":"https:\/\/www.jacquesleonard.com\/fr\/wp-json\/wp\/v2\/pages\/5022\/revisions\/5139"}],"wp:attachment":[{"href":"https:\/\/www.jacquesleonard.com\/fr\/wp-json\/wp\/v2\/media?parent=5022"}],"curies":[{"name":"wp","href":"https:\/\/api.w.org\/{rel}","templated":true}]}}