{"id":5045,"date":"2020-06-06T21:52:36","date_gmt":"2020-06-06T19:52:36","guid":{"rendered":"http:\/\/jacquesleonard.com\/romis\/"},"modified":"2020-06-07T20:28:25","modified_gmt":"2020-06-07T18:28:25","slug":"romis","status":"publish","type":"page","link":"https:\/\/www.jacquesleonard.com\/fr\/romis\/","title":{"rendered":"Rom\u00eds"},"content":{"rendered":"<p>[et_pb_section fb_built=\u00a0\u00bb1&Prime; _builder_version=\u00a0\u00bb3.26&Prime; background_color=\u00a0\u00bbrgba(0,0,0,0)\u00a0\u00bb background_image=\u00a0\u00bbhttp:\/\/jacquesleonard.com\/wp-content\/uploads\/2019\/09\/Juan-Amaya-1958_web-4.jpg\u00a0\u00bb][et_pb_row _builder_version=\u00a0\u00bb3.25&Prime; background_size=\u00a0\u00bbinitial\u00a0\u00bb background_position=\u00a0\u00bbtop_left\u00a0\u00bb background_repeat=\u00a0\u00bbrepeat\u00a0\u00bb][et_pb_column type=\u00a0\u00bb4_4&Prime; _builder_version=\u00a0\u00bb3.25&Prime; custom_padding=\u00a0\u00bb|||\u00a0\u00bb custom_padding__hover=\u00a0\u00bb|||\u00a0\u00bb][et_pb_text _builder_version=\u00a0\u00bb3.26&Prime; header_font=\u00a0\u00bb|300|||||||\u00a0\u00bb background_size=\u00a0\u00bbinitial\u00a0\u00bb background_position=\u00a0\u00bbtop_left\u00a0\u00bb background_repeat=\u00a0\u00bbrepeat\u00a0\u00bb]<\/p>\n<h1 style=\"text-align: center;\">Rom\u00eds<\/h1>\n<p>[\/et_pb_text][et_pb_text _builder_version=\u00a0\u00bb3.26&Prime;]L\u2019exposition <em>Romis<\/em>, femmes en langue romani, est n\u00e9e lorsque les fr\u00e8res L\u00e9onard, Alex et Santi ont d\u00e9cid\u00e9 de rendre hommage \u00e0 la gitane \u00e0 travers une s\u00e9lection de photographies de leur p\u00e8re.<br \/>\nDans le projet personnel de Jacques L\u00e9onard de documenter tous les aspects de la culture gitane. Les femmes acqui\u00e8rent un r\u00f4le particulier et les images refl\u00e8tent la profonde admiration qu\u2019il professait pour elles. Le fait de faire partie de la communaut\u00e9 gitane gr\u00e2ce au mariage avec Rosario Amaya lui a permis d\u2019\u00e9tablir des complicit\u00e9s avec les personnages repr\u00e9sent\u00e9s et de se d\u00e9placer et de marcher avec son appareil photo par son intimit\u00e9 cr\u00e9ant des images qui distillent la sinc\u00e9rit\u00e9 et le naturel. Jacques L\u00e9onard a salu\u00e9 la beaut\u00e9, l\u2019exp\u00e9rience, la sagesse et la vie quotidienne de la femme gitane, lui conf\u00e9rant la dignit\u00e9 et le respect qu\u2019elle m\u00e9rite.[\/et_pb_text][et_pb_text _builder_version=\u00a0\u00bb3.26&Prime;]<em>Personne comme Jacques n\u2019a photographi\u00e9 la vie et la mani\u00e8re de ressentir d\u2019une \u00e9poque o\u00f9 l\u2019importance des femmes \u00e9tait vitale pour le fonctionnement de la communaut\u00e9 rom elle-m\u00eame. Sans eux, le miracle de la vie n\u2019aurait pas \u00e9t\u00e9 possible.<br \/>\n<\/em><\/p>\n<p><em>C\u2019est un honneur de pouvoir d\u00e9dier ces paroles \u00e0 quelqu\u2019un que j\u2019admire le plus et qui est si important pour moi. Parce que gr\u00e2ce \u00e0 son h\u00e9ritage, j\u2019ai appris \u00e0 aimer, plus si possible, mon peuple, et de respecter les femmes comme un \u00e9l\u00e9ment fondamental de nos particularit\u00e9s et de nos fa\u00e7ons de voir la vie. Ce sont les reines errantes du firmament. Les lions m\u00e8res et protecteurs de leurs grottes.<\/em><\/p>\n<p>Antonio Canales[\/et_pb_text][et_pb_text _builder_version=\u00a0\u00bb3.26&Prime;]Production et commissariat : Archives familiales Jacques L\u00e9onard[\/et_pb_text][et_pb_divider _builder_version=\u00a0\u00bb3.26&Prime;][\/et_pb_divider][et_pb_text _builder_version=\u00a0\u00bb3.26&Prime;]<strong>Dossier technique:<\/strong><\/p>\n<p><strong>\u00a0<\/strong>72 photographies num\u00e9riques avec passe-partout et encadr\u00e9es<\/p>\n<ul>\n<li>70 de 40,50 x 50,50 cm<\/li>\n<li>1 de 70 x 70 cm<\/li>\n<li>1 de 84 x 84 cm<\/li>\n<\/ul>\n<p>L\u00e9gendes des photos et texte d\u2019introduction au format num\u00e9rique.[\/et_pb_text][et_pb_image _builder_version=\u00a0\u00bb3.26&Prime;][\/et_pb_image][\/et_pb_column][\/et_pb_row][et_pb_row column_structure=\u00a0\u00bb1_4,1_2,1_4&Prime; _builder_version=\u00a0\u00bb3.26&Prime; collapsed=\u00a0\u00bboff\u00a0\u00bb][et_pb_column type=\u00a0\u00bb1_4&Prime; _builder_version=\u00a0\u00bb3.26&Prime;][\/et_pb_column][et_pb_column type=\u00a0\u00bb1_2&Prime; _builder_version=\u00a0\u00bb3.26&Prime;][et_pb_button button_url=\u00a0\u00bb\/?page_id=314&Prime; button_text=\u00a0\u00bbPlus d\u2019informations sur l\u2019itin\u00e9rance et la location.\u00a0\u00bb _builder_version=\u00a0\u00bb3.26&Prime; custom_button=\u00a0\u00bbon\u00a0\u00bb button_bg_color=\u00a0\u00bb#47748e\u00a0\u00bb button_font=\u00a0\u00bb||||||||\u00a0\u00bb button_icon=\u00a0\u00bb%%3%%\u00a0\u00bb button_icon_color=\u00a0\u00bb#ffffff\u00a0\u00bb background_layout=\u00a0\u00bbdark\u00a0\u00bb button_bg_color__hover_enabled=\u00a0\u00bbon\u00a0\u00bb][\/et_pb_button][\/et_pb_column][et_pb_column type=\u00a0\u00bb1_4&Prime; _builder_version=\u00a0\u00bb3.26&Prime;][\/et_pb_column][\/et_pb_row][et_pb_row column_structure=\u00a0\u00bb1_4,1_4,1_4,1_4&Prime; _builder_version=\u00a0\u00bb3.26&Prime;][et_pb_column type=\u00a0\u00bb1_4&Prime; _builder_version=\u00a0\u00bb3.26&Prime;][et_pb_image src=\u00a0\u00bbhttp:\/\/jacquesleonard.com\/wp-content\/uploads\/2019\/12\/c2c_002_0537.jpg\u00a0\u00bb _builder_version=\u00a0\u00bb3.26&Prime;][\/et_pb_image][et_pb_text _builder_version=\u00a0\u00bb3.26&Prime;]Somorrostro. Barcelona, \u00a01960[\/et_pb_text][\/et_pb_column][et_pb_column type=\u00a0\u00bb1_4&Prime; _builder_version=\u00a0\u00bb3.26&Prime;][et_pb_image src=\u00a0\u00bbhttp:\/\/jacquesleonard.com\/wp-content\/uploads\/2019\/12\/romis1.jpg\u00a0\u00bb _builder_version=\u00a0\u00bb3.26&Prime;][\/et_pb_image][et_pb_text _builder_version=\u00a0\u00bb3.26&Prime;]Rosario y Josefa Amaya. Montju\u00efc. Barcelona, \u00a01950[\/et_pb_text][\/et_pb_column][et_pb_column type=\u00a0\u00bb1_4&Prime; _builder_version=\u00a0\u00bb3.26&Prime;][et_pb_image src=\u00a0\u00bbhttp:\/\/jacquesleonard.com\/wp-content\/uploads\/2019\/12\/romis2.jpg\u00a0\u00bb _builder_version=\u00a0\u00bb3.26&Prime;][\/et_pb_image][et_pb_text _builder_version=\u00a0\u00bb3.26&Prime;]La Fona. Pasaje de la Vinyeta, Barcelona,\u00a01960[\/et_pb_text][\/et_pb_column][et_pb_column type=\u00a0\u00bb1_4&Prime; _builder_version=\u00a0\u00bb3.26&Prime;][et_pb_image src=\u00a0\u00bbhttp:\/\/jacquesleonard.com\/wp-content\/uploads\/2019\/12\/romis3.jpg\u00a0\u00bb _builder_version=\u00a0\u00bb3.26&Prime;][\/et_pb_image][et_pb_text _builder_version=\u00a0\u00bb3.26&Prime;]La Estruje. Montju\u00efc. Barcelona,\u00a01960[\/et_pb_text][\/et_pb_column][\/et_pb_row][\/et_pb_section]<\/p>\n","protected":false},"excerpt":{"rendered":"<p>Rom\u00edsL\u2019exposition Romis, femmes en langue romani, est n\u00e9e lorsque les fr\u00e8res L\u00e9onard, Alex et Santi ont d\u00e9cid\u00e9 de rendre hommage \u00e0 la gitane \u00e0 travers une s\u00e9lection de photographies de leur p\u00e8re. Dans le projet personnel de Jacques L\u00e9onard de documenter tous les aspects de la culture gitane. Les femmes acqui\u00e8rent un r\u00f4le particulier et [&hellip;]<\/p>\n","protected":false},"author":1,"featured_media":0,"parent":0,"menu_order":0,"comment_status":"closed","ping_status":"closed","template":"","meta":{"_et_pb_use_builder":"on","_et_pb_old_content":"","_et_gb_content_width":"","footnotes":""},"class_list":["post-5045","page","type-page","status-publish","hentry"],"_links":{"self":[{"href":"https:\/\/www.jacquesleonard.com\/fr\/wp-json\/wp\/v2\/pages\/5045","targetHints":{"allow":["GET"]}}],"collection":[{"href":"https:\/\/www.jacquesleonard.com\/fr\/wp-json\/wp\/v2\/pages"}],"about":[{"href":"https:\/\/www.jacquesleonard.com\/fr\/wp-json\/wp\/v2\/types\/page"}],"author":[{"embeddable":true,"href":"https:\/\/www.jacquesleonard.com\/fr\/wp-json\/wp\/v2\/users\/1"}],"replies":[{"embeddable":true,"href":"https:\/\/www.jacquesleonard.com\/fr\/wp-json\/wp\/v2\/comments?post=5045"}],"version-history":[{"count":5,"href":"https:\/\/www.jacquesleonard.com\/fr\/wp-json\/wp\/v2\/pages\/5045\/revisions"}],"predecessor-version":[{"id":5133,"href":"https:\/\/www.jacquesleonard.com\/fr\/wp-json\/wp\/v2\/pages\/5045\/revisions\/5133"}],"wp:attachment":[{"href":"https:\/\/www.jacquesleonard.com\/fr\/wp-json\/wp\/v2\/media?parent=5045"}],"curies":[{"name":"wp","href":"https:\/\/api.w.org\/{rel}","templated":true}]}}