{"id":5047,"date":"2020-06-06T21:54:06","date_gmt":"2020-06-06T19:54:06","guid":{"rendered":"http:\/\/jacquesleonard.com\/evades-29-decembre-1943-2\/"},"modified":"2020-06-07T20:10:58","modified_gmt":"2020-06-07T18:10:58","slug":"evades-29-decembre-1943-2","status":"publish","type":"page","link":"https:\/\/www.jacquesleonard.com\/fr\/evades-29-decembre-1943-2\/","title":{"rendered":"\u00c9vad\u00e9s. 29 d\u00e9cembre 1943"},"content":{"rendered":"<p>[et_pb_section fb_built=\u00a0\u00bb1&Prime; _builder_version=\u00a0\u00bb3.26&Prime; background_color=\u00a0\u00bbrgba(0,0,0,0)\u00a0\u00bb background_image=\u00a0\u00bbhttp:\/\/jacquesleonard.com\/wp-content\/uploads\/2019\/09\/Juan-Amaya-1958_web-4.jpg\u00a0\u00bb][et_pb_row _builder_version=\u00a0\u00bb3.25&Prime; background_size=\u00a0\u00bbinitial\u00a0\u00bb background_position=\u00a0\u00bbtop_left\u00a0\u00bb background_repeat=\u00a0\u00bbrepeat\u00a0\u00bb][et_pb_column type=\u00a0\u00bb4_4&Prime; _builder_version=\u00a0\u00bb3.25&Prime; custom_padding=\u00a0\u00bb|||\u00a0\u00bb custom_padding__hover=\u00a0\u00bb|||\u00a0\u00bb][et_pb_text _builder_version=\u00a0\u00bb3.26&Prime; header_font=\u00a0\u00bb|300|||||||\u00a0\u00bb background_size=\u00a0\u00bbinitial\u00a0\u00bb background_position=\u00a0\u00bbtop_left\u00a0\u00bb background_repeat=\u00a0\u00bbrepeat\u00a0\u00bb]<\/p>\n<h1 style=\"text-align: center;\">\u00c9vad\u00e9s. 29 D\u00e9cembre 1943<\/h1>\n<p>[\/et_pb_text][et_pb_text _builder_version=\u00a0\u00bb3.26&Prime;]En 2017, lors d\u2019un inventaire complet des archives Jacques L\u00e9onard un groupe de n\u00e9gatifs et d\u2019exemplaires originaux a \u00e9t\u00e9 d\u00e9couvert traitant de l\u2019arriv\u00e9e et de la concentration de fugitifs fran\u00e7ais sur la Plaza de Toros \u00e0 Malaga en 1943,juste avant d\u2019\u00eatre exp\u00e9di\u00e9 en Afrique du Nord.<br \/>\nSelon l\u2019historien Josep Calvet, sp\u00e9cialiste du passage des r\u00e9fugi\u00e9s \u00e0 travers les Pyr\u00e9n\u00e9es fuyant la guerre et ses cons\u00e9quences et qui a enqu\u00eat\u00e9 sur cet \u00e9pisode est un t\u00e9moignage graphique, \u00e0 notre connaissance quasi unique.<br \/>\nJacques L\u00e9onard s\u2019est rendu en Espagne \u00e0 la recherche de lieux pour un film d\u2019Abel Gance sur Christophe Colomb qui n\u2019a pas \u00e9t\u00e9 tourn\u00e9 en raison de la situation de guerre en Europe. C\u2019est probablement alors qu\u2019il a r\u00e9alis\u00e9 le reportage \u00e0 Malaga et dans d\u2019autres villes espagnoles, faisent partie du r\u00e9seau de collaborateurs charg\u00e9s d\u2019aider les fugitifs \u00e0 quitter le pays.[\/et_pb_text][et_pb_text _builder_version=\u00a0\u00bb3.26&Prime;]<em>Jacques L\u00e9onard a enregistr\u00e9 avec ses photos, le s\u00e9jour dans les ar\u00e8nes de Malaga d\u2019un grand groupe de jeunes en attente de l\u2019ordre de quitter l\u2019Espagne. Ce groupe devait partir le 26 d\u00e9cembre 1943, au lendemain de No\u00ebl et en raison de circonstances peu claires, le d\u00e9part a \u00e9t\u00e9 report\u00e9 au 29 d\u00e9cembre, ce qui a allong\u00e9 le temps d\u2019attente pour ceux qui se pressaient fans ce logement de fortune. L\u00e9onard montre les gar\u00e7ons portant une carte d\u2019identit\u00e9 avec leur pr\u00e9nom et leur nom, et ils repr\u00e9sentent une source de premier ordre pour illustrer le d\u00e9part des r\u00e9fugi\u00e9s des ports espagnols. C\u2019est probablement le seul mat\u00e9riel graphique connu \u00e0 ce jour de cet \u00e9pisode historique qui, pendant de d\u00e9cennies, \u00e9tait rest\u00e9 dans l\u2019oubli en Espagne.<\/em><\/p>\n<p><em>\u00a0<\/em>Josep Calvet[\/et_pb_text][et_pb_text _builder_version=\u00a0\u00bb3.26&Prime;]Production et commissariat : Galeria Marc Dom\u00e8nech et Photographic Social Vision[\/et_pb_text][et_pb_divider _builder_version=\u00a0\u00bb3.26&Prime;][\/et_pb_divider][et_pb_text _builder_version=\u00a0\u00bb3.26&Prime;]<strong>Technical File<\/strong><\/p>\n<ul>\n<li>15 exemplaires originaux (12x 18 cm) avec passe-partout et encadr\u00e9s et dimensions 38 x 32 cm<\/li>\n<li>5 exemplaires originaux (8,5 x 6 cm ) sans encadrement<\/li>\n<li>5 exemplaires actuels (30 x 30 ) avec passe-partout et encadr\u00e9s 38 x 38 cm<\/li>\n<li>4 portraits de Jacques L\u00e9onard<\/li>\n<li>Appareil photo Rolleiflex de 1958<\/li>\n<\/ul>\n<p>Il n\u2019y a aucune l\u00e9gende. Texte d\u2019introduction et texte de l\u2019historien Josep Calvet au format num\u00e9rique.[\/et_pb_text][\/et_pb_column][\/et_pb_row][et_pb_row column_structure=\u00a0\u00bb1_4,1_2,1_4&Prime; _builder_version=\u00a0\u00bb3.26&Prime; collapsed=\u00a0\u00bboff\u00a0\u00bb][et_pb_column type=\u00a0\u00bb1_4&Prime; _builder_version=\u00a0\u00bb3.26&Prime;][\/et_pb_column][et_pb_column type=\u00a0\u00bb1_2&Prime; _builder_version=\u00a0\u00bb3.26&Prime;][et_pb_button button_url=\u00a0\u00bb\/?page_id=314&Prime; button_text=\u00a0\u00bbPlus d\u2019informations sur l\u2019itin\u00e9rance et la location.\u00a0\u00bb _builder_version=\u00a0\u00bb3.26&Prime; custom_button=\u00a0\u00bbon\u00a0\u00bb button_bg_color=\u00a0\u00bb#47748e\u00a0\u00bb button_font=\u00a0\u00bb||||||||\u00a0\u00bb button_icon=\u00a0\u00bb%%3%%\u00a0\u00bb button_icon_color=\u00a0\u00bb#ffffff\u00a0\u00bb background_layout=\u00a0\u00bbdark\u00a0\u00bb button_bg_color__hover_enabled=\u00a0\u00bbon\u00a0\u00bb][\/et_pb_button][\/et_pb_column][et_pb_column type=\u00a0\u00bb1_4&Prime; _builder_version=\u00a0\u00bb3.26&Prime;][\/et_pb_column][\/et_pb_row][et_pb_row column_structure=\u00a0\u00bb1_4,1_4,1_4,1_4&Prime; _builder_version=\u00a0\u00bb3.26&Prime;][et_pb_column type=\u00a0\u00bb1_4&Prime; _builder_version=\u00a0\u00bb3.26&Prime;][et_pb_image src=\u00a0\u00bbhttp:\/\/jacquesleonard.com\/wp-content\/uploads\/2019\/09\/Logo-AJBCNAFB-2-3.jpg\u00a0\u00bb url=\u00a0\u00bbhttps:\/\/ajuntament.barcelona.cat\/arxiumunicipal\/arxiufotografic\/ca\/home\u00a0\u00bb url_new_window=\u00a0\u00bbon\u00a0\u00bb _builder_version=\u00a0\u00bb3.26&Prime;][\/et_pb_image][\/et_pb_column][et_pb_column type=\u00a0\u00bb1_4&Prime; _builder_version=\u00a0\u00bb3.26&Prime;][et_pb_image src=\u00a0\u00bbhttp:\/\/jacquesleonard.com\/wp-content\/uploads\/2019\/12\/LOGO-GMD-1.jpg\u00a0\u00bb url=\u00a0\u00bbhttp:\/\/www.galeriamarcdomenech.com\/\u00a0\u00bb url_new_window=\u00a0\u00bbon\u00a0\u00bb _builder_version=\u00a0\u00bb3.26&Prime;][\/et_pb_image][\/et_pb_column][et_pb_column type=\u00a0\u00bb1_4&Prime; _builder_version=\u00a0\u00bb3.26&Prime;][et_pb_image src=\u00a0\u00bbhttp:\/\/jacquesleonard.com\/wp-content\/uploads\/2019\/12\/logo-docfield-barcelona-2-1.jpg\u00a0\u00bb url=\u00a0\u00bbhttps:\/\/docfieldbarcelona.org\/\u00a0\u00bb url_new_window=\u00a0\u00bbon\u00a0\u00bb _builder_version=\u00a0\u00bb3.26&Prime; width=\u00a0\u00bb100%\u00a0\u00bb][\/et_pb_image][\/et_pb_column][et_pb_column type=\u00a0\u00bb1_4&Prime; _builder_version=\u00a0\u00bb3.26&Prime;][\/et_pb_column][\/et_pb_row][et_pb_row column_structure=\u00a0\u00bb1_4,1_4,1_4,1_4&Prime; _builder_version=\u00a0\u00bb3.26&Prime;][et_pb_column type=\u00a0\u00bb1_4&Prime; _builder_version=\u00a0\u00bb3.26&Prime;][et_pb_image src=\u00a0\u00bbhttp:\/\/jacquesleonard.com\/wp-content\/uploads\/2019\/11\/C2C_006_428-Small.jpg\u00a0\u00bb _builder_version=\u00a0\u00bb3.26&Prime;][\/et_pb_image][et_pb_text _builder_version=\u00a0\u00bb3.26&Prime;]Ar\u00e8ne Malaga 1943[\/et_pb_text][\/et_pb_column][et_pb_column type=\u00a0\u00bb1_4&Prime; _builder_version=\u00a0\u00bb3.26&Prime;][et_pb_image src=\u00a0\u00bbhttp:\/\/jacquesleonard.com\/wp-content\/uploads\/2019\/11\/C2C_006_436-Small.jpg\u00a0\u00bb _builder_version=\u00a0\u00bb3.26&Prime;][\/et_pb_image][et_pb_text _builder_version=\u00a0\u00bb3.26&Prime;]Lieu inconnu 1943[\/et_pb_text][\/et_pb_column][et_pb_column type=\u00a0\u00bb1_4&Prime; _builder_version=\u00a0\u00bb3.26&Prime;][et_pb_image src=\u00a0\u00bbhttp:\/\/jacquesleonard.com\/wp-content\/uploads\/2019\/11\/C2C_006_431-Small.jpg\u00a0\u00bb _builder_version=\u00a0\u00bb3.26&Prime;][\/et_pb_image][et_pb_text _builder_version=\u00a0\u00bb3.26&Prime;]Ar\u00e8ne Malaga 1943[\/et_pb_text][\/et_pb_column][et_pb_column type=\u00a0\u00bb1_4&Prime; _builder_version=\u00a0\u00bb3.26&Prime;][et_pb_image src=\u00a0\u00bbhttp:\/\/jacquesleonard.com\/wp-content\/uploads\/2019\/11\/C2C_006_444-Small.jpg\u00a0\u00bb _builder_version=\u00a0\u00bb3.26&Prime;][\/et_pb_image][et_pb_text _builder_version=\u00a0\u00bb3.26&Prime;]Ar\u00e8ne Malaga 1943[\/et_pb_text][\/et_pb_column][\/et_pb_row][\/et_pb_section]<\/p>\n","protected":false},"excerpt":{"rendered":"<p>\u00c9vad\u00e9s. 29 D\u00e9cembre 1943En 2017, lors d\u2019un inventaire complet des archives Jacques L\u00e9onard un groupe de n\u00e9gatifs et d\u2019exemplaires originaux a \u00e9t\u00e9 d\u00e9couvert traitant de l\u2019arriv\u00e9e et de la concentration de fugitifs fran\u00e7ais sur la Plaza de Toros \u00e0 Malaga en 1943,juste avant d\u2019\u00eatre exp\u00e9di\u00e9 en Afrique du Nord. Selon l\u2019historien Josep Calvet, sp\u00e9cialiste du [&hellip;]<\/p>\n","protected":false},"author":1,"featured_media":0,"parent":0,"menu_order":0,"comment_status":"closed","ping_status":"closed","template":"","meta":{"_et_pb_use_builder":"on","_et_pb_old_content":"","_et_gb_content_width":"","footnotes":""},"class_list":["post-5047","page","type-page","status-publish","hentry"],"_links":{"self":[{"href":"https:\/\/www.jacquesleonard.com\/fr\/wp-json\/wp\/v2\/pages\/5047","targetHints":{"allow":["GET"]}}],"collection":[{"href":"https:\/\/www.jacquesleonard.com\/fr\/wp-json\/wp\/v2\/pages"}],"about":[{"href":"https:\/\/www.jacquesleonard.com\/fr\/wp-json\/wp\/v2\/types\/page"}],"author":[{"embeddable":true,"href":"https:\/\/www.jacquesleonard.com\/fr\/wp-json\/wp\/v2\/users\/1"}],"replies":[{"embeddable":true,"href":"https:\/\/www.jacquesleonard.com\/fr\/wp-json\/wp\/v2\/comments?post=5047"}],"version-history":[{"count":5,"href":"https:\/\/www.jacquesleonard.com\/fr\/wp-json\/wp\/v2\/pages\/5047\/revisions"}],"predecessor-version":[{"id":5103,"href":"https:\/\/www.jacquesleonard.com\/fr\/wp-json\/wp\/v2\/pages\/5047\/revisions\/5103"}],"wp:attachment":[{"href":"https:\/\/www.jacquesleonard.com\/fr\/wp-json\/wp\/v2\/media?parent=5047"}],"curies":[{"name":"wp","href":"https:\/\/api.w.org\/{rel}","templated":true}]}}