{"id":5049,"date":"2020-06-06T21:56:18","date_gmt":"2020-06-06T19:56:18","guid":{"rendered":"http:\/\/jacquesleonard.com\/barcelona-gitan\/"},"modified":"2020-06-07T20:03:57","modified_gmt":"2020-06-07T18:03:57","slug":"barcelona-gitan","status":"publish","type":"page","link":"https:\/\/www.jacquesleonard.com\/fr\/barcelona-gitan\/","title":{"rendered":"Barcelona gitana"},"content":{"rendered":"<p>[et_pb_section fb_built=\u00a0\u00bb1&Prime; _builder_version=\u00a0\u00bb3.26&Prime; background_color=\u00a0\u00bbrgba(0,0,0,0)\u00a0\u00bb background_image=\u00a0\u00bbhttp:\/\/jacquesleonard.com\/wp-content\/uploads\/2019\/09\/Juan-Amaya-1958_web-4.jpg\u00a0\u00bb][et_pb_row _builder_version=\u00a0\u00bb3.25&Prime; background_size=\u00a0\u00bbinitial\u00a0\u00bb background_position=\u00a0\u00bbtop_left\u00a0\u00bb background_repeat=\u00a0\u00bbrepeat\u00a0\u00bb][et_pb_column type=\u00a0\u00bb4_4&Prime; _builder_version=\u00a0\u00bb3.25&Prime; custom_padding=\u00a0\u00bb|||\u00a0\u00bb custom_padding__hover=\u00a0\u00bb|||\u00a0\u00bb][et_pb_text _builder_version=\u00a0\u00bb3.26&Prime; header_font=\u00a0\u00bb|300|||||||\u00a0\u00bb background_size=\u00a0\u00bbinitial\u00a0\u00bb background_position=\u00a0\u00bbtop_left\u00a0\u00bb background_repeat=\u00a0\u00bbrepeat\u00a0\u00bb]<\/p>\n<h1 style=\"text-align: center;\">Barcelona Gitana<\/h1>\n<p>[\/et_pb_text][et_pb_text _builder_version=\u00a0\u00bb3.26&Prime;]R\u00e9alis\u00e9e et organis\u00e9e par Arxiu Fotogr\u00e0fic de Barcelona, cette exposition montre le regard attentif, sinc\u00e8re et respectueux de Jacques L\u00e9onard sur la communaut\u00e9 gitane avec laquelle il a v\u00e9cu apr\u00e8s son mariage avec Rosario Amaya. Les images nous renvoient \u00e0 la vie quotidienne, aux rites et traditions des communaut\u00e9s gitanes de Barcelone et aux p\u00e8lerinages aux Saintes Maries de la Mer en France, avec une chronologie allant des ann\u00e9es 50 aux ann\u00e9es 70. Une s\u00e9lection d\u2019une des collections th\u00e9matiques les gitans les plus importants du pays.[\/et_pb_text][et_pb_text _builder_version=\u00a0\u00bb3.26&Prime;]<em>\u00abPayo Chac, comme l\u2019appelait la grande famille gitane, lui avait ouvert les portes de toutes les baraques et malgr\u00e9 son caract\u00e8re \u00e9tranger, il avait l\u2019autorisation de prendre des photos de l\u2019int\u00e9rieur. Cela fait la diff\u00e9rence de ses coll\u00e8gues barcelonais de la nouvelle avant-garde (Catal\u00e0-Roca, Miserachs, Maspons, etc..) qui dans leurs incursions sur ce territoire, ont toujours travaill\u00e9 dans une perspective r\u00e9affirm\u00e9e sociologiquement, et culturel dans son externalit\u00e9. Alors qu\u2019ils photographiaient des baraques et des gitans nourrissant un sentiment paternaliste, d\u00e9non\u00e7ant des bidonvilles ou enregistrant des mises en sc\u00e8ne folkloriques. L\u00e9onard le fit en tant qu\u2019ethnologue : documenter la culture et les gens gitans dans une perspective historique et contemporaine et en transmettre une image absolument digne \u00bb.<\/em>[\/et_pb_text][et_pb_text _builder_version=\u00a0\u00bb3.26&Prime;]Production: Arxiu Fotogr\u00e0fic de Barcelona<br \/>\nCommissariat: Jordi Calafell[\/et_pb_text][et_pb_divider _builder_version=\u00a0\u00bb3.26&Prime;][\/et_pb_divider][et_pb_text _builder_version=\u00a0\u00bb3.26&Prime;]<strong>Dossier technique<\/strong><\/p>\n<p>67 photographies, tirages actuels r\u00e9alis\u00e9s \u00e0 partir des n\u00e9gatifs originaux du photographe, avec passe-partout et encadr\u00e9s<\/p>\n<ul>\n<li>43 photos de 68,5 x 58,5 cm<\/li>\n<li>24 photos de 40,5 x 40,5 cm<\/li>\n<\/ul>\n<p>L\u00e9gendes des photos et texte d\u2019introduction au format num\u00e9rique.<\/p>\n<p>Il contient un documentaire de 6\u201933 r\u00e9alis\u00e9 par Yago L\u00e9onard et produit par Enric Fibla \u00e0 partir d\u2019extraits du documentaire El payo chac produit par Curt Ficcions Curt Produccions. N\u00e9cessite un \u00e9quipement de lecture.[\/et_pb_text][et_pb_image _builder_version=\u00a0\u00bb3.26&Prime;][\/et_pb_image][\/et_pb_column][\/et_pb_row][et_pb_row column_structure=\u00a0\u00bb1_4,1_2,1_4&Prime; _builder_version=\u00a0\u00bb3.26&Prime; collapsed=\u00a0\u00bboff\u00a0\u00bb][et_pb_column type=\u00a0\u00bb1_4&Prime; _builder_version=\u00a0\u00bb3.26&Prime;][\/et_pb_column][et_pb_column type=\u00a0\u00bb1_2&Prime; _builder_version=\u00a0\u00bb3.26&Prime;][et_pb_button button_url=\u00a0\u00bb\/?page_id=314&Prime; button_text=\u00a0\u00bbPlus d\u2019informations sur l\u2019itin\u00e9rance et la location.\u00a0\u00bb _builder_version=\u00a0\u00bb3.26&Prime; custom_button=\u00a0\u00bbon\u00a0\u00bb button_bg_color=\u00a0\u00bb#47748e\u00a0\u00bb button_font=\u00a0\u00bb||||||||\u00a0\u00bb button_icon=\u00a0\u00bb%%3%%\u00a0\u00bb button_icon_color=\u00a0\u00bb#ffffff\u00a0\u00bb background_layout=\u00a0\u00bbdark\u00a0\u00bb button_bg_color__hover_enabled=\u00a0\u00bbon\u00a0\u00bb][\/et_pb_button][\/et_pb_column][et_pb_column type=\u00a0\u00bb1_4&Prime; _builder_version=\u00a0\u00bb3.26&Prime;][\/et_pb_column][\/et_pb_row][et_pb_row column_structure=\u00a0\u00bb1_3,2_3&Prime; _builder_version=\u00a0\u00bb3.26&Prime;][et_pb_column type=\u00a0\u00bb1_3&Prime; _builder_version=\u00a0\u00bb3.26&Prime;][et_pb_image src=\u00a0\u00bbhttp:\/\/jacquesleonard.com\/wp-content\/uploads\/2019\/09\/Logo-AJBCNAFB-2-3.jpg\u00a0\u00bb url=\u00a0\u00bbhttps:\/\/ajuntament.barcelona.cat\/arxiumunicipal\/arxiufotografic\/ca\/home\u00a0\u00bb url_new_window=\u00a0\u00bbon\u00a0\u00bb _builder_version=\u00a0\u00bb3.26&Prime;][\/et_pb_image][\/et_pb_column][et_pb_column type=\u00a0\u00bb2_3&Prime; _builder_version=\u00a0\u00bb3.26&Prime;][\/et_pb_column][\/et_pb_row][et_pb_row column_structure=\u00a0\u00bb1_4,1_4,1_4,1_4&Prime; _builder_version=\u00a0\u00bb3.26&Prime;][et_pb_column type=\u00a0\u00bb1_4&Prime; _builder_version=\u00a0\u00bb3.26&Prime;][et_pb_image src=\u00a0\u00bbhttp:\/\/jacquesleonard.com\/wp-content\/uploads\/2019\/12\/c2c_002_0315-1.jpg\u00a0\u00bb _builder_version=\u00a0\u00bb3.26&Prime;][\/et_pb_image][et_pb_text _builder_version=\u00a0\u00bb3.26&Prime;]Mariage de la Lorenza et El Chele. Montjuic. Barcelona, 1960<br \/>\n[\/et_pb_text][\/et_pb_column][et_pb_column type=\u00a0\u00bb1_4&Prime; _builder_version=\u00a0\u00bb3.26&Prime;][et_pb_image src=\u00a0\u00bbhttp:\/\/jacquesleonard.com\/wp-content\/uploads\/2019\/12\/c2c_001_0418-1.jpg\u00a0\u00bb _builder_version=\u00a0\u00bb3.26&Prime;][\/et_pb_image][et_pb_text _builder_version=\u00a0\u00bb3.26&Prime;]Somorrostro. Barcelona, 1958<br \/>\n[\/et_pb_text][\/et_pb_column][et_pb_column type=\u00a0\u00bb1_4&Prime; _builder_version=\u00a0\u00bb3.26&Prime;][et_pb_image src=\u00a0\u00bbhttp:\/\/jacquesleonard.com\/wp-content\/uploads\/2019\/12\/c2c_001_0501-1-1.jpg\u00a0\u00bb _builder_version=\u00a0\u00bb3.26&Prime;][\/et_pb_image][et_pb_text _builder_version=\u00a0\u00bb3.26&Prime;]Somorrostro. Barcelona, <em>ca<\/em>.1960<br \/>\n[\/et_pb_text][\/et_pb_column][et_pb_column type=\u00a0\u00bb1_4&Prime; _builder_version=\u00a0\u00bb3.26&Prime;][et_pb_image src=\u00a0\u00bbhttp:\/\/jacquesleonard.com\/wp-content\/uploads\/2019\/12\/c2c_001_0268-1.jpg\u00a0\u00bb _builder_version=\u00a0\u00bb3.26&Prime;][\/et_pb_image][et_pb_text _builder_version=\u00a0\u00bb3.26&Prime;]Verveine de Sant Joan bodega <em> Ca la Rosita <\/em>Av, del Paralelo. Barcelone. 1960<br \/>\n[\/et_pb_text][\/et_pb_column][\/et_pb_row][\/et_pb_section]<\/p>\n","protected":false},"excerpt":{"rendered":"<p>Barcelona GitanaR\u00e9alis\u00e9e et organis\u00e9e par Arxiu Fotogr\u00e0fic de Barcelona, cette exposition montre le regard attentif, sinc\u00e8re et respectueux de Jacques L\u00e9onard sur la communaut\u00e9 gitane avec laquelle il a v\u00e9cu apr\u00e8s son mariage avec Rosario Amaya. Les images nous renvoient \u00e0 la vie quotidienne, aux rites et traditions des communaut\u00e9s gitanes de Barcelone et aux [&hellip;]<\/p>\n","protected":false},"author":1,"featured_media":0,"parent":0,"menu_order":0,"comment_status":"closed","ping_status":"closed","template":"","meta":{"_et_pb_use_builder":"on","_et_pb_old_content":"","_et_gb_content_width":"","footnotes":""},"class_list":["post-5049","page","type-page","status-publish","hentry"],"_links":{"self":[{"href":"https:\/\/www.jacquesleonard.com\/fr\/wp-json\/wp\/v2\/pages\/5049","targetHints":{"allow":["GET"]}}],"collection":[{"href":"https:\/\/www.jacquesleonard.com\/fr\/wp-json\/wp\/v2\/pages"}],"about":[{"href":"https:\/\/www.jacquesleonard.com\/fr\/wp-json\/wp\/v2\/types\/page"}],"author":[{"embeddable":true,"href":"https:\/\/www.jacquesleonard.com\/fr\/wp-json\/wp\/v2\/users\/1"}],"replies":[{"embeddable":true,"href":"https:\/\/www.jacquesleonard.com\/fr\/wp-json\/wp\/v2\/comments?post=5049"}],"version-history":[{"count":5,"href":"https:\/\/www.jacquesleonard.com\/fr\/wp-json\/wp\/v2\/pages\/5049\/revisions"}],"predecessor-version":[{"id":5099,"href":"https:\/\/www.jacquesleonard.com\/fr\/wp-json\/wp\/v2\/pages\/5049\/revisions\/5099"}],"wp:attachment":[{"href":"https:\/\/www.jacquesleonard.com\/fr\/wp-json\/wp\/v2\/media?parent=5049"}],"curies":[{"name":"wp","href":"https:\/\/api.w.org\/{rel}","templated":true}]}}