{"id":5058,"date":"2020-06-06T22:05:45","date_gmt":"2020-06-06T20:05:45","guid":{"rendered":"http:\/\/jacquesleonard.com\/biographie\/"},"modified":"2020-06-10T09:22:46","modified_gmt":"2020-06-10T07:22:46","slug":"biographie","status":"publish","type":"page","link":"https:\/\/www.jacquesleonard.com\/fr\/biographie\/","title":{"rendered":"Biographie"},"content":{"rendered":"<p>[et_pb_section fb_built=\u00a0\u00bb1&Prime; _builder_version=\u00a0\u00bb3.26&Prime;][et_pb_row _builder_version=\u00a0\u00bb3.26&Prime;][et_pb_column type=\u00a0\u00bb4_4&Prime; _builder_version=\u00a0\u00bb3.26&Prime;][et_pb_divider color=\u00a0\u00bbrgba(0,0,0,0)\u00a0\u00bb _builder_version=\u00a0\u00bb3.26&Prime;][\/et_pb_divider][\/et_pb_column][\/et_pb_row][et_pb_row column_structure=\u00a0\u00bb1_2,1_2&Prime; _builder_version=\u00a0\u00bb3.26&Prime;][et_pb_column type=\u00a0\u00bb1_2&Prime; _builder_version=\u00a0\u00bb3.26&Prime;][et_pb_image src=\u00a0\u00bbhttp:\/\/jacquesleonard.com\/wp-content\/uploads\/2019\/09\/Juan-Amaya-1958-1.jpeg\u00a0\u00bb _builder_version=\u00a0\u00bb3.26&Prime; custom_margin=\u00a0\u00bb||2px|||\u00a0\u00bb][\/et_pb_image][et_pb_text _builder_version=\u00a0\u00bb3.26&Prime; min_height=\u00a0\u00bb7px\u00a0\u00bb custom_padding=\u00a0\u00bb||0px|||\u00a0\u00bb]\u00a9Juan Amaya. Montserrat, 1958[\/et_pb_text][\/et_pb_column][et_pb_column type=\u00a0\u00bb1_2&Prime; _builder_version=\u00a0\u00bb3.26&Prime;][et_pb_text _builder_version=\u00a0\u00bb3.26&Prime;]<strong>J.L. (Paris 1909 \u2013l\u2019Escala 1994) <\/strong>avait 43 ans lorsqu\u2019il s\u2019est install\u00e9 d\u00e9finitivement \u00e0 Barcelone pour se consacrer professionnellement \u00e0 la photographie. Il a cl\u00f4tur\u00e9 une \u00e8re marqu\u00e9e par un mode de vie qui, du fait des diff\u00e9rentes activit\u00e9s men\u00e9es, l\u2019a amen\u00e9 \u00e0 voyager \u00e0 travers le monde.<\/p>\n<p>Fils d\u2019un marchand de chevaux d\u2019origine gitane et de la propri\u00e9taire d\u2019une maison de couture \u00e0 Paris, il se lance rapidement dans le monde du cin\u00e9ma. En <strong>1931<\/strong>, il commence \u00e0 travailler \u00e0 la commande de certains studios \u00e0 Paris, puis travaille \u00e0 l\u2019\u00e9dition et plus tard \u00e0 la production. Il a collabor\u00e9 avec plusieurs r\u00e9alisateurs dont Abel Gance.<\/p>\n<p>&nbsp;<\/p>\n<p>En <strong>1940<\/strong>, il s\u2019est rendu en Espagne alors qu\u2019il cherchait des endroits pour un film sur Christophe Colombe qui n\u2019a jamais \u00e9t\u00e9 tourn\u00e9 en raison de la situation de guerre en Europe. Il a rencontr\u00e9 le directeur g\u00e9n\u00e9ral de la cin\u00e9matographie de l\u2019\u00e9poque, qui lui a offert la possibilit\u00e9 de travailler sur diverses missions et a s\u00e9journ\u00e9 \u00e0 Madrid.<\/p>\n<p>&nbsp;<\/p>\n<p>En <strong>1949<\/strong>, il s\u2019installe \u00e0 Barcelone avec l\u2019homme d\u2019affaires de th\u00e9\u00e2tre Arthur Kaps et devient son bras droit. Plus tard, loin des tournages, il a travaill\u00e9 comme restaurateur de meubles.<\/p>\n<p>Il a rencontr\u00e9 le com\u00e9dien Robert Lamouret et l\u2019a accompagn\u00e9 comme secr\u00e9taire lors d\u2019une tourn\u00e9e mondiale. Avec lui, il a voyag\u00e9 en Angleterre, en Australie, en Gr\u00e8ce et en Italie. \u00c0 la fin de la tourn\u00e9e, il rejette la proposition de voyager aux \u00c9tats-Unis, et en <strong>1952<\/strong>, il s\u2019installe \u00e0 Barcelone o\u00f9 il tombe amoureux de Rosario Amaya, une gitane qui a travaill\u00e9 comme mod\u00e8le pour les artistes. Il s\u2019est mari\u00e9 et a commenc\u00e9 son activit\u00e9 de photographe ind\u00e9pendant.[\/et_pb_text][\/et_pb_column][\/et_pb_row][\/et_pb_section][et_pb_section fb_built=\u00a0\u00bb1&Prime; specialty=\u00a0\u00bbon\u00a0\u00bb _builder_version=\u00a0\u00bb3.26&Prime; custom_margin=\u00a0\u00bb-51px|||||\u00a0\u00bb custom_padding=\u00a0\u00bb0px|||||\u00a0\u00bb][et_pb_column type=\u00a0\u00bb1_2&Prime; _builder_version=\u00a0\u00bb3.25&Prime; custom_padding=\u00a0\u00bb|||\u00a0\u00bb custom_padding__hover=\u00a0\u00bb|||\u00a0\u00bb][et_pb_text _builder_version=\u00a0\u00bb3.26&Prime;]Francesc Catal\u00e0- Roca lui a fourni des contacts et \u00e0 partir de l\u00e0, il a collabor\u00e9 dans diff\u00e9rents m\u00e9dias : <em>La Vanguardia, La Gaceta Ilustrada, Pomezia<\/em>, une publication de l\u2019\u00e9v\u00each\u00e9 de Barcelone, et <em>Sant Jordi<\/em>, le magazine du Conseil provincial de Barcelone. Il cr\u00e9e son propre laboratoire d\u00e9di\u00e9 \u00e0 la photographie publicitaire.<br \/>\n<span style=\"color: #47748e;\"><strong>En 1975<\/strong><\/span>, apr\u00e8s le d\u00e9mant\u00e8lement des quartiers gitans de Barcelone, il s\u2019installe dans celui de la Mina et en raison de probl\u00e8mes de sant\u00e9 il quitte la photographie et se consacre au projet d\u2019un livre sur la culture gitane. <em>Les quatre fers en l\u2019air<\/em>, qu\u2019il n\u2019a pas publi\u00e9 malgr\u00e9 l\u2019int\u00e9r\u00eat initial manifest\u00e9 par la maison d\u2019\u00e9dition Plon de Paris, sp\u00e9cialis\u00e9e en ethnologie.<br \/>\n<strong><span style=\"color: #47748e;\">1991<\/span><\/strong> En tr\u00e8s mauvaise sant\u00e9, il s\u2019installe \u00e0 l\u2019Escala o\u00f9 il d\u00e9c\u00e8de en <span style=\"color: #47748e;\"><strong>1994<\/strong><\/span>.[\/et_pb_text][\/et_pb_column][et_pb_column type=\u00a0\u00bb1_2&Prime; specialty_columns=\u00a0\u00bb2&Prime; _builder_version=\u00a0\u00bb3.25&Prime; custom_padding=\u00a0\u00bb|||\u00a0\u00bb custom_padding__hover=\u00a0\u00bb|||\u00a0\u00bb][et_pb_row_inner column_structure=\u00a0\u00bb1_2,1_2&Prime; _builder_version=\u00a0\u00bb3.26&Prime;][et_pb_column_inner type=\u00a0\u00bb1_2&Prime; saved_specialty_column_type=\u00a0\u00bb1_2&Prime; _builder_version=\u00a0\u00bb3.26&Prime;][et_pb_image src=\u00a0\u00bbhttp:\/\/jacquesleonard.com\/wp-content\/uploads\/2019\/09\/C2C_0002_0574.jpg\u00a0\u00bb _builder_version=\u00a0\u00bb3.26&Prime; custom_margin=\u00a0\u00bb||6px|||\u00a0\u00bb][\/et_pb_image][et_pb_text _builder_version=\u00a0\u00bb3.26&Prime; min_height=\u00a0\u00bb7px\u00a0\u00bb]\u00a9Autoportrait, <em>\u00a0<\/em>1960[\/et_pb_text][\/et_pb_column_inner][et_pb_column_inner type=\u00a0\u00bb1_2&Prime; saved_specialty_column_type=\u00a0\u00bb1_2&Prime; _builder_version=\u00a0\u00bb3.26&Prime;][et_pb_image src=\u00a0\u00bbhttp:\/\/jacquesleonard.com\/wp-content\/uploads\/2019\/09\/Autor-desconegut-ca.-1940.jpeg\u00a0\u00bb _builder_version=\u00a0\u00bb3.26&Prime; custom_margin=\u00a0\u00bb||6px|||\u00a0\u00bb][\/et_pb_image][et_pb_text _builder_version=\u00a0\u00bb3.26&Prime; min_height=\u00a0\u00bb7px\u00a0\u00bb]\u00a9 <span class=\"s1\">Auteur et lieu inconnu <i>\u00a0<\/i>1940<\/span>[\/et_pb_text][\/et_pb_column_inner][\/et_pb_row_inner][\/et_pb_column][\/et_pb_section][et_pb_section fb_built=\u00a0\u00bb1&Prime; fullwidth=\u00a0\u00bbon\u00a0\u00bb _builder_version=\u00a0\u00bb3.26&Prime;][et_pb_fullwidth_image _builder_version=\u00a0\u00bb3.26&Prime; background_image=\u00a0\u00bbhttp:\/\/jacquesleonard.com\/wp-content\/uploads\/2019\/09\/Muntant-pel%C2%B7licula.-ca-1940-e1567429097579.jpeg\u00a0\u00bb parallax=\u00a0\u00bbon\u00a0\u00bb min_height=\u00a0\u00bb220px\u00a0\u00bb custom_margin=\u00a0\u00bb0px||0px||false|false\u00a0\u00bb custom_padding=\u00a0\u00bb50px||889px||false|false\u00a0\u00bb][\/et_pb_fullwidth_image][et_pb_fullwidth_header _builder_version=\u00a0\u00bb3.26&Prime; background_color=\u00a0\u00bbrgba(0,0,0,0)\u00a0\u00bb min_height=\u00a0\u00bb105px\u00a0\u00bb custom_padding=\u00a0\u00bb3px||0px|||\u00a0\u00bb]<\/p>\n<p style=\"text-align: left;\"><span style=\"color: #757575;\">\u00a9Auteur <span class=\"s1\">et lieu inconnus. <\/span>Montage de films.\u00a01940<\/span><\/p>\n<p>[\/et_pb_fullwidth_header][\/et_pb_section]<\/p>\n","protected":false},"excerpt":{"rendered":"<p>\u00a9Juan Amaya. Montserrat, 1958J.L. (Paris 1909 \u2013l\u2019Escala 1994) avait 43 ans lorsqu\u2019il s\u2019est install\u00e9 d\u00e9finitivement \u00e0 Barcelone pour se consacrer professionnellement \u00e0 la photographie. Il a cl\u00f4tur\u00e9 une \u00e8re marqu\u00e9e par un mode de vie qui, du fait des diff\u00e9rentes activit\u00e9s men\u00e9es, l\u2019a amen\u00e9 \u00e0 voyager \u00e0 travers le monde. Fils d\u2019un marchand de chevaux [&hellip;]<\/p>\n","protected":false},"author":1,"featured_media":0,"parent":0,"menu_order":0,"comment_status":"closed","ping_status":"closed","template":"","meta":{"_et_pb_use_builder":"on","_et_pb_old_content":"","_et_gb_content_width":"","footnotes":""},"class_list":["post-5058","page","type-page","status-publish","hentry"],"_links":{"self":[{"href":"https:\/\/www.jacquesleonard.com\/fr\/wp-json\/wp\/v2\/pages\/5058","targetHints":{"allow":["GET"]}}],"collection":[{"href":"https:\/\/www.jacquesleonard.com\/fr\/wp-json\/wp\/v2\/pages"}],"about":[{"href":"https:\/\/www.jacquesleonard.com\/fr\/wp-json\/wp\/v2\/types\/page"}],"author":[{"embeddable":true,"href":"https:\/\/www.jacquesleonard.com\/fr\/wp-json\/wp\/v2\/users\/1"}],"replies":[{"embeddable":true,"href":"https:\/\/www.jacquesleonard.com\/fr\/wp-json\/wp\/v2\/comments?post=5058"}],"version-history":[{"count":5,"href":"https:\/\/www.jacquesleonard.com\/fr\/wp-json\/wp\/v2\/pages\/5058\/revisions"}],"predecessor-version":[{"id":5154,"href":"https:\/\/www.jacquesleonard.com\/fr\/wp-json\/wp\/v2\/pages\/5058\/revisions\/5154"}],"wp:attachment":[{"href":"https:\/\/www.jacquesleonard.com\/fr\/wp-json\/wp\/v2\/media?parent=5058"}],"curies":[{"name":"wp","href":"https:\/\/api.w.org\/{rel}","templated":true}]}}