{"id":5061,"date":"2020-06-06T22:08:19","date_gmt":"2020-06-06T20:08:19","guid":{"rendered":"http:\/\/jacquesleonard.com\/photos\/"},"modified":"2020-06-06T22:08:21","modified_gmt":"2020-06-06T20:08:21","slug":"photos","status":"publish","type":"page","link":"https:\/\/www.jacquesleonard.com\/fr\/photos\/","title":{"rendered":"Photos"},"content":{"rendered":"<p>[et_pb_section fb_built=\u00a0\u00bb1&Prime; _builder_version=\u00a0\u00bb3.26&Prime;][et_pb_row custom_padding=\u00a0\u00bb12px||31px|||\u00a0\u00bb custom_margin=\u00a0\u00bb-5px|auto||auto||\u00a0\u00bb _builder_version=\u00a0\u00bb3.26&Prime; background_enable_color=\u00a0\u00bboff\u00a0\u00bb][et_pb_column type=\u00a0\u00bb4_4&Prime; _builder_version=\u00a0\u00bb3.26&Prime;][et_pb_text _builder_version=\u00a0\u00bb3.26&Prime; text_text_color=\u00a0\u00bb#47748e\u00a0\u00bb header_font=\u00a0\u00bb|300|||||||\u00a0\u00bb header_text_color=\u00a0\u00bb#8d644b\u00a0\u00bb min_height=\u00a0\u00bb35px\u00a0\u00bb custom_margin=\u00a0\u00bb0px||-68px||false|false\u00a0\u00bb custom_padding=\u00a0\u00bb0px||0px||false|false\u00a0\u00bb]<\/p>\n<h2 style=\"text-align: left;\"><span style=\"color: #47748e;\">Photos<\/span><\/h2>\n<h1 style=\"text-align: left;\"><\/h1>\n<p>[\/et_pb_text][et_pb_divider color=\u00a0\u00bb#47748e\u00a0\u00bb _builder_version=\u00a0\u00bb3.26&Prime; custom_padding=\u00a0\u00bb60px||||false|false\u00a0\u00bb][\/et_pb_divider][\/et_pb_column][\/et_pb_row][et_pb_row custom_margin=\u00a0\u00bb0px|auto||auto||\u00a0\u00bb _builder_version=\u00a0\u00bb3.26&Prime; background_enable_image=\u00a0\u00bboff\u00a0\u00bb background_position=\u00a0\u00bbtop_center\u00a0\u00bb][et_pb_column type=\u00a0\u00bb4_4&Prime; _builder_version=\u00a0\u00bb3.26&Prime; background_enable_color=\u00a0\u00bboff\u00a0\u00bb background_image=\u00a0\u00bbhttp:\/\/jacquesleonard.com\/wp-content\/uploads\/2019\/12\/img143.jpg\u00a0\u00bb box_shadow_style=\u00a0\u00bbpreset3&Prime;][et_pb_button button_url=\u00a0\u00bb\/?page_id=2887&Prime; button_text=\u00a0\u00bbCopies vintage\u00a0\u00bb button_alignment=\u00a0\u00bbleft\u00a0\u00bb admin_label=\u00a0\u00bbC\u00f2pies d&rsquo;\u00e8poca\u00a0\u00bb module_class=\u00a0\u00bbbotonHover\u00a0\u00bb _builder_version=\u00a0\u00bb3.26&Prime; custom_button=\u00a0\u00bbon\u00a0\u00bb button_text_color=\u00a0\u00bb#ffffff\u00a0\u00bb button_bg_enable_image=\u00a0\u00bboff\u00a0\u00bb button_bg_size=\u00a0\u00bbinitial\u00a0\u00bb button_border_color=\u00a0\u00bb#ffffff\u00a0\u00bb button_icon=\u00a0\u00bb%%47%%\u00a0\u00bb button_icon_color=\u00a0\u00bb#ffffff\u00a0\u00bb button_text_shadow_style=\u00a0\u00bbpreset1&Prime; custom_margin=\u00a0\u00bb|-50px|0px|0px|false|false\u00a0\u00bb custom_padding=\u00a0\u00bb|5px|170px|32px|false|false\u00a0\u00bb animation_style=\u00a0\u00bbzoom\u00a0\u00bb][\/et_pb_button][\/et_pb_column][\/et_pb_row][et_pb_row column_structure=\u00a0\u00bb1_3,1_3,1_3&Prime; custom_margin=\u00a0\u00bb0px|auto||auto||\u00a0\u00bb _builder_version=\u00a0\u00bb3.26&Prime;][et_pb_column type=\u00a0\u00bb1_3&Prime; _builder_version=\u00a0\u00bb3.26&Prime; background_enable_color=\u00a0\u00bboff\u00a0\u00bb background_image=\u00a0\u00bbhttp:\/\/jacquesleonard.com\/wp-content\/uploads\/2019\/12\/c2c_001_0268-1.jpg\u00a0\u00bb box_shadow_style=\u00a0\u00bbpreset3&Prime;][et_pb_button button_url=\u00a0\u00bb\/?page_id=2786&Prime; button_text=\u00a0\u00bbGitans\u00a0\u00bb button_alignment=\u00a0\u00bbleft\u00a0\u00bb admin_label=\u00a0\u00bbGitanos\u00a0\u00bb module_class=\u00a0\u00bbbotonHover\u00a0\u00bb _builder_version=\u00a0\u00bb3.26&Prime; custom_button=\u00a0\u00bbon\u00a0\u00bb button_text_color=\u00a0\u00bb#ffffff\u00a0\u00bb button_bg_color_gradient_start=\u00a0\u00bbrgba(12,12,12,0.3)\u00a0\u00bb button_bg_color_gradient_end=\u00a0\u00bbrgba(0,0,0,0.05)\u00a0\u00bb button_bg_enable_image=\u00a0\u00bboff\u00a0\u00bb button_bg_size=\u00a0\u00bbcontain\u00a0\u00bb button_border_color=\u00a0\u00bb#ffffff\u00a0\u00bb button_border_radius=\u00a0\u00bb0px\u00a0\u00bb button_icon=\u00a0\u00bb%%47%%\u00a0\u00bb button_icon_color=\u00a0\u00bb#ffffff\u00a0\u00bb custom_margin=\u00a0\u00bb|0px|0px|0px|false|false\u00a0\u00bb custom_padding=\u00a0\u00bb|5px|170px|25px|false|false\u00a0\u00bb animation_style=\u00a0\u00bbzoom\u00a0\u00bb custom_css_main_element__hover_enabled=\u00a0\u00bbon\u00a0\u00bb custom_css_after__hover_enabled=\u00a0\u00bbon\u00a0\u00bb][\/et_pb_button][\/et_pb_column][et_pb_column type=\u00a0\u00bb1_3&Prime; _builder_version=\u00a0\u00bb3.26&Prime; background_image=\u00a0\u00bbhttp:\/\/jacquesleonard.com\/wp-content\/uploads\/2019\/11\/c2c_005_0135.jpg\u00a0\u00bb box_shadow_style=\u00a0\u00bbpreset3&Prime;][et_pb_button button_url=\u00a0\u00bb\/?page_id=2895&Prime; button_text=\u00a0\u00bbP\u00e8lerinages\u00a0\u00bb button_alignment=\u00a0\u00bbleft\u00a0\u00bb admin_label=\u00a0\u00bbPeregrinacions\u00a0\u00bb module_class=\u00a0\u00bbbotonHover\u00a0\u00bb _builder_version=\u00a0\u00bb3.26&Prime; custom_button=\u00a0\u00bbon\u00a0\u00bb button_text_color=\u00a0\u00bb#ffffff\u00a0\u00bb button_bg_color_gradient_start=\u00a0\u00bbrgba(0,0,0,0.75)\u00a0\u00bb button_bg_color_gradient_end=\u00a0\u00bbrgba(0,0,0,0)\u00a0\u00bb button_bg_color_gradient_overlays_image=\u00a0\u00bbon\u00a0\u00bb button_bg_enable_image=\u00a0\u00bboff\u00a0\u00bb button_bg_size=\u00a0\u00bbcontain\u00a0\u00bb button_border_width=\u00a0\u00bb0px\u00a0\u00bb button_border_color=\u00a0\u00bbrgba(0,0,0,0)\u00a0\u00bb button_border_radius=\u00a0\u00bb2px\u00a0\u00bb button_icon=\u00a0\u00bb%%47%%\u00a0\u00bb button_icon_color=\u00a0\u00bb#ffffff\u00a0\u00bb button_text_shadow_style=\u00a0\u00bbpreset1&Prime; custom_margin=\u00a0\u00bb|0px|0px|0px|false|false\u00a0\u00bb custom_padding=\u00a0\u00bb|5px|170px|32px|false|false\u00a0\u00bb animation_style=\u00a0\u00bbzoom\u00a0\u00bb][\/et_pb_button][\/et_pb_column][et_pb_column type=\u00a0\u00bb1_3&Prime; _builder_version=\u00a0\u00bb3.26&Prime; background_image=\u00a0\u00bbhttp:\/\/jacquesleonard.com\/wp-content\/uploads\/2019\/11\/c2c_003_0066.jpg\u00a0\u00bb background_position=\u00a0\u00bbtop_center\u00a0\u00bb box_shadow_style=\u00a0\u00bbpreset3&Prime;][et_pb_button button_url=\u00a0\u00bb\/?page_id=283&Prime; button_text=\u00a0\u00bbRosario Amaya\u00a0\u00bb button_alignment=\u00a0\u00bbleft\u00a0\u00bb admin_label=\u00a0\u00bbRosario Amaya\u00a0\u00bb module_class=\u00a0\u00bbbotonHover\u00a0\u00bb _builder_version=\u00a0\u00bb3.26&Prime; custom_button=\u00a0\u00bbon\u00a0\u00bb button_text_color=\u00a0\u00bb#ffffff\u00a0\u00bb button_bg_enable_image=\u00a0\u00bboff\u00a0\u00bb button_bg_size=\u00a0\u00bbcontain\u00a0\u00bb button_border_color=\u00a0\u00bb#ffffff\u00a0\u00bb button_border_radius=\u00a0\u00bb0px\u00a0\u00bb button_icon=\u00a0\u00bb%%47%%\u00a0\u00bb button_icon_color=\u00a0\u00bb#ffffff\u00a0\u00bb button_text_shadow_style=\u00a0\u00bbpreset1&Prime; custom_margin=\u00a0\u00bb|0px|0px|0px|false|false\u00a0\u00bb custom_padding=\u00a0\u00bb|5px|170px|25px|false|false\u00a0\u00bb animation_style=\u00a0\u00bbzoom\u00a0\u00bb custom_css_main_element=\u00a0\u00bbhover {background:#000;}\u00a0\u00bb][\/et_pb_button][\/et_pb_column][\/et_pb_row][et_pb_row column_structure=\u00a0\u00bb1_3,1_3,1_3&Prime; _builder_version=\u00a0\u00bb3.26&Prime; background_enable_image=\u00a0\u00bboff\u00a0\u00bb][et_pb_column type=\u00a0\u00bb1_3&Prime; _builder_version=\u00a0\u00bb3.26&Prime; background_image=\u00a0\u00bbhttp:\/\/jacquesleonard.com\/wp-content\/uploads\/2019\/11\/C2C_007_006.jpg\u00a0\u00bb box_shadow_style=\u00a0\u00bbpreset3&Prime;][et_pb_button button_url=\u00a0\u00bb\/?page_id=2862&Prime; button_text=\u00a0\u00bbBarcelona\u00a0\u00bb button_alignment=\u00a0\u00bbleft\u00a0\u00bb admin_label=\u00a0\u00bbBarcelona\u00a0\u00bb module_class=\u00a0\u00bbbotonHover\u00a0\u00bb _builder_version=\u00a0\u00bb3.26&Prime; custom_button=\u00a0\u00bbon\u00a0\u00bb button_text_color=\u00a0\u00bb#ffffff\u00a0\u00bb button_bg_enable_image=\u00a0\u00bboff\u00a0\u00bb button_bg_size=\u00a0\u00bbinitial\u00a0\u00bb button_border_color=\u00a0\u00bb#ffffff\u00a0\u00bb button_icon=\u00a0\u00bb%%47%%\u00a0\u00bb button_icon_color=\u00a0\u00bb#ffffff\u00a0\u00bb button_text_shadow_style=\u00a0\u00bbpreset1&Prime; custom_margin=\u00a0\u00bb|-50px|0px|0px|false|false\u00a0\u00bb custom_padding=\u00a0\u00bb|5px|170px|32px|false|false\u00a0\u00bb animation_style=\u00a0\u00bbzoom\u00a0\u00bb][\/et_pb_button][\/et_pb_column][et_pb_column type=\u00a0\u00bb1_3&Prime; _builder_version=\u00a0\u00bb3.26&Prime; background_image=\u00a0\u00bbhttp:\/\/jacquesleonard.com\/wp-content\/uploads\/2019\/12\/C2C_044_224.jpg\u00a0\u00bb box_shadow_style=\u00a0\u00bbpreset3&Prime;][et_pb_button button_url=\u00a0\u00bb\/?page_id=4189&Prime; button_text=\u00a0\u00bbPar\u00eds\u00a0\u00bb button_alignment=\u00a0\u00bbleft\u00a0\u00bb admin_label=\u00a0\u00bbPar\u00eds\u00a0\u00bb module_class=\u00a0\u00bbbotonHover\u00a0\u00bb _builder_version=\u00a0\u00bb3.26&Prime; custom_button=\u00a0\u00bbon\u00a0\u00bb button_text_color=\u00a0\u00bb#ffffff\u00a0\u00bb button_bg_enable_image=\u00a0\u00bboff\u00a0\u00bb button_bg_size=\u00a0\u00bbinitial\u00a0\u00bb button_border_color=\u00a0\u00bb#ffffff\u00a0\u00bb button_icon=\u00a0\u00bb%%47%%\u00a0\u00bb button_icon_color=\u00a0\u00bb#ffffff\u00a0\u00bb button_text_shadow_style=\u00a0\u00bbpreset1&Prime; custom_margin=\u00a0\u00bb|-50px|0px|0px|false|false\u00a0\u00bb custom_padding=\u00a0\u00bb|5px|170px|32px|false|false\u00a0\u00bb animation_style=\u00a0\u00bbzoom\u00a0\u00bb][\/et_pb_button][\/et_pb_column][et_pb_column type=\u00a0\u00bb1_3&Prime; _builder_version=\u00a0\u00bb3.26&Prime; background_image=\u00a0\u00bbhttp:\/\/jacquesleonard.com\/wp-content\/uploads\/2019\/12\/C1_0043_065_18.jpg\u00a0\u00bb box_shadow_style=\u00a0\u00bbpreset3&Prime;][et_pb_button button_url=\u00a0\u00bb\/?page_id=4196&Prime; button_text=\u00a0\u00bbExposition Universelle de Bruxelles\u00a0\u00bb button_alignment=\u00a0\u00bbleft\u00a0\u00bb admin_label=\u00a0\u00bbExposici\u00f3 Universal Brusel\u00b7les\u00a0\u00bb module_class=\u00a0\u00bbbotonHover\u00a0\u00bb _builder_version=\u00a0\u00bb3.26&Prime; custom_button=\u00a0\u00bbon\u00a0\u00bb button_text_color=\u00a0\u00bb#ffffff\u00a0\u00bb button_bg_enable_image=\u00a0\u00bboff\u00a0\u00bb button_bg_size=\u00a0\u00bbinitial\u00a0\u00bb button_border_color=\u00a0\u00bb#ffffff\u00a0\u00bb button_icon=\u00a0\u00bb%%47%%\u00a0\u00bb button_icon_color=\u00a0\u00bb#ffffff\u00a0\u00bb button_text_shadow_style=\u00a0\u00bbpreset1&Prime; custom_margin=\u00a0\u00bb|-50px|0px|0px|false|false\u00a0\u00bb custom_padding=\u00a0\u00bb|5px|170px|32px|false|false\u00a0\u00bb animation_style=\u00a0\u00bbzoom\u00a0\u00bb][\/et_pb_button][\/et_pb_column][\/et_pb_row][et_pb_row column_structure=\u00a0\u00bb1_3,1_3,1_3&Prime; _builder_version=\u00a0\u00bb3.26&Prime; background_enable_image=\u00a0\u00bboff\u00a0\u00bb][et_pb_column type=\u00a0\u00bb1_3&Prime; _builder_version=\u00a0\u00bb3.26&Prime; background_image=\u00a0\u00bbhttp:\/\/jacquesleonard.com\/wp-content\/uploads\/2019\/12\/C2C_043_521-copia-2.jpg\u00a0\u00bb box_shadow_style=\u00a0\u00bbpreset3&Prime;][et_pb_button button_url=\u00a0\u00bb\/?page_id=4205&Prime; button_text=\u00a0\u00bbAutres villes\u00a0\u00bb button_alignment=\u00a0\u00bbleft\u00a0\u00bb admin_label=\u00a0\u00bbAltres ciutats\u00a0\u00bb module_class=\u00a0\u00bbbotonHover\u00a0\u00bb _builder_version=\u00a0\u00bb3.26&Prime; custom_button=\u00a0\u00bbon\u00a0\u00bb button_text_color=\u00a0\u00bb#ffffff\u00a0\u00bb button_bg_enable_image=\u00a0\u00bboff\u00a0\u00bb button_bg_size=\u00a0\u00bbcontain\u00a0\u00bb button_border_color=\u00a0\u00bb#ffffff\u00a0\u00bb button_border_radius=\u00a0\u00bb0px\u00a0\u00bb button_icon=\u00a0\u00bb%%47%%\u00a0\u00bb button_icon_color=\u00a0\u00bb#ffffff\u00a0\u00bb button_text_shadow_style=\u00a0\u00bbpreset1&Prime; custom_margin=\u00a0\u00bb|0px|0px|0px|false|false\u00a0\u00bb custom_padding=\u00a0\u00bb|5px|170px|25px|false|false\u00a0\u00bb animation_style=\u00a0\u00bbzoom\u00a0\u00bb][\/et_pb_button][\/et_pb_column][et_pb_column type=\u00a0\u00bb1_3&Prime; _builder_version=\u00a0\u00bb3.26&Prime; background_image=\u00a0\u00bbhttp:\/\/jacquesleonard.com\/wp-content\/uploads\/2019\/12\/C2C_044_133.jpg\u00a0\u00bb box_shadow_style=\u00a0\u00bbpreset3&Prime;][et_pb_button button_url=\u00a0\u00bb\/?page_id=4168&Prime; button_text=\u00a0\u00bbMenorca\u00a0\u00bb button_alignment=\u00a0\u00bbleft\u00a0\u00bb admin_label=\u00a0\u00bbMenorca\u00a0\u00bb module_class=\u00a0\u00bbbotonHover\u00a0\u00bb _builder_version=\u00a0\u00bb3.26&Prime; custom_button=\u00a0\u00bbon\u00a0\u00bb button_text_color=\u00a0\u00bb#ffffff\u00a0\u00bb button_bg_enable_image=\u00a0\u00bboff\u00a0\u00bb button_bg_size=\u00a0\u00bbcontain\u00a0\u00bb button_border_color=\u00a0\u00bb#ffffff\u00a0\u00bb button_border_radius=\u00a0\u00bb0px\u00a0\u00bb button_icon=\u00a0\u00bb%%47%%\u00a0\u00bb button_icon_color=\u00a0\u00bb#ffffff\u00a0\u00bb button_text_shadow_style=\u00a0\u00bbpreset1&Prime; custom_margin=\u00a0\u00bb|0px|0px|0px|false|false\u00a0\u00bb custom_padding=\u00a0\u00bb|5px|170px|25px|false|false\u00a0\u00bb animation_style=\u00a0\u00bbzoom\u00a0\u00bb][\/et_pb_button][\/et_pb_column][et_pb_column type=\u00a0\u00bb1_3&Prime; _builder_version=\u00a0\u00bb3.26&Prime; background_image=\u00a0\u00bbhttp:\/\/jacquesleonard.com\/wp-content\/uploads\/2019\/12\/C2C_044_331.jpg\u00a0\u00bb box_shadow_style=\u00a0\u00bbpreset3&Prime;][et_pb_button button_url=\u00a0\u00bb\/?page_id=2875&Prime; button_text=\u00a0\u00bbPersonnages\u00a0\u00bb button_alignment=\u00a0\u00bbleft\u00a0\u00bb admin_label=\u00a0\u00bbPersonatges\u00a0\u00bb module_class=\u00a0\u00bbbotonHover\u00a0\u00bb _builder_version=\u00a0\u00bb3.26&Prime; custom_button=\u00a0\u00bbon\u00a0\u00bb button_text_color=\u00a0\u00bb#ffffff\u00a0\u00bb button_bg_enable_image=\u00a0\u00bboff\u00a0\u00bb button_bg_size=\u00a0\u00bbcontain\u00a0\u00bb button_border_color=\u00a0\u00bb#ffffff\u00a0\u00bb button_border_radius=\u00a0\u00bb0px\u00a0\u00bb button_icon=\u00a0\u00bb%%47%%\u00a0\u00bb button_icon_color=\u00a0\u00bb#ffffff\u00a0\u00bb button_text_shadow_style=\u00a0\u00bbpreset1&Prime; custom_margin=\u00a0\u00bb|0px|0px|0px|false|false\u00a0\u00bb custom_padding=\u00a0\u00bb|5px|170px|25px|false|false\u00a0\u00bb animation_style=\u00a0\u00bbzoom\u00a0\u00bb][\/et_pb_button][\/et_pb_column][\/et_pb_row][et_pb_row column_structure=\u00a0\u00bb1_3,1_3,1_3&Prime; _builder_version=\u00a0\u00bb3.26&Prime; background_enable_image=\u00a0\u00bboff\u00a0\u00bb][et_pb_column type=\u00a0\u00bb1_3&Prime; _builder_version=\u00a0\u00bb3.26&Prime; background_image=\u00a0\u00bbhttp:\/\/jacquesleonard.com\/wp-content\/uploads\/2019\/12\/C2C_046_359.jpg\u00a0\u00bb background_position=\u00a0\u00bbbottom_center\u00a0\u00bb box_shadow_style=\u00a0\u00bbpreset3&Prime;][et_pb_button button_url=\u00a0\u00bb\/?page_id=3609&Prime; button_text=\u00a0\u00bbRobert Lamouret et Vicki Ross\u00a0\u00bb button_alignment=\u00a0\u00bbleft\u00a0\u00bb admin_label=\u00a0\u00bbRobert Lamouret i Vicki Ross\u00a0\u00bb module_class=\u00a0\u00bbbotonHover\u00a0\u00bb _builder_version=\u00a0\u00bb3.26&Prime; custom_button=\u00a0\u00bbon\u00a0\u00bb button_text_color=\u00a0\u00bb#ffffff\u00a0\u00bb button_bg_enable_image=\u00a0\u00bboff\u00a0\u00bb button_bg_size=\u00a0\u00bbcontain\u00a0\u00bb button_border_color=\u00a0\u00bb#ffffff\u00a0\u00bb button_border_radius=\u00a0\u00bb0px\u00a0\u00bb button_icon=\u00a0\u00bb%%47%%\u00a0\u00bb button_icon_color=\u00a0\u00bb#ffffff\u00a0\u00bb button_text_shadow_style=\u00a0\u00bbpreset1&Prime; custom_margin=\u00a0\u00bb|0px|0px|0px|false|false\u00a0\u00bb custom_padding=\u00a0\u00bb|5px|170px|25px|false|false\u00a0\u00bb animation_style=\u00a0\u00bbzoom\u00a0\u00bb][\/et_pb_button][\/et_pb_column][et_pb_column type=\u00a0\u00bb1_3&Prime; _builder_version=\u00a0\u00bb3.26&Prime; background_image=\u00a0\u00bbhttp:\/\/jacquesleonard.com\/wp-content\/uploads\/2019\/07\/fotografies3.jpg\u00a0\u00bb box_shadow_style=\u00a0\u00bbpreset3&Prime;][et_pb_button button_url=\u00a0\u00bb\/?page_id=2870&Prime; button_text=\u00a0\u00bb\u00c9vad\u00e9s, 29 d\u00e9cembre 1943&Prime; button_alignment=\u00a0\u00bbleft\u00a0\u00bb admin_label=\u00a0\u00bbEvades\u00a0\u00bb module_class=\u00a0\u00bbbotonHover\u00a0\u00bb _builder_version=\u00a0\u00bb3.26&Prime; custom_button=\u00a0\u00bbon\u00a0\u00bb button_text_color=\u00a0\u00bb#ffffff\u00a0\u00bb button_bg_enable_image=\u00a0\u00bboff\u00a0\u00bb button_bg_size=\u00a0\u00bbcontain\u00a0\u00bb button_border_color=\u00a0\u00bb#ffffff\u00a0\u00bb button_border_radius=\u00a0\u00bb0px\u00a0\u00bb button_icon=\u00a0\u00bb%%47%%\u00a0\u00bb button_icon_color=\u00a0\u00bb#ffffff\u00a0\u00bb button_text_shadow_style=\u00a0\u00bbpreset1&Prime; custom_margin=\u00a0\u00bb|0px|0px|0px|false|false\u00a0\u00bb custom_padding=\u00a0\u00bb|5px|170px|25px|false|false\u00a0\u00bb animation_style=\u00a0\u00bbzoom\u00a0\u00bb][\/et_pb_button][\/et_pb_column][et_pb_column type=\u00a0\u00bb1_3&Prime; _builder_version=\u00a0\u00bb3.26&Prime; background_image=\u00a0\u00bbhttp:\/\/jacquesleonard.com\/wp-content\/uploads\/2019\/12\/1.C2C_006_409.jpg\u00a0\u00bb box_shadow_style=\u00a0\u00bbpreset3&Prime;][et_pb_button button_url=\u00a0\u00bb\/?page_id=3540&Prime; button_text=\u00a0\u00bbDivisi\u00f3n Azul\u00a0\u00bb button_alignment=\u00a0\u00bbleft\u00a0\u00bb admin_label=\u00a0\u00bbDivisi\u00f3n Azul\u00a0\u00bb module_class=\u00a0\u00bbbotonHover\u00a0\u00bb _builder_version=\u00a0\u00bb3.26&Prime; custom_button=\u00a0\u00bbon\u00a0\u00bb button_text_color=\u00a0\u00bb#ffffff\u00a0\u00bb button_bg_color_gradient_start=\u00a0\u00bbrgba(0,0,0,0.75)\u00a0\u00bb button_bg_color_gradient_end=\u00a0\u00bbrgba(0,0,0,0)\u00a0\u00bb button_bg_color_gradient_overlays_image=\u00a0\u00bbon\u00a0\u00bb button_bg_enable_image=\u00a0\u00bboff\u00a0\u00bb button_bg_size=\u00a0\u00bbcontain\u00a0\u00bb button_border_width=\u00a0\u00bb0px\u00a0\u00bb button_border_color=\u00a0\u00bbrgba(0,0,0,0)\u00a0\u00bb button_border_radius=\u00a0\u00bb2px\u00a0\u00bb button_icon=\u00a0\u00bb%%47%%\u00a0\u00bb button_icon_color=\u00a0\u00bb#ffffff\u00a0\u00bb button_text_shadow_style=\u00a0\u00bbpreset1&Prime; custom_margin=\u00a0\u00bb|0px|0px|0px|false|false\u00a0\u00bb custom_padding=\u00a0\u00bb|5px|170px|32px|false|false\u00a0\u00bb animation_style=\u00a0\u00bbzoom\u00a0\u00bb][\/et_pb_button][\/et_pb_column][\/et_pb_row][et_pb_row column_structure=\u00a0\u00bb1_3,1_3,1_3&Prime; _builder_version=\u00a0\u00bb3.26&Prime; background_enable_image=\u00a0\u00bboff\u00a0\u00bb][et_pb_column type=\u00a0\u00bb1_3&Prime; _builder_version=\u00a0\u00bb3.26&Prime; background_enable_image=\u00a0\u00bboff\u00a0\u00bb background_position=\u00a0\u00bbbottom_center\u00a0\u00bb box_shadow_style=\u00a0\u00bbpreset3&Prime;][\/et_pb_column][et_pb_column type=\u00a0\u00bb1_3&Prime; _builder_version=\u00a0\u00bb3.26&Prime; background_image=\u00a0\u00bbhttp:\/\/jacquesleonard.com\/wp-content\/uploads\/2019\/12\/C2C_045_219.jpg\u00a0\u00bb box_shadow_style=\u00a0\u00bbpreset3&Prime;][et_pb_button button_url=\u00a0\u00bb\/?page_id=4173&Prime; button_text=\u00a0\u00bbTauromachie\u00a0\u00bb button_alignment=\u00a0\u00bbleft\u00a0\u00bb admin_label=\u00a0\u00bbTauromaquia\u00a0\u00bb module_class=\u00a0\u00bbbotonHover\u00a0\u00bb _builder_version=\u00a0\u00bb3.26&Prime; custom_button=\u00a0\u00bbon\u00a0\u00bb button_text_color=\u00a0\u00bb#ffffff\u00a0\u00bb button_bg_color_gradient_start=\u00a0\u00bbrgba(0,0,0,0.75)\u00a0\u00bb button_bg_color_gradient_end=\u00a0\u00bbrgba(0,0,0,0)\u00a0\u00bb button_bg_color_gradient_overlays_image=\u00a0\u00bbon\u00a0\u00bb button_bg_enable_image=\u00a0\u00bboff\u00a0\u00bb button_bg_size=\u00a0\u00bbcontain\u00a0\u00bb button_border_width=\u00a0\u00bb0px\u00a0\u00bb button_border_color=\u00a0\u00bbrgba(0,0,0,0)\u00a0\u00bb button_border_radius=\u00a0\u00bb2px\u00a0\u00bb button_icon=\u00a0\u00bb%%47%%\u00a0\u00bb button_icon_color=\u00a0\u00bb#ffffff\u00a0\u00bb button_text_shadow_style=\u00a0\u00bbpreset1&Prime; custom_margin=\u00a0\u00bb|0px|0px|0px|false|false\u00a0\u00bb custom_padding=\u00a0\u00bb|5px|170px|32px|false|false\u00a0\u00bb animation_style=\u00a0\u00bbzoom\u00a0\u00bb][\/et_pb_button][\/et_pb_column][et_pb_column type=\u00a0\u00bb1_3&Prime; _builder_version=\u00a0\u00bb3.26&Prime; background_enable_image=\u00a0\u00bboff\u00a0\u00bb box_shadow_style=\u00a0\u00bbpreset3&Prime;][\/et_pb_column][\/et_pb_row][\/et_pb_section]<\/p>\n","protected":false},"excerpt":{"rendered":"<p>Photos<\/p>\n","protected":false},"author":1,"featured_media":0,"parent":0,"menu_order":0,"comment_status":"closed","ping_status":"closed","template":"","meta":{"_et_pb_use_builder":"on","_et_pb_old_content":"","_et_gb_content_width":"","footnotes":""},"class_list":["post-5061","page","type-page","status-publish","hentry"],"_links":{"self":[{"href":"https:\/\/www.jacquesleonard.com\/fr\/wp-json\/wp\/v2\/pages\/5061","targetHints":{"allow":["GET"]}}],"collection":[{"href":"https:\/\/www.jacquesleonard.com\/fr\/wp-json\/wp\/v2\/pages"}],"about":[{"href":"https:\/\/www.jacquesleonard.com\/fr\/wp-json\/wp\/v2\/types\/page"}],"author":[{"embeddable":true,"href":"https:\/\/www.jacquesleonard.com\/fr\/wp-json\/wp\/v2\/users\/1"}],"replies":[{"embeddable":true,"href":"https:\/\/www.jacquesleonard.com\/fr\/wp-json\/wp\/v2\/comments?post=5061"}],"version-history":[{"count":2,"href":"https:\/\/www.jacquesleonard.com\/fr\/wp-json\/wp\/v2\/pages\/5061\/revisions"}],"predecessor-version":[{"id":5063,"href":"https:\/\/www.jacquesleonard.com\/fr\/wp-json\/wp\/v2\/pages\/5061\/revisions\/5063"}],"wp:attachment":[{"href":"https:\/\/www.jacquesleonard.com\/fr\/wp-json\/wp\/v2\/media?parent=5061"}],"curies":[{"name":"wp","href":"https:\/\/api.w.org\/{rel}","templated":true}]}}