{"id":5064,"date":"2020-06-06T22:12:19","date_gmt":"2020-06-06T20:12:19","guid":{"rendered":"http:\/\/jacquesleonard.com\/politique-de-confidentialite\/"},"modified":"2020-06-06T22:12:20","modified_gmt":"2020-06-06T20:12:20","slug":"politique-de-confidentialite","status":"publish","type":"page","link":"https:\/\/www.jacquesleonard.com\/fr\/politique-de-confidentialite\/","title":{"rendered":"Politique de confidentialit\u00e9"},"content":{"rendered":"<p>[et_pb_section fb_built=\u00a0\u00bb1&Prime; _builder_version=\u00a0\u00bb3.26&Prime;][et_pb_row _builder_version=\u00a0\u00bb3.26&Prime;][et_pb_column type=\u00a0\u00bb4_4&Prime; _builder_version=\u00a0\u00bb3.26&Prime;][et_pb_text _builder_version=\u00a0\u00bb3.26&Prime;]<\/p>\n<h3><strong> POLITIQUE DE CONFIDENTIALIT\u00c9<br \/>\n<\/strong><\/h3>\n<p><strong> Introduction <\/strong><\/p>\n<p>Votre vie priv\u00e9e est importante pour nous, donc \u00e0 travers ce document, nous expliquons quelles donn\u00e9es nous collectons aupr\u00e8s des utilisateurs, comment nous les utilisons et pourquoi, entre autres indications. Les personnes de plus de 14 ans peuvent s&rsquo;inscrire en tant qu&rsquo;utilisateurs sans le consentement pr\u00e9alable de leurs parents, tuteurs ou repr\u00e9sentants l\u00e9gaux. Dans le cas de mineurs de moins de 14 ans ou identifi\u00e9s comme \u00ab\u00a0juridiquement incapables\u00a0\u00bb, nous aurons toujours besoin du consentement parental, ou du tuteur ou du repr\u00e9sentant l\u00e9gal.<\/p>\n<p>Pour votre information, nous ne demanderons jamais plus d&rsquo;informations que nous n&rsquo;en aurons besoin pour les services requis; nous ne les partagerons jamais avec des tiers, sauf par obligation l\u00e9gale ou avec votre autorisation pr\u00e9alable; et nous n&rsquo;utiliserons jamais vos donn\u00e9es \u00e0 d&rsquo;autres fins que celles pr\u00e9c\u00e9demment indiqu\u00e9es.<\/p>\n<p>En tant qu&rsquo;utilisateur, vous devez lire attentivement cette politique de confidentialit\u00e9 r\u00e9guli\u00e8rement et chaque fois que vous saisissez vos donn\u00e9es personnelles, car ce document peut \u00eatre modifi\u00e9 car le fournisseur peut modifier tout type d&rsquo;informations pouvant appara\u00eetre sur le Web pour se conformer \u00e0 la r\u00e9glementation ou mettre \u00e0 jour la politique, et il n&rsquo;y a aucune obligation de pr\u00e9-notifier ou d&rsquo;informer les utilisateurs de ces obligations, la publication sur le site Web du fournisseur \u00e9tant suffisante.<\/p>\n<p><strong> Fundaci\u00f3 Photographic Social Vision <\/strong>, en tant que responsable du site Web, conform\u00e9ment aux dispositions du r\u00e8glement (UE) 2016\/679 du 27 avril 2016 (RGPD), de la loi organique 3\/2018 du 5 du D\u00e9cembre (LOPDGDD) et d&rsquo;autres dispositions l\u00e9gales en vigueur sur la protection des donn\u00e9es personnelles, et par la loi 34\/2002 du 11 juillet sur les services de la soci\u00e9t\u00e9 de l&rsquo;information et du commerce \u00e9lectronique (LSSICE), vous informe que Il a mis en place les mesures de s\u00e9curit\u00e9 n\u00e9cessaires, techniques et organisationnelles, pour garantir et prot\u00e9ger la confidentialit\u00e9, l&rsquo;int\u00e9grit\u00e9 et la disponibilit\u00e9 des donn\u00e9es saisies.<\/p>\n<p><strong> OBJET DU TRAITEMENT <\/strong><\/p>\n<p>Vos donn\u00e9es personnelles ne seront utilis\u00e9es qu&rsquo;aux fins suivantes:<\/p>\n<p>&#8211; Effectuer les d\u00e9marches commerciales et administratives n\u00e9cessaires avec les internautes;<\/p>\n<p>&#8211; Envoyer des communications publicitaires commerciales par e-mail, fax, SMS, MMS, communaut\u00e9s sociales ou tout autre moyen \u00e9lectronique ou physique, au cas o\u00f9 l&rsquo;Utilisateur aurait express\u00e9ment consenti \u00e0 envoyer des communications commerciales par voie \u00e9lectronique en s&rsquo;abonnant \u00e0 la NEWSLETTER;<\/p>\n<p>&#8211; R\u00e9pondre aux requ\u00eates et \/ ou fournir les informations demand\u00e9es par l&rsquo;Utilisateur;<\/p>\n<p>&#8211; Effectuer les services et \/ ou produits contract\u00e9s ou souscrits par l&rsquo;Utilisateur;<\/p>\n<p>&#8211; Utilisez vos donn\u00e9es pour vous contacter, par voie \u00e9lectronique et non \u00e9lectronique, afin d&rsquo;obtenir votre avis sur le service fourni et,<\/p>\n<p>&#8211; Vous informer des changements, des d\u00e9veloppements importants dans la politique de confidentialit\u00e9, les mentions l\u00e9gales ou la politique des cookies.<\/p>\n<p>&#8211; Des profils et une analyse de l&rsquo;utilisabilit\u00e9 seront effectu\u00e9s.<\/p>\n<p>&#8211; Les donn\u00e9es des clients et \/ ou fournisseurs seront trait\u00e9es, dans le cadre de la relation contractuelle qui les lie avec le responsable, dans le respect des obligations administratives, fiscales, comptables et de travail n\u00e9cessaires en vertu de la l\u00e9gislation en vigueur.<\/p>\n<p>Vous pouvez r\u00e9voquer votre consentement \u00e0 tout moment en envoyant une lettre avec le sujet \u00ab\u00a0Low\u00a0\u00bb \u00e0 psv@photographicsocialvision.org.<\/p>\n<p>Selon le LSSICE, <strong> Fundaci\u00f3 Photographic Social Vision <\/strong> n&rsquo;effectue pas de pratiques de SPAM, par cons\u00e9quent, il n&rsquo;envoie pas d&rsquo;e-mails commerciaux qui n&rsquo;ont pas \u00e9t\u00e9 pr\u00e9alablement demand\u00e9s ou autoris\u00e9s par l&rsquo;utilisateur. Par cons\u00e9quent, dans toutes les communications qu&rsquo;il recevra du fournisseur, l&rsquo;utilisateur a la possibilit\u00e9 d&rsquo;annuler son consentement expr\u00e8s de recevoir nos communications.<\/p>\n<p>Nous ne traiterons pas vos donn\u00e9es personnelles \u00e0 d&rsquo;autres fins que celles d\u00e9crites, sauf par obligation l\u00e9gale ou obligation judiciaire.<\/p>\n<p><strong> L\u00c9GITIMATION DU TRAITEMENT <\/strong><\/p>\n<p>La base juridique du traitement des donn\u00e9es est votre consentement accord\u00e9 \u00e0 la r\u00e9alisation des finalit\u00e9s d\u00e9crites ci-dessus, qui vous sera demand\u00e9 au moment de cocher la case correspondante lors de la collecte de vos donn\u00e9es.<\/p>\n<p>Le d\u00e9faut de fournir les donn\u00e9es personnelles demand\u00e9es ou le refus d&rsquo;accepter cette politique de protection des donn\u00e9es signifie qu&rsquo;il est impossible de s&rsquo;abonner, de s&rsquo;enregistrer ou de recevoir des informations sur les produits et services du fournisseur.<\/p>\n<p>Dans les cas o\u00f9 il existe une relation contractuelle pr\u00e9alable entre les parties, la l\u00e9gitimit\u00e9 pour le d\u00e9veloppement des obligations administratives, fiscales, comptables et de travail qui sont n\u00e9cessaires en vertu de la l\u00e9gislation actuelle sera l&rsquo;existence pr\u00e9alable de la relation commerciale \u00e9tablie entre les parties. .<\/p>\n<p><strong> DESTINATAIRES DE CESSIONS OU DE TRANSFERTS <\/strong><\/p>\n<p>Photographic Social Vision Foundation n&rsquo;effectue aucun transfert ou communication de donn\u00e9es sauf en cas de besoin raisonnable de se conformer \u00e0 une proc\u00e9dure judiciaire, \u00e0 une obligation l\u00e9gale ou apr\u00e8s avoir obtenu le consentement de l&rsquo;utilisateur.<\/p>\n<p>Les transferts internationaux de vos donn\u00e9es personnelles ne seront pas non plus effectu\u00e9s sans votre consentement pr\u00e9alable sans pr\u00e9judice de pouvoir bloquer ou annuler votre compte s&rsquo;il peut y avoir des indications de la commission d&rsquo;un crime par l&rsquo;utilisateur. Les informations fournies ne seront disponibles que pour le moment.<\/p>\n<p>Fundaci\u00f3 Photographic Social Vision ne transmettra pas les donn\u00e9es collect\u00e9es \u00e0 des tiers sauf s&rsquo;il existe un besoin raisonnable de se conformer \u00e0 une proc\u00e9dure judiciaire, \u00e0 une obligation l\u00e9gale ou apr\u00e8s avoir obtenu le consentement de l&rsquo;utilisateur.<\/p>\n<p>Les informations que vous nous fournissez via ce site Web et via l&rsquo;application seront h\u00e9berg\u00e9es sur les serveurs de Fundaci\u00f3 Photographic Social Vision, sous contrat avec la soci\u00e9t\u00e9 ____________ (ci-apr\u00e8s, ___) avec NIF ______ et situ\u00e9s \u00e0 _______. Le traitement des donn\u00e9es de ladite entit\u00e9 est r\u00e9gi par un contrat de gestion du traitement entre le prestataire et ladite soci\u00e9t\u00e9. En aucun cas, ce sous-traitant ne sous-traitera des services impliquant un traitement de donn\u00e9es par des tiers sans notre accord pr\u00e9alable.<\/p>\n<p><strong> DROITS DES PERSONNES INT\u00c9RESS\u00c9ES <\/strong><\/p>\n<p>En tant qu&rsquo;utilisateur int\u00e9ress\u00e9, vous pouvez demander l&rsquo;exercice des droits suivants avant de <strong> Fundaci\u00f3 Photographic Social Vision <\/strong> en soumettant une lettre \u00e0 l&rsquo;adresse postale de l&rsquo;en-t\u00eate ou en envoyant un e-mail \u00e0, en indiquant comme Objet: \u00ab\u00a0PROTECTION DES DONN\u00c9ES, EXERCICE RIGHTS \u00bb, et en joignant une photocopie de votre DNI ou tout autre moyen analogue en droit, comme indiqu\u00e9 par la loi.<\/p>\n<p><strong> Droits: <\/strong><\/p>\n<ul>\n<li><strong> Droit d&rsquo;acc\u00e8s: <\/strong> permet \u00e0 l&rsquo;int\u00e9ress\u00e9 de conna\u00eetre et d&rsquo;obtenir des informations sur ses donn\u00e9es personnelles en cours de traitement.<\/li>\n<li><strong> Droit de rectification ou de suppression: <\/strong> vous permet de corriger les erreurs et de modifier les donn\u00e9es qui s&rsquo;av\u00e8rent inexactes ou incompl\u00e8tes.<\/li>\n<li><strong> Droit de r\u00e9tractation: <\/strong> permet la suppression des donn\u00e9es qui s&rsquo;av\u00e8rent insuffisantes ou excessives.<\/li>\n<li><strong> Droit d&rsquo;opposition: <\/strong> le droit de la personne concern\u00e9e de ne pas voir ses donn\u00e9es personnelles trait\u00e9es ou supprim\u00e9es.<\/li>\n<li><strong> Limitation du traitement: <\/strong> implique le marquage des donn\u00e9es personnelles conserv\u00e9es, afin de limiter son traitement futur.<\/li>\n<li><strong> Portabilit\u00e9 des donn\u00e9es: <\/strong> facilitation de l&rsquo;objet de traitement des donn\u00e9es \u00e0 l&rsquo;int\u00e9ress\u00e9, afin qu&rsquo;il puisse les transmettre \u00e0 un autre responsable, sans entraves.<\/li>\n<li><strong> Droit de ne pas \u00eatre soumis \u00e0 des d\u00e9cisions individuelles automatis\u00e9es (y compris le profilage): <\/strong> droit de ne pas \u00eatre soumis \u00e0 une d\u00e9cision bas\u00e9e sur un traitement automatis\u00e9 qui produit des effets ou affecte de mani\u00e8re significative. &lt;\/ li &gt;<\/li>\n<\/ul>\n<p>En tant qu&rsquo;utilisateur, vous avez le droit de retirer le consentement donn\u00e9 \u00e0 tout moment. Le retrait du consentement n&rsquo;affectera pas la l\u00e9galit\u00e9 du traitement effectu\u00e9 avant le retrait du consentement.<\/p>\n<p>Vous avez \u00e9galement le droit de d\u00e9poser une r\u00e9clamation aupr\u00e8s de l&rsquo;autorit\u00e9 de contr\u00f4le si vous pensez que vos droits concernant la protection de vos donn\u00e9es peuvent avoir \u00e9t\u00e9 viol\u00e9s (www.aepd.es).<\/p>\n<p><strong> CONSERVATION DE VOS DONN\u00c9ES <\/strong><\/p>\n<p>Vos donn\u00e9es seront conserv\u00e9es aussi longtemps que durera la relation commerciale avec nous ou que vous exerciez votre droit d&rsquo;annulation ou d&rsquo;opposition, ou de limitation du traitement. Cependant, nous conserverons certaines donn\u00e9es personnelles d&rsquo;identification et de trafic pendant une p\u00e9riode maximale de 2 ans au cas o\u00f9 elles seraient requises par les juges et les tribunaux ou pour engager des actions internes d\u00e9riv\u00e9es d&rsquo;une mauvaise utilisation du site.<\/p>\n<p>Vous ne serez pas soumis \u00e0 des d\u00e9cisions bas\u00e9es sur des traitements automatis\u00e9s qui produisent des effets sur vos donn\u00e9es.<\/p>\n<p><strong> INFORMATIONS SUPPL\u00c9MENTAIRES <\/strong><\/p>\n<p><strong> MESURES DE S\u00c9CURIT\u00c9 <\/strong><\/p>\n<p>Les donn\u00e9es que vous fournissez seront trait\u00e9es de mani\u00e8re confidentielle. Le Prestataire a adopt\u00e9 toutes les mesures techniques et organisationnelles et tous les niveaux de protection n\u00e9cessaires pour garantir la s\u00e9curit\u00e9 du traitement des donn\u00e9es et \u00e9viter leur alt\u00e9ration, perte, vol, traitement ou acc\u00e8s non autoris\u00e9, selon l&rsquo;\u00e9tat de la technologie et nature des donn\u00e9es stock\u00e9es. De m\u00eame, il est \u00e9galement garanti que le traitement et l&rsquo;enregistrement dans les fichiers, programmes, syst\u00e8mes ou \u00e9quipements, locaux et centres sont conformes aux exigences et conditions d&rsquo;int\u00e9grit\u00e9 et de s\u00e9curit\u00e9 \u00e9tablies par la r\u00e9glementation en vigueur.<\/p>\n<p><strong> LANGUE <\/strong><\/p>\n<p>La langue applicable \u00e0 cette politique de confidentialit\u00e9 est l&rsquo;espagnol. Par cons\u00e9quent, en cas de contradiction dans l&rsquo;une des versions fournies dans d&rsquo;autres langues, la version espagnole pr\u00e9vaudra.<\/p>\n<p><strong> INFORMATIONS QUE NOUS RECUEILLONS: <\/strong><\/p>\n<p>Les donn\u00e9es collect\u00e9es par le responsables sont les suivants:<\/p>\n<p>&#8211; Ceux que les utilisateurs fournissent via les diff\u00e9rents services propos\u00e9s sur le site<\/p>\n<p>&#8211; Ceux inclus dans les diff\u00e9rents formulaires fournis sur le site<\/p>\n<p>&#8211; Donn\u00e9es collect\u00e9es via des \u00ab\u00a0cookies\u00a0\u00bb pour am\u00e9liorer l&rsquo;exp\u00e9rience de navigation comme indiqu\u00e9 dans la politique de cookies.<\/p>\n<p>Le refus de fournir les donn\u00e9es obligatoires rendra impossible de r\u00e9pondre \u00e0 la demande sp\u00e9cifique en question. Vous d\u00e9clarez que les informations et donn\u00e9es que vous nous fournissez sont exactes, \u00e0 jour et v\u00e9ridiques. Veuillez, en cas de modification, la communiquer imm\u00e9diatement afin que les informations en cours de traitement soient mises \u00e0 jour \u00e0 tout moment et ne contiennent pas d&rsquo;erreurs.<\/p>\n<p>Si vous contractez le service \/ achetez le produit via notre site Web www.photographicsocialvision.org, nous vous demanderons de nous fournir des informations vous concernant, y compris votre nom, vos coordonn\u00e9es et des informations sur une carte de cr\u00e9dit ou de d\u00e9bit.<\/p>\n<p>Par le biais de cette politique de confidentialit\u00e9, nous vous informons que les photographies qui sont publi\u00e9es sur le Web sont la propri\u00e9t\u00e9 de la <strong> Fundaci\u00f3 Photographic Social Vision <\/strong>, y compris celles des mineurs, dans lesquelles, pour les obtenir, elles sont a obtenu le consentement pr\u00e9alable des parents, tuteurs ou repr\u00e9sentants l\u00e9gaux en signant les formulaires \u00e9tablis \u00e0 cet effet par les centres d&rsquo;accueil des mineurs. Toutefois, les parents, tuteurs ou repr\u00e9sentants de mineurs, en tant que d\u00e9tenteurs de l&rsquo;exercice de leurs droits, et toujours avec une demande \u00e9crite pr\u00e9alable, peuvent indiquer le refus d&rsquo;utiliser l&rsquo;image du mineur; dans ce cas, l&rsquo;image sera pixellis\u00e9e.<\/p>\n<p><strong> R\u00c9SEAUX SOCIAUX <\/strong><\/p>\n<p>Nous vous informons que <strong> Fundaci\u00f3 Photographic Social Vision <\/strong> peut \u00eatre pr\u00e9sent sur les r\u00e9seaux sociaux. Le traitement des donn\u00e9es qui sont effectu\u00e9es des personnes qui deviennent des adeptes sur les r\u00e9seaux sociaux (et \/ ou effectuent tout lien ou action de connexion via les r\u00e9seaux sociaux) sur les pages officielles de <strong> Fundaci\u00f3 Photographic Social Vision <\/strong> sera r\u00e9gie par cette section, ainsi que par les conditions d&rsquo;utilisation, les politiques de confidentialit\u00e9 et les r\u00e8gles d&rsquo;acc\u00e8s qui appartiennent au r\u00e9seau social appropri\u00e9 dans chaque cas et pr\u00e9alablement accept\u00e9es par l&rsquo;utilisateur.<\/p>\n<p>Fundaci\u00f3 Photographic Social Vision traitera vos donn\u00e9es dans le but de g\u00e9rer correctement votre pr\u00e9sence sur le r\u00e9seau social, vous informant des activit\u00e9s, des produits ou des services du fournisseur, ainsi qu&rsquo;\u00e0 toute autre fin permise par la r\u00e9glementation des r\u00e9seaux sociaux.<\/p>\n<p>La publication de contenu est interdite:<\/p>\n<p>&#8211; Qu&rsquo;elles sont pr\u00e9tendument ill\u00e9gales en vertu de r\u00e9glementations nationales, communautaires ou internationales ou qu&rsquo;elles m\u00e8nent des activit\u00e9s pr\u00e9tendument ill\u00e9gales ou enfreignent les principes de bonne foi.<\/p>\n<p>&#8211; Qui violent les droits fondamentaux des personnes, manquent de courtoisie en ligne, d\u00e9rangent ou peuvent g\u00e9n\u00e9rer des opinions n\u00e9gatives sur nos utilisateurs ou des tiers et en g\u00e9n\u00e9ral quel que soit le contenu que la <strong> Fundaci\u00f3 Photographic Social Vision <\/strong> consid\u00e8re inappropri\u00e9.<\/p>\n<p>&#8211; Et en g\u00e9n\u00e9ral qui contreviennent aux principes de l\u00e9galit\u00e9, d&rsquo;honn\u00eatet\u00e9, de responsabilit\u00e9, de protection de la dignit\u00e9 humaine, de protection des mineurs, de protection de l&rsquo;ordre public, de la vie priv\u00e9e, de la protection des consommateurs et des droits de propri\u00e9t\u00e9 intellectuelle et industrielle.<\/p>\n<p>De m\u00eame, Fundaci\u00f3 Photographic Social Vision se r\u00e9serve le droit de retirer, sans pr\u00e9avis du site Web ou du r\u00e9seau social d&rsquo;entreprise, les contenus jug\u00e9s inappropri\u00e9s.<\/p>\n<p>Les communications envoy\u00e9es via les r\u00e9seaux sociaux seront incorpor\u00e9es dans un fichier appartenant \u00e0 Fundaci\u00f3 Photographic Social Vision et peuvent vous envoyer des informations d&rsquo;int\u00e9r\u00eat.<\/p>\n<p>Vous pouvez acc\u00e9der \u00e0 plus d&rsquo;informations, ainsi que consulter les entreprises qui font partie de la <strong> Vision sociale photographique de la Fundaci\u00f3 <\/strong>, via le lien suivant: www.photographicsocialvision.org\/politicadeprivacidad.<\/p>\n<p>Dans tous les cas, si vous envoyez des informations personnelles via le r\u00e9seau social, Fundaci\u00f3 Photographic Social Vision sera exon\u00e9r\u00e9e de toute responsabilit\u00e9 en ce qui concerne les mesures de s\u00e9curit\u00e9 applicables \u00e0 cette plate-forme, et l&rsquo;utilisateur doit consulter celles correspondantes au cas o\u00f9 il voudrait les conna\u00eetre. conditions particuli\u00e8res du r\u00e9seau en question.<\/p>\n<p><strong> EXP\u00c9DITION DE CV <\/strong><\/p>\n<p>Dans le cas o\u00f9 l&rsquo;utilisateur envoie son CV via notre site Internet, nous vous informons que les donn\u00e9es fournies seront trait\u00e9es pour vous faire participer aux processus de s\u00e9lection qui peuvent exister, en effectuant une analyse du profil du candidat afin de s\u00e9lectionner le meilleur candidat pour le poste vacant de responsable. Nous vous informons que c&rsquo;est la seule proc\u00e9dure officielle pour accepter votre CV, donc les CV soumis par une proc\u00e9dure diff\u00e9rente ne seront pas accept\u00e9s.[\/et_pb_text][\/et_pb_column][\/et_pb_row][\/et_pb_section]<\/p>\n","protected":false},"excerpt":{"rendered":"<p>POLITIQUE DE CONFIDENTIALIT\u00c9 Introduction Votre vie priv\u00e9e est importante pour nous, donc \u00e0 travers ce document, nous expliquons quelles donn\u00e9es nous collectons aupr\u00e8s des utilisateurs, comment nous les utilisons et pourquoi, entre autres indications. Les personnes de plus de 14 ans peuvent s&rsquo;inscrire en tant qu&rsquo;utilisateurs sans le consentement pr\u00e9alable de leurs parents, tuteurs ou [&hellip;]<\/p>\n","protected":false},"author":1,"featured_media":0,"parent":0,"menu_order":0,"comment_status":"closed","ping_status":"open","template":"","meta":{"_et_pb_use_builder":"on","_et_pb_old_content":"","_et_gb_content_width":"","footnotes":""},"class_list":["post-5064","page","type-page","status-publish","hentry"],"_links":{"self":[{"href":"https:\/\/www.jacquesleonard.com\/fr\/wp-json\/wp\/v2\/pages\/5064","targetHints":{"allow":["GET"]}}],"collection":[{"href":"https:\/\/www.jacquesleonard.com\/fr\/wp-json\/wp\/v2\/pages"}],"about":[{"href":"https:\/\/www.jacquesleonard.com\/fr\/wp-json\/wp\/v2\/types\/page"}],"author":[{"embeddable":true,"href":"https:\/\/www.jacquesleonard.com\/fr\/wp-json\/wp\/v2\/users\/1"}],"replies":[{"embeddable":true,"href":"https:\/\/www.jacquesleonard.com\/fr\/wp-json\/wp\/v2\/comments?post=5064"}],"version-history":[{"count":1,"href":"https:\/\/www.jacquesleonard.com\/fr\/wp-json\/wp\/v2\/pages\/5064\/revisions"}],"predecessor-version":[{"id":5065,"href":"https:\/\/www.jacquesleonard.com\/fr\/wp-json\/wp\/v2\/pages\/5064\/revisions\/5065"}],"wp:attachment":[{"href":"https:\/\/www.jacquesleonard.com\/fr\/wp-json\/wp\/v2\/media?parent=5064"}],"curies":[{"name":"wp","href":"https:\/\/api.w.org\/{rel}","templated":true}]}}